{"id":2362,"date":"2025-10-08T17:26:44","date_gmt":"2025-10-08T17:26:44","guid":{"rendered":"https:\/\/africaalliance.ipas.org\/blog\/"},"modified":"2026-04-23T18:52:26","modified_gmt":"2026-04-23T18:52:26","slug":"blog","status":"publish","type":"page","link":"https:\/\/africaalliance.ipas.org\/fr\/blog\/","title":{"rendered":"Blog"},"content":{"rendered":"<p>[et_pb_section fb_built=\u00a0\u00bb1&Prime; module_id=\u00a0\u00bbsyst\u00e8me de sant\u00e9\u00a0\u00bb _builder_version=\u00a0\u00bb4.21.0&Prime; background_enable_image=\u00a0\u00bboff\u00a0\u00bb custom_padding=\u00a0\u00bb||4px|||\u00a0\u00bb global_colors_info=\u00a0\u00bb{}\u00a0\u00bb][et_pb_row _builder_version=\u00a0\u00bb4.27.4&Prime; _module_preset=\u00a0\u00bbdefault\u00a0\u00bb custom_margin=\u00a0\u00bb0px||||false|false\u00a0\u00bb custom_padding=\u00a0\u00bb0px||||false|false\u00a0\u00bb global_colors_info=\u00a0\u00bb{}\u00a0\u00bb][et_pb_column type=\u00a0\u00bb4_4&Prime; _builder_version=\u00a0\u00bb4.27.4&Prime; _module_preset=\u00a0\u00bbdefault\u00a0\u00bb global_colors_info=\u00a0\u00bb{}\u00a0\u00bb][toolset_divi_view toolset_view=\u00a0\u00bbblog\u00a0\u00bb _builder_version=\u00a0\u00bb4.27.6&Prime; _module_preset=\u00a0\u00bbdefault\u00a0\u00bb global_colors_info=\u00a0\u00bb{}\u00a0\u00bb][\/toolset_divi_view][\/et_pb_column][\/et_pb_row][\/et_pb_section]<\/p>\n","protected":false},"excerpt":{"rendered":"<div class=\"et_pb_module toolset_divi_view toolset_divi_view_0\">\n\t\t\t\t\n\t\t\t\t\n\t\t\t\t\n\t\t\t\t\n\t\t\t\t\n\t\t\t\t\n\t\t\t\t<div class=\"et_pb_module_inner\">\n\t\t\t\t\t\n\n\n\n<div id=\"wpv-view-layout-2273\" class=\"js-wpv-view-layout js-wpv-layout-responsive js-wpv-view-layout-2273\" data-viewnumber=\"2273\" data-pagination=\"{&quot;id&quot;:2273,&quot;query&quot;:&quot;normal&quot;,&quot;type&quot;:&quot;disabled&quot;,&quot;effect&quot;:&quot;fade&quot;,&quot;duration&quot;:500,&quot;speed&quot;:5,&quot;pause_on_hover&quot;:&quot;enabled&quot;,&quot;stop_rollover&quot;:&quot;false&quot;,&quot;cache_pages&quot;:&quot;enabled&quot;,&quot;preload_images&quot;:&quot;enabled&quot;,&quot;preload_pages&quot;:&quot;enabled&quot;,&quot;preload_reach&quot;:1,&quot;spinner&quot;:&quot;builtin&quot;,&quot;spinner_image&quot;:&quot;https:\/\/africaalliance.ipas.org\/wp-content\/plugins\/toolset-blocks\/embedded\/res\/img\/ajax-loader.gif&quot;,&quot;callback_next&quot;:&quot;&quot;,&quot;manage_history&quot;:&quot;enabled&quot;,&quot;has_controls_in_form&quot;:&quot;disabled&quot;,&quot;infinite_tolerance&quot;:&quot;0&quot;,&quot;max_pages&quot;:0,&quot;page&quot;:1,&quot;base_permalink&quot;:&quot;\/fr\/wp-json\/wp\/v2\/pages\/2362?wpv_view_count=2273&amp;wpv_paged=WPV_PAGE_NUM&quot;,&quot;loop&quot;:{&quot;type&quot;:&quot;&quot;,&quot;name&quot;:&quot;&quot;,&quot;data&quot;:[],&quot;id&quot;:0}}\" data-permalink=\"\/fr\/wp-json\/wp\/v2\/pages\/2362?wpv_view_count=2273\">\n\n\t\n<div class=\"blog-external-container\">\n\t\n\t\t\n\t\t\n<div class=\"blog-container\">\n\n  \n  \n  <div class=\"newsletter-image\"><img loading=\"lazy\" decoding=\"async\" width=\"2560\" height=\"1707\" src=\"https:\/\/africaalliance.ipas.org\/wp-content\/uploads\/2026\/04\/Njuri-Ncheke-Photo-scaled.jpg\" class=\"attachment-full size-full wp-post-image\" alt=\"Group of individuals standing outside\" srcset=\"https:\/\/africaalliance.ipas.org\/wp-content\/uploads\/2026\/04\/Njuri-Ncheke-Photo-scaled.jpg 2560w, https:\/\/africaalliance.ipas.org\/wp-content\/uploads\/2026\/04\/Njuri-Ncheke-Photo-1280x854.jpg 1280w, https:\/\/africaalliance.ipas.org\/wp-content\/uploads\/2026\/04\/Njuri-Ncheke-Photo-980x653.jpg 980w, https:\/\/africaalliance.ipas.org\/wp-content\/uploads\/2026\/04\/Njuri-Ncheke-Photo-480x320.jpg 480w\" sizes=\"(min-width: 0px) and (max-width: 480px) 480px, (min-width: 481px) and (max-width: 980px) 980px, (min-width: 981px) and (max-width: 1280px) 1280px, (min-width: 1281px) 2560px, 100vw\" \/><\/div>\n  <div class=\"news-title\">Des gardiens de la culture aux champions de la sant\u00e9 g\u00e9n\u00e9sique : Les anciens de Meru prennent position<\/div>\n  <div class=\"news-date-view\">20\/04\/26<\/div>\n  <div class=\"news-description\"><p>Njuri Ncheke, le conseil traditionnel supr\u00eame des anciens de la communaut\u00e9 Ameru du Kenya, \u00e9tend son r\u00f4le d&rsquo;organe culturel, administratif et judiciaire \u00e0 celui de d\u00e9fenseur de la justice en mati\u00e8re de procr\u00e9ation pour les g\u00e9n\u00e9rations actuelles et futures.<\/p>\n<\/div>\n  <div class=\"button-link\">\n      \n     <a href=\"https:\/\/africaalliance.ipas.org\/fr\/des-gardiens-de-la-culture-aux-champions-de-la-sante-genesique-les-anciens-de-meru-prennent-position\/\">Read more<\/a>\n  <\/div><\/div>\n\t\n\t\t\n<div class=\"blog-container\">\n\n  \n  \n  <div class=\"newsletter-image\"><\/div>\n  <div class=\"news-title\">Au-del\u00e0 de l&rsquo;alli\u00e9 performatif : Quel r\u00f4le pour les hommes dans la promotion des droits des femmes ?<\/div>\n  <div class=\"news-date-view\">08\/10\/25<\/div>\n  <div class=\"news-description\"><p>La lutte pour les droits des femmes et l&rsquo;\u00e9galit\u00e9 des sexes se trouve \u00e0 un moment critique en 2025, 30 ans apr\u00e8s la conf\u00e9rence de P\u00e9kin sur les droits des femmes. La r\u00e9surgence mondiale du patriarcat et les changements politiques qui r\u00e9tablissent des politiques restrictives en mati\u00e8re de sant\u00e9 g\u00e9n\u00e9sique signalent une tendance dangereuse qui menace les progr\u00e8s durement acquis en mati\u00e8re d&rsquo;\u00e9galit\u00e9 des sexes et de droits des femmes partout dans le monde. <\/p>\n<\/div>\n  <div class=\"button-link\">\n      \n     <a href=\"https:\/\/africaalliance.ipas.org\/fr\/au-dela-de-lallie-performatif-quel-role-pour-les-hommes-dans-la-promotion-des-droits-des-femmes\/\">Read more<\/a>\n  <\/div><\/div>\n\t\n\t\t\n<div class=\"blog-container\">\n\n  \n  \n  <div class=\"newsletter-image\"><\/div>\n  <div class=\"news-title\">En Somalie, Ipas et ses partenaires \u00e9laborent une feuille de route pour transformer la sant\u00e9 g\u00e9n\u00e9sique<\/div>\n  <div class=\"news-date-view\">09\/05\/25<\/div>\n  <div class=\"news-description\"><p>En mars 2025, un large \u00e9ventail d&rsquo;acteurs cl\u00e9s s&rsquo;est r\u00e9uni \u00e0 Mogadiscio, en Somalie, pour discuter de la mani\u00e8re de construire un \u00e9cosyst\u00e8me durable pour les soins de sant\u00e9 maternelle et reproductive. Une feuille de route strat\u00e9gique a \u00e9merg\u00e9 de cet \u00e9v\u00e9nement de plusieurs jours, ainsi qu&rsquo;un engagement commun des parties prenantes \u00e0 mettre en \u0153uvre le plan et \u00e0 transformer le paysage de la sant\u00e9 maternelle et reproductive du pays. <\/p>\n<\/div>\n  <div class=\"button-link\">\n      \n     <a href=\"https:\/\/africaalliance.ipas.org\/fr\/en-somalie-ipas-et-ses-partenaires-elaborent-une-feuille-de-route-pour-transformer-la-sante-genesique\/\">Read more<\/a>\n  <\/div><\/div>\n\t\n\t\t\n<div class=\"blog-container\">\n\n  \n  \n  <div class=\"newsletter-image\"><\/div>\n  <div class=\"news-title\">Rompre le silence sur la sant\u00e9 et les droits sexuels et reproductifs des adolescents en faisant entendre la voix des communaut\u00e9s<\/div>\n  <div class=\"news-date-view\">07\/05\/25<\/div>\n  <div class=\"news-description\"><p>Au Kenya, les adolescents se trouvent \u00e0 un carrefour critique, confront\u00e9s \u00e0 ce que l&rsquo;on a appel\u00e9 \u00e0 juste titre la \u00ab\u00a0triple menace\u00a0\u00bb : les nouvelles infections par le VIH, la violence sexuelle et sexiste (SGBV) et les grossesses pr\u00e9coces. Chacun de ces d\u00e9fis constitue \u00e0 lui seul un obstacle important \u00e0 la sant\u00e9, \u00e0 la s\u00e9curit\u00e9 et au potentiel des jeunes. Ensemble, leur intersection cr\u00e9e un dangereux r\u00e9seau de vuln\u00e9rabilit\u00e9s qui menace de faire d\u00e9railler une g\u00e9n\u00e9ration enti\u00e8re.    <\/p>\n<\/div>\n  <div class=\"button-link\">\n      \n     <a href=\"https:\/\/africaalliance.ipas.org\/fr\/rompre-le-silence-sur-la-sante-et-les-droits-sexuels-et-reproductifs-des-adolescents-en-faisant-entendre-la-voix-des-communautes\/\">Read more<\/a>\n  <\/div><\/div>\n\t\n\t\t\n<div class=\"blog-container\">\n\n  \n  \n  <div class=\"newsletter-image\"><\/div>\n  <div class=\"news-title\">Comment ce b\u00e9n\u00e9ficiaire du Fonds de collaboration Ipas s&rsquo;efforce de mettre fin \u00e0 la pauvret\u00e9 p\u00e9riodique dans les zones rurales du Kenya.<\/div>\n  <div class=\"news-date-view\">29\/04\/25<\/div>\n  <div class=\"news-description\"><p>La pauvret\u00e9 menstruelle reste un probl\u00e8me pressant au Kenya, affectant de mani\u00e8re disproportionn\u00e9e les adolescentes des zones rurales. Selon une \u00e9tude du minist\u00e8re de la sant\u00e9, 54 % des filles kenyanes ont du mal \u00e0 acc\u00e9der aux produits de gestion de la sant\u00e9 menstruelle (MHM) et 65 % n&rsquo;ont toujours pas d&rsquo;acc\u00e8s durable \u00e0 des produits menstruels s\u00fbrs. Cette crise compromet leur \u00e9ducation, les expose \u00e0 des mariages pr\u00e9coces et perp\u00e9tue le cycle de la pauvret\u00e9.  <\/p>\n<\/div>\n  <div class=\"button-link\">\n      \n     <a href=\"https:\/\/africaalliance.ipas.org\/fr\/comment-ce-beneficiaire-du-fonds-de-collaboration-ipas-sefforce-de-mettre-fin-a-la-pauvrete-periodique-dans-les-zones-rurales-du-kenya\/\">Read more<\/a>\n  <\/div><\/div>\n\t\n\t\t\n<div class=\"blog-container\">\n\n  \n  \n  <div class=\"newsletter-image\"><\/div>\n  <div class=\"news-title\">Une initiative kenyane qui transforme la prestation des services d&rsquo;avortement m\u00e9dicalis\u00e9<\/div>\n  <div class=\"news-date-view\">06\/11\/24<\/div>\n  <div class=\"news-description\"><p>Au c\u0153ur du Kenya, du centre urbain anim\u00e9 de Kiambu aux paysages ruraux de Kakamega, une r\u00e9volution tranquille dans la fourniture de services d&rsquo;avortement m\u00e9dicalis\u00e9 (\u00e9galement connu sous le nom d&rsquo;avortement par pilules) est en train de se produire gr\u00e2ce au projet MASU (Medical Abortion Self Use &#8211; Auto-utilisation de l&rsquo;avortement m\u00e9dicalis\u00e9).<\/p>\n<\/div>\n  <div class=\"button-link\">\n      \n     <a href=\"https:\/\/africaalliance.ipas.org\/fr\/une-initiative-kenyane-qui-transforme-la-prestation-des-services-davortement-medicalise\/\">Read more<\/a>\n  <\/div><\/div>\n\t\n  \n<\/div>\n\t\n\t\n<\/div>\n\n\t\t\t\t<\/div>\n\t\t\t<\/div>\n","protected":false},"author":2,"featured_media":0,"parent":0,"menu_order":0,"comment_status":"closed","ping_status":"closed","template":"","meta":{"_et_pb_use_builder":"on","_et_pb_old_content":"","_et_gb_content_width":"","inline_featured_image":false,"footnotes":""},"class_list":["post-2362","page","type-page","status-publish","hentry"],"_links":{"self":[{"href":"https:\/\/africaalliance.ipas.org\/fr\/wp-json\/wp\/v2\/pages\/2362","targetHints":{"allow":["GET"]}}],"collection":[{"href":"https:\/\/africaalliance.ipas.org\/fr\/wp-json\/wp\/v2\/pages"}],"about":[{"href":"https:\/\/africaalliance.ipas.org\/fr\/wp-json\/wp\/v2\/types\/page"}],"author":[{"embeddable":true,"href":"https:\/\/africaalliance.ipas.org\/fr\/wp-json\/wp\/v2\/users\/2"}],"replies":[{"embeddable":true,"href":"https:\/\/africaalliance.ipas.org\/fr\/wp-json\/wp\/v2\/comments?post=2362"}],"version-history":[{"count":0,"href":"https:\/\/africaalliance.ipas.org\/fr\/wp-json\/wp\/v2\/pages\/2362\/revisions"}],"wp:attachment":[{"href":"https:\/\/africaalliance.ipas.org\/fr\/wp-json\/wp\/v2\/media?parent=2362"}],"curies":[{"name":"wp","href":"https:\/\/api.w.org\/{rel}","templated":true}]}}