{"id":2120,"date":"2025-03-11T15:13:35","date_gmt":"2025-03-11T15:13:35","guid":{"rendered":"https:\/\/africaalliance.ipas.org\/ou-nous-travaillons\/ouganda\/"},"modified":"2025-03-11T19:29:07","modified_gmt":"2025-03-11T19:29:07","slug":"ouganda","status":"publish","type":"page","link":"https:\/\/africaalliance.ipas.org\/fr\/ou-nous-travaillons\/ouganda\/","title":{"rendered":"Ouganda"},"content":{"rendered":"<p>[et_pb_section fb_built=\u00a0\u00bb1&Prime; admin_label=\u00a0\u00bbUganda Section\u00a0\u00bb module_id=\u00a0\u00bbOuganda\u00a0\u00bb _builder_version=\u00a0\u00bb4.27.4&Prime; _module_preset=\u00a0\u00bbdefault\u00a0\u00bb background_color=\u00a0\u00bbrgba(46,56,86,0.2)\u00a0\u00bb background_enable_image=\u00a0\u00bboff\u00a0\u00bb background_size=\u00a0\u00bbinitial\u00a0\u00bb background_repeat=\u00a0\u00bbrepeat\u00a0\u00bb module_alignment=\u00a0\u00bbcenter\u00a0\u00bb custom_margin_tablet=\u00a0\u00bb0px||0px||false|false\u00a0\u00bb custom_margin_phone=\u00a0\u00bb0px||0px||false|false\u00a0\u00bb custom_margin_last_edited=\u00a0\u00bbon|phone\u00a0\u00bb custom_padding=\u00a0\u00bb0px|11px|0px||false|false\u00a0\u00bb hover_enabled=\u00a0\u00bb0&Prime; locked=\u00a0\u00bboff\u00a0\u00bb global_colors_info=\u00a0\u00bb{}\u00a0\u00bb sticky_enabled=\u00a0\u00bb0&Prime;][et_pb_row column_structure=\u00a0\u00bb1_2,1_2&Prime; make_equal=\u00a0\u00bbon\u00a0\u00bb _builder_version=\u00a0\u00bb4.27.4&Prime; _module_preset=\u00a0\u00bb_initial\u00a0\u00bb hover_enabled=\u00a0\u00bb0&Prime; global_colors_info=\u00a0\u00bb{}\u00a0\u00bb sticky_enabled=\u00a0\u00bb0&Prime;][et_pb_column type=\u00a0\u00bb1_2&Prime; _builder_version=\u00a0\u00bb4.16&Prime; _module_preset=\u00a0\u00bbdefault\u00a0\u00bb global_colors_info=\u00a0\u00bb{}\u00a0\u00bb][et_pb_text admin_label=\u00a0\u00bbUganda Intro\u00a0\u00bb _builder_version=\u00a0\u00bb4.27.4&Prime; _module_preset=\u00a0\u00bb_initial\u00a0\u00bb text_font=\u00a0\u00bb&#8211;et_global_body_font||||||||\u00a0\u00bb text_text_color=\u00a0\u00bb#2E3856&Prime; header_text_color=\u00a0\u00bb#F47B20&Prime; header_2_font=\u00a0\u00bbABCWhyteInktrap-HEAVY|800|||||||\u00a0\u00bb header_2_text_color=\u00a0\u00bb#F15A29&Prime; header_2_font_size=\u00a0\u00bb60px\u00a0\u00bb transform_scale_tablet=\u00a0\u00bb\u00a0\u00bb transform_scale_phone=\u00a0\u00bb\u00a0\u00bb transform_scale_last_edited=\u00a0\u00bbon|desktop\u00a0\u00bb transform_translate_tablet=\u00a0\u00bb\u00a0\u00bb transform_translate_phone=\u00a0\u00bb\u00a0\u00bb transform_translate_last_edited=\u00a0\u00bbon|desktop\u00a0\u00bb transform_rotate_tablet=\u00a0\u00bb\u00a0\u00bb transform_rotate_phone=\u00a0\u00bb\u00a0\u00bb transform_rotate_last_edited=\u00a0\u00bbon|desktop\u00a0\u00bb transform_skew_tablet=\u00a0\u00bb\u00a0\u00bb transform_skew_phone=\u00a0\u00bb\u00a0\u00bb transform_skew_last_edited=\u00a0\u00bbon|desktop\u00a0\u00bb transform_origin_tablet=\u00a0\u00bb\u00a0\u00bb transform_origin_phone=\u00a0\u00bb\u00a0\u00bb transform_origin_last_edited=\u00a0\u00bbon|desktop\u00a0\u00bb header_2_font_size_tablet=\u00a0\u00bb40px\u00a0\u00bb header_2_font_size_phone=\u00a0\u00bb24px\u00a0\u00bb global_colors_info=\u00a0\u00bb{}\u00a0\u00bb]<\/p>\n<h3>Fiche d&rsquo;information sur la sant\u00e9 maternelle<\/h3>\n<p>Selon le rapport d&rsquo;activit\u00e9 2021 sur les objectifs de d\u00e9veloppement durable (ODD), l&rsquo;Ouganda progresse dans la r\u00e9alisation de l&rsquo;ODD 3, dont l&rsquo;objectif majeur est de r\u00e9duire l&rsquo;incidence de la mortalit\u00e9 maternelle \u00e0 70 pour 100 000 naissances vivantes d&rsquo;ici 2030. Le TMM (taux de mortalit\u00e9 maternelle) a remarquablement diminu\u00e9, passant de 336 d\u00e9c\u00e8s pour 100 000 naissances vivantes (UDHS 2016) \u00e0 189 d\u00e9c\u00e8s pour 100 000 naissances vivantes (UDHS 2022), ce qui repr\u00e9sente une baisse globale de 44 % des incidences de la mortalit\u00e9 maternelle. Cette r\u00e9duction est attribu\u00e9e \u00e0 la mise en \u0153uvre d&rsquo;interventions \u00e0 fort impact en faveur de la maternit\u00e9 sans risque, notamment les soins obst\u00e9triques d&rsquo;urgence.  <\/p>\n<p>Bien que l&rsquo;incidence de la mortalit\u00e9 maternelle ait diminu\u00e9, l&rsquo;Ouganda n&rsquo;a toujours pas atteint l&rsquo;objectif fix\u00e9 pour 2030, les h\u00e9morragies restant la principale cause de mortalit\u00e9 maternelle (61 %), suivies par les troubles hypertensifs (21 %) et les avortements pratiqu\u00e9s dans des conditions dangereuses (8 %) (enqu\u00eate d\u00e9mographique et sanitaire de 2022). Le gouvernement et les partenaires de d\u00e9veloppement doivent donc investir massivement dans la sant\u00e9 sexuelle et g\u00e9n\u00e9sique afin d&rsquo;\u00e9viter une mortalit\u00e9 maternelle toujours \u00e9lev\u00e9e. <span data-ccp-props=\"{\"134233117\":false,\"134233118\":false,\"201341983\":0,\"335551550\":6,\"335551620\":6,\"335559738\":0,\"335559739\":0,\"335559740\":278}\"> <\/span><\/p>\n<p><span data-contrast=\"auto\">Ipas Ouganda, par le biais du projet Actuate, collabore avec le minist\u00e8re de la sant\u00e9 pour r\u00e9duire la mortalit\u00e9 et la morbidit\u00e9 maternelles \u00e9vitables dues aux avortements pratiqu\u00e9s dans des conditions dangereuses et pour promouvoir la maternit\u00e9 sans risque en renfor\u00e7ant les capacit\u00e9s des travailleurs de la sant\u00e9 \u00e0 fournir des services d&rsquo;avortement sans risque, des services de soins post-avortement et des produits de sant\u00e9 sexuelle et g\u00e9n\u00e9sique, afin de compl\u00e9ter les efforts du gouvernement ougandais visant \u00e0 rendre les services essentiels accessibles. Am\u00e9lioration des infrastructures dans 36 \u00e9tablissements de sant\u00e9 dans nos 12 districts d&rsquo;intervention afin d&rsquo;am\u00e9liorer la qualit\u00e9 des soins pour les femmes et les jeunes filles. <\/span><\/p>\n<p>[\/et_pb_text][\/et_pb_column][et_pb_column type=\u00a0\u00bb1_2&Prime; _builder_version=\u00a0\u00bb4.27.0&Prime; _module_preset=\u00a0\u00bbdefault\u00a0\u00bb background_enable_image=\u00a0\u00bboff\u00a0\u00bb background_size=\u00a0\u00bbcontain\u00a0\u00bb global_colors_info=\u00a0\u00bb{}\u00a0\u00bb][et_pb_text admin_label=\u00a0\u00bbUganda Map\u00a0\u00bb _builder_version=\u00a0\u00bb4.27.0&Prime; _module_preset=\u00a0\u00bbdefault\u00a0\u00bb global_colors_info=\u00a0\u00bb{}\u00a0\u00bb]<\/p>\n<div class=\"map_wrapper\" id=\"map_wrapper_844\">\n<div class=\"map_box\" style=\"max-width:2000px\">\n<div class=\"map_aspect_ratio\" style=\"padding-top:80%\" data-padding-top=\"80%\" data-padding-top-mobile=\"0%\">\n<div class=\"map_container\">\n<div class=\"map_render map_loading\" id=\"map_844\"><\/div>\n<\/div>\n<\/div>\n<\/div>\n<\/div>\n<p>[\/et_pb_text][et_pb_text _builder_version=\u00a0\u00bb4.27.2&Prime; _module_preset=\u00a0\u00bbdefault\u00a0\u00bb text_font=\u00a0\u00bb&#8211;et_global_body_font||||||||\u00a0\u00bb text_text_color=\u00a0\u00bb#2E3856&Prime; header_text_color=\u00a0\u00bb#F47B20&Prime; header_2_font=\u00a0\u00bbABCWhyteInktrap-HEAVY|800|||||||\u00a0\u00bb header_2_text_color=\u00a0\u00bb#F15A29&Prime; header_2_font_size=\u00a0\u00bb60px\u00a0\u00bb header_2_font_size_tablet=\u00a0\u00bb40px\u00a0\u00bb header_2_font_size_phone=\u00a0\u00bb24px\u00a0\u00bb global_colors_info=\u00a0\u00bb{}\u00a0\u00bb]<\/p>\n<p>Les programmes d&rsquo;Ipas Ouganda soutiennent les organisations communautaires pour cr\u00e9er une demande globale de services de sant\u00e9 sexuelle et reproductive. En outre, Ipas est un membre solide du mouvement SRHR en Ouganda et de la Coalition to Stop Maternal Mortalities Due to Unsafe abortions (CSMMUA) et coordonne une communaut\u00e9 de pratique (COP) de d\u00e9fenseurs des prestataires qui non seulement utilisent leurs r\u00e9alit\u00e9s et exp\u00e9riences v\u00e9cues pour plaider en faveur d&rsquo;un environnement SRHR favorable, mais fournissent \u00e9galement des services conviviaux et r\u00e9actifs \u00e0 la population ougandaise sans discrimination. Ipas travaille \u00e9galement avec les minist\u00e8res et les agences gouvernementales en Ouganda, tant au niveau national qu&rsquo;infranational, afin d&rsquo;am\u00e9liorer l&rsquo;environnement juridique et politique favorable \u00e0 la fourniture de services de sant\u00e9 sexuelle et reproductive et \u00e0 la mise en place de syst\u00e8mes de sant\u00e9 r\u00e9silients et durables. Dans le cadre de ces collaborations, nous tirons parti des ressources et de l&rsquo;expertise de chacun pour faire avancer notre vision commune.   <\/p>\n<p>[\/et_pb_text][\/et_pb_column][\/et_pb_row][\/et_pb_section]<\/p>\n","protected":false},"excerpt":{"rendered":"<p>Fiche d&rsquo;information sur la sant\u00e9 maternelle Selon le rapport d&rsquo;activit\u00e9 2021 sur les objectifs de d\u00e9veloppement durable (ODD), l&rsquo;Ouganda progresse dans la r\u00e9alisation de l&rsquo;ODD 3, dont l&rsquo;objectif majeur est de r\u00e9duire l&rsquo;incidence de la mortalit\u00e9 maternelle \u00e0 70 pour 100 000 naissances vivantes d&rsquo;ici 2030. Le TMM (taux de mortalit\u00e9 maternelle) a remarquablement diminu\u00e9, passant de 336 d\u00e9c\u00e8s pour 100 000 naissances vivantes (UDHS 2016) \u00e0 189 d\u00e9c\u00e8s pour 100 000 naissances vivantes (UDHS 2022), ce qui repr\u00e9sente une baisse globale de 44 % des incidences de la mortalit\u00e9 maternelle. Cette r\u00e9duction est attribu\u00e9e \u00e0 la mise en \u0153uvre d&rsquo;interventions \u00e0 fort impact en faveur de la maternit\u00e9 sans risque, notamment les soins obst\u00e9triques d&rsquo;urgence. Bien que l&rsquo;incidence de la mortalit\u00e9 maternelle ait diminu\u00e9, l&rsquo;Ouganda n&rsquo;a toujours pas atteint l&rsquo;objectif fix\u00e9 pour 2030, les h\u00e9morragies restant la principale cause de mortalit\u00e9 maternelle (61 %), suivies par les troubles hypertensifs (21 %) et les avortements pratiqu\u00e9s dans des conditions dangereuses (8 %) (enqu\u00eate d\u00e9mographique et sanitaire de 2022). Le gouvernement et les partenaires de d\u00e9veloppement doivent donc investir massivement dans la sant\u00e9 sexuelle et g\u00e9n\u00e9sique afin d&rsquo;\u00e9viter une mortalit\u00e9 maternelle toujours \u00e9lev\u00e9e. Ipas Ouganda, par le biais du projet Actuate, [&hellip;]<\/p>\n","protected":false},"author":2,"featured_media":0,"parent":1911,"menu_order":0,"comment_status":"closed","ping_status":"closed","template":"","meta":{"_et_pb_use_builder":"on","_et_pb_old_content":"","_et_gb_content_width":"","inline_featured_image":false,"footnotes":""},"class_list":["post-2120","page","type-page","status-publish","hentry"],"_links":{"self":[{"href":"https:\/\/africaalliance.ipas.org\/fr\/wp-json\/wp\/v2\/pages\/2120","targetHints":{"allow":["GET"]}}],"collection":[{"href":"https:\/\/africaalliance.ipas.org\/fr\/wp-json\/wp\/v2\/pages"}],"about":[{"href":"https:\/\/africaalliance.ipas.org\/fr\/wp-json\/wp\/v2\/types\/page"}],"author":[{"embeddable":true,"href":"https:\/\/africaalliance.ipas.org\/fr\/wp-json\/wp\/v2\/users\/2"}],"replies":[{"embeddable":true,"href":"https:\/\/africaalliance.ipas.org\/fr\/wp-json\/wp\/v2\/comments?post=2120"}],"version-history":[{"count":0,"href":"https:\/\/africaalliance.ipas.org\/fr\/wp-json\/wp\/v2\/pages\/2120\/revisions"}],"up":[{"embeddable":true,"href":"https:\/\/africaalliance.ipas.org\/fr\/wp-json\/wp\/v2\/pages\/1911"}],"wp:attachment":[{"href":"https:\/\/africaalliance.ipas.org\/fr\/wp-json\/wp\/v2\/media?parent=2120"}],"curies":[{"name":"wp","href":"https:\/\/api.w.org\/{rel}","templated":true}]}}