{"id":2116,"date":"2025-03-11T15:11:22","date_gmt":"2025-03-11T15:11:22","guid":{"rendered":"https:\/\/africaalliance.ipas.org\/ou-nous-travaillons\/tanzanie\/"},"modified":"2026-04-23T18:52:26","modified_gmt":"2026-04-23T18:52:26","slug":"tanzanie","status":"publish","type":"page","link":"https:\/\/africaalliance.ipas.org\/fr\/ou-nous-travaillons\/tanzanie\/","title":{"rendered":"Tanzanie"},"content":{"rendered":"<p>[et_pb_section fb_built=\u00a0\u00bb1&Prime; admin_label=\u00a0\u00bbTanzania Section\u00a0\u00bb module_id=\u00a0\u00bbTanzanie\u00a0\u00bb _builder_version=\u00a0\u00bb4.27.4&Prime; _module_preset=\u00a0\u00bbdefault\u00a0\u00bb background_color=\u00a0\u00bbrgba(46,56,86,0.2)\u00a0\u00bb background_enable_image=\u00a0\u00bboff\u00a0\u00bb width=\u00a0\u00bb100%\u00a0\u00bb max_width=\u00a0\u00bb100%\u00a0\u00bb module_alignment=\u00a0\u00bbcenter\u00a0\u00bb custom_margin=\u00a0\u00bb0vw|0px|0vw|0px|false|false\u00a0\u00bb custom_padding=\u00a0\u00bb0px|0px|0vw|0px|false|false\u00a0\u00bb locked=\u00a0\u00bboff\u00a0\u00bb global_colors_info=\u00a0\u00bb{}\u00a0\u00bb][et_pb_row column_structure=\u00a0\u00bb1_2,1_2&Prime; make_equal=\u00a0\u00bbon\u00a0\u00bb _builder_version=\u00a0\u00bb4.27.4&Prime; _module_preset=\u00a0\u00bb_initial\u00a0\u00bb hover_enabled=\u00a0\u00bb0&Prime; global_colors_info=\u00a0\u00bb{}\u00a0\u00bb sticky_enabled=\u00a0\u00bb0&Prime;][et_pb_column type=\u00a0\u00bb1_2&Prime; _builder_version=\u00a0\u00bb4.16&Prime; _module_preset=\u00a0\u00bbdefault\u00a0\u00bb global_colors_info=\u00a0\u00bb{}\u00a0\u00bb][et_pb_text admin_label=\u00a0\u00bbTanzania Intro\u00a0\u00bb module_id=\u00a0\u00bbTanzania Intro\u00a0\u00bb _builder_version=\u00a0\u00bb4.27.4&Prime; _module_preset=\u00a0\u00bb_initial\u00a0\u00bb text_font=\u00a0\u00bb&#8211;et_global_body_font||||||||\u00a0\u00bb text_text_color=\u00a0\u00bb#2E3856&Prime; header_text_color=\u00a0\u00bb#F47B20&Prime; header_2_font=\u00a0\u00bbABCWhyteInktrap-HEAVY|800|||||||\u00a0\u00bb header_2_text_color=\u00a0\u00bb#F15A29&Prime; header_2_font_size=\u00a0\u00bb60px\u00a0\u00bb transform_scale_tablet=\u00a0\u00bb\u00a0\u00bb transform_scale_phone=\u00a0\u00bb\u00a0\u00bb transform_scale_last_edited=\u00a0\u00bbon|desktop\u00a0\u00bb transform_translate_tablet=\u00a0\u00bb\u00a0\u00bb transform_translate_phone=\u00a0\u00bb\u00a0\u00bb transform_translate_last_edited=\u00a0\u00bbon|desktop\u00a0\u00bb transform_rotate_tablet=\u00a0\u00bb\u00a0\u00bb transform_rotate_phone=\u00a0\u00bb\u00a0\u00bb transform_rotate_last_edited=\u00a0\u00bbon|desktop\u00a0\u00bb transform_skew_tablet=\u00a0\u00bb\u00a0\u00bb transform_skew_phone=\u00a0\u00bb\u00a0\u00bb transform_skew_last_edited=\u00a0\u00bbon|desktop\u00a0\u00bb transform_origin_tablet=\u00a0\u00bb\u00a0\u00bb transform_origin_phone=\u00a0\u00bb\u00a0\u00bb transform_origin_last_edited=\u00a0\u00bbon|desktop\u00a0\u00bb header_2_font_size_tablet=\u00a0\u00bb40px\u00a0\u00bb header_2_font_size_phone=\u00a0\u00bb24px\u00a0\u00bb global_colors_info=\u00a0\u00bb{}\u00a0\u00bb]<\/p>\n<p>En Tanzanie, le taux de pr\u00e9valence de la contraception (CPR), m\u00e9thodes modernes, parmi les femmes actuellement mari\u00e9es (\u00e2g\u00e9es de 15 \u00e0 49 ans) est de 32 pour cent. Il existe toutefois une diff\u00e9rence notable dans l&rsquo;utilisation des contraceptifs d&rsquo;une r\u00e9gion \u00e0 l&rsquo;autre, allant de 7 % \u00e0 Kusini Pemba (Zanzibar) \u00e0 52 % \u00e0 Lindi (Tanzanie m\u00e9ridionale). Parmi les jeunes femmes mari\u00e9es \u00e2g\u00e9es de 15 \u00e0 24 ans, le TPC est tr\u00e8s faible (16 %), allant de 1 % \u00e0 Unguja (Zanzibar) \u00e0 36 % \u00e0 Lindi.  <\/p>\n<h3>Grossesses chez les adolescentes<\/h3>\n<p>La zone des Highlands du Sud-Ouest et la zone des Highlands du Sud ont les taux les plus \u00e9lev\u00e9s de grossesse chez les adolescentes en Tanzanie (31% et 29%, respectivement). TDHS 202. Le pourcentage de femmes adolescentes \u00e2g\u00e9es de 15 \u00e0 19 ans qui ont d\u00e9j\u00e0 \u00e9t\u00e9 enceintes est plus \u00e9lev\u00e9 en Tanzanie rurale (25 %) qu&rsquo;en Tanzanie urbaine (16 %). Dans l&rsquo;ensemble, le pourcentage de femmes \u00e2g\u00e9es de 15 \u00e0 19 ans ayant d\u00e9clar\u00e9 avoir d\u00e9j\u00e0 \u00e9t\u00e9 enceintes a diminu\u00e9, passant de 27 % en 2015-16 \u00e0 22 % en 2022. Ce pourcentage reste bien sup\u00e9rieur aux estimations mondiales de 14 %.    <\/p>\n<h3>Violence fond\u00e9e sur le sexe<\/h3>\n<p>Douze pour cent des femmes \u00e2g\u00e9es de 15 \u00e0 49 ans ont d\u00e9j\u00e0 subi des violences sexuelles, quel qu&rsquo;en soit l&rsquo;auteur, dont 7 % au cours des 12 mois pr\u00e9c\u00e9dant l&rsquo;enqu\u00eate.<\/p>\n<p>[\/et_pb_text][\/et_pb_column][et_pb_column type=\u00a0\u00bb1_2&Prime; _builder_version=\u00a0\u00bb4.27.0&Prime; _module_preset=\u00a0\u00bbdefault\u00a0\u00bb background_enable_image=\u00a0\u00bboff\u00a0\u00bb background_size=\u00a0\u00bbcontain\u00a0\u00bb global_colors_info=\u00a0\u00bb{}\u00a0\u00bb][et_pb_text admin_label=\u00a0\u00bbTanzania Map\u00a0\u00bb _builder_version=\u00a0\u00bb4.27.0&Prime; _module_preset=\u00a0\u00bbdefault\u00a0\u00bb global_colors_info=\u00a0\u00bb{}\u00a0\u00bb]<\/p>\n<div class=\"map_wrapper\" id=\"map_wrapper_1874\">\n<div class=\"map_box\" style=\"max-width:2000px\">\n<div class=\"map_aspect_ratio\" style=\"padding-top:80%\" data-padding-top=\"80%\" data-padding-top-mobile=\"0%\">\n<div class=\"map_container\">\n<div class=\"map_render map_loading\" id=\"map_1874\"><\/div>\n<\/div>\n<\/div>\n<\/div>\n<\/div>\n<p>[\/et_pb_text][et_pb_text _builder_version=\u00a0\u00bb4.27.0&Prime; _module_preset=\u00a0\u00bbdefault\u00a0\u00bb text_font=\u00a0\u00bb||on||||||\u00a0\u00bb text_font_size=\u00a0\u00bb15px\u00a0\u00bb header_3_font=\u00a0\u00bb|700||on|||||\u00a0\u00bb header_3_text_color=\u00a0\u00bb#2E3856&Prime; header_3_font_size=\u00a0\u00bb18px\u00a0\u00bb text_orientation=\u00a0\u00bbcenter\u00a0\u00bb global_colors_info=\u00a0\u00bb{}\u00a0\u00bb]<\/p>\n<h3>Grossesses chez les adolescentes par r\u00e9gion<\/h3>\n<p>Pourcentage de femmes \u00e2g\u00e9es de 15 \u00e0 18 ans qui ont d\u00e9j\u00e0 \u00e9t\u00e9 enceintes<\/p>\n<p>[\/et_pb_text][\/et_pb_column][\/et_pb_row][\/et_pb_section][et_pb_section fb_built=\u00a0\u00bb1&Prime; _builder_version=\u00a0\u00bb4.27.4&Prime; _module_preset=\u00a0\u00bbdefault\u00a0\u00bb locked=\u00a0\u00bboff\u00a0\u00bb global_colors_info=\u00a0\u00bb{}\u00a0\u00bb][et_pb_row _builder_version=\u00a0\u00bb4.27.4&Prime; custom_margin=\u00a0\u00bb0px||0px||false|false\u00a0\u00bb custom_padding=\u00a0\u00bb0px||0px||false|false\u00a0\u00bb global_colors_info=\u00a0\u00bb{}\u00a0\u00bb][et_pb_column type=\u00a0\u00bb4_4&Prime; _builder_version=\u00a0\u00bb4.16&Prime; global_colors_info=\u00a0\u00bb{}\u00a0\u00bb][et_pb_text _builder_version=\u00a0\u00bb4.27.4&Prime; header_text_color=\u00a0\u00bb#F47B20&Prime; header_2_font=\u00a0\u00bb&#8211;et_global_heading_font|800|||||||\u00a0\u00bb header_2_text_color=\u00a0\u00bb#2E3856&Prime; header_2_font_size=\u00a0\u00bb32px\u00a0\u00bb global_colors_info=\u00a0\u00bb{}\u00a0\u00bb]<\/p>\n<h2>Nouvelles de la Tanzanie<\/h2>\n<p>[\/et_pb_text][\/et_pb_column][\/et_pb_row][et_pb_row _builder_version=\u00a0\u00bb4.27.4&Prime; _module_preset=\u00a0\u00bbdefault\u00a0\u00bb custom_margin=\u00a0\u00bb0px||||false|false\u00a0\u00bb custom_padding=\u00a0\u00bb0px||||false|false\u00a0\u00bb global_colors_info=\u00a0\u00bb{}\u00a0\u00bb][et_pb_column type=\u00a0\u00bb4_4&Prime; _builder_version=\u00a0\u00bb4.27.4&Prime; _module_preset=\u00a0\u00bbdefault\u00a0\u00bb global_colors_info=\u00a0\u00bb{}\u00a0\u00bb][toolset_divi_view toolset_view=\u00a0\u00bbnews-tanzania\u00a0\u00bb _builder_version=\u00a0\u00bb4.27.4&Prime; _module_preset=\u00a0\u00bbdefault\u00a0\u00bb global_colors_info=\u00a0\u00bb{}\u00a0\u00bb][\/toolset_divi_view][\/et_pb_column][\/et_pb_row][\/et_pb_section]<\/p>\n","protected":false},"excerpt":{"rendered":"<p>En Tanzanie, le taux de pr\u00e9valence de la contraception (CPR), m\u00e9thodes modernes, parmi les femmes actuellement mari\u00e9es (\u00e2g\u00e9es de 15 \u00e0 49 ans) est de 32 pour cent. Il existe toutefois une diff\u00e9rence notable dans l&rsquo;utilisation des contraceptifs d&rsquo;une r\u00e9gion \u00e0 l&rsquo;autre, allant de 7 % \u00e0 Kusini Pemba (Zanzibar) \u00e0 52 % \u00e0 Lindi (Tanzanie m\u00e9ridionale). Parmi les jeunes femmes mari\u00e9es \u00e2g\u00e9es de 15 \u00e0 24 ans, le TPC est tr\u00e8s faible (16 %), allant de 1 % \u00e0 Unguja (Zanzibar) \u00e0 36 % \u00e0 Lindi. Grossesses chez les adolescentes La zone des Highlands du Sud-Ouest et la zone des Highlands du Sud ont les taux les plus \u00e9lev\u00e9s de grossesse chez les adolescentes en Tanzanie (31% et 29%, respectivement). TDHS 202. Le pourcentage de femmes adolescentes \u00e2g\u00e9es de 15 \u00e0 19 ans qui ont d\u00e9j\u00e0 \u00e9t\u00e9 enceintes est plus \u00e9lev\u00e9 en Tanzanie rurale (25 %) qu&rsquo;en Tanzanie urbaine (16 %). Dans l&rsquo;ensemble, le pourcentage de femmes \u00e2g\u00e9es de 15 \u00e0 19 ans ayant d\u00e9clar\u00e9 avoir d\u00e9j\u00e0 \u00e9t\u00e9 enceintes a diminu\u00e9, passant de 27 % en 2015-16 \u00e0 22 % en 2022. Ce pourcentage reste bien sup\u00e9rieur aux estimations mondiales de 14 %. Violence fond\u00e9e sur le sexe Douze [&hellip;]<\/p>\n","protected":false},"author":2,"featured_media":0,"parent":1911,"menu_order":0,"comment_status":"closed","ping_status":"closed","template":"","meta":{"_et_pb_use_builder":"on","_et_pb_old_content":"","_et_gb_content_width":"","inline_featured_image":false,"footnotes":""},"class_list":["post-2116","page","type-page","status-publish","hentry"],"_links":{"self":[{"href":"https:\/\/africaalliance.ipas.org\/fr\/wp-json\/wp\/v2\/pages\/2116","targetHints":{"allow":["GET"]}}],"collection":[{"href":"https:\/\/africaalliance.ipas.org\/fr\/wp-json\/wp\/v2\/pages"}],"about":[{"href":"https:\/\/africaalliance.ipas.org\/fr\/wp-json\/wp\/v2\/types\/page"}],"author":[{"embeddable":true,"href":"https:\/\/africaalliance.ipas.org\/fr\/wp-json\/wp\/v2\/users\/2"}],"replies":[{"embeddable":true,"href":"https:\/\/africaalliance.ipas.org\/fr\/wp-json\/wp\/v2\/comments?post=2116"}],"version-history":[{"count":0,"href":"https:\/\/africaalliance.ipas.org\/fr\/wp-json\/wp\/v2\/pages\/2116\/revisions"}],"up":[{"embeddable":true,"href":"https:\/\/africaalliance.ipas.org\/fr\/wp-json\/wp\/v2\/pages\/1911"}],"wp:attachment":[{"href":"https:\/\/africaalliance.ipas.org\/fr\/wp-json\/wp\/v2\/media?parent=2116"}],"curies":[{"name":"wp","href":"https:\/\/api.w.org\/{rel}","templated":true}]}}