{"id":2114,"date":"2025-03-11T15:08:35","date_gmt":"2025-03-11T15:08:35","guid":{"rendered":"https:\/\/africaalliance.ipas.org\/ou-nous-travaillons\/rwanda\/"},"modified":"2025-03-11T15:09:44","modified_gmt":"2025-03-11T15:09:44","slug":"rwanda","status":"publish","type":"page","link":"https:\/\/africaalliance.ipas.org\/fr\/ou-nous-travaillons\/rwanda\/","title":{"rendered":"Rwanda"},"content":{"rendered":"<p>[et_pb_section fb_built=\u00a0\u00bb1&Prime; admin_label=\u00a0\u00bbRwanda Section\u00a0\u00bb module_id=\u00a0\u00bbrwanda\u00a0\u00bb _builder_version=\u00a0\u00bb4.27.0&Prime; _module_preset=\u00a0\u00bbdefault\u00a0\u00bb background_color=\u00a0\u00bb#FFFFFF\u00a0\u00bb background_enable_image=\u00a0\u00bboff\u00a0\u00bb background_size=\u00a0\u00bbinitial\u00a0\u00bb background_repeat=\u00a0\u00bbrepeat\u00a0\u00bb module_alignment=\u00a0\u00bbcenter\u00a0\u00bb custom_margin_tablet=\u00a0\u00bb0px||0px||false|false\u00a0\u00bb custom_margin_phone=\u00a0\u00bb0px||0px||false|false\u00a0\u00bb custom_margin_last_edited=\u00a0\u00bbon|phone\u00a0\u00bb custom_padding=\u00a0\u00bb0px|11px|0px||false|false\u00a0\u00bb global_colors_info=\u00a0\u00bb{}\u00a0\u00bb theme_builder_area=\u00a0\u00bbpost_content\u00a0\u00bb locked=\u00a0\u00bboff\u00a0\u00bb][et_pb_row column_structure=\u00a0\u00bb1_2,1_2&Prime; make_equal=\u00a0\u00bbon\u00a0\u00bb _builder_version=\u00a0\u00bb4.27.0&Prime; _module_preset=\u00a0\u00bb_initial\u00a0\u00bb max_width=\u00a0\u00bb100%\u00a0\u00bb global_colors_info=\u00a0\u00bb{}\u00a0\u00bb theme_builder_area=\u00a0\u00bbpost_content\u00a0\u00bb][et_pb_column type=\u00a0\u00bb1_2&Prime; _builder_version=\u00a0\u00bb4.16&Prime; _module_preset=\u00a0\u00bbdefault\u00a0\u00bb global_colors_info=\u00a0\u00bb{}\u00a0\u00bb theme_builder_area=\u00a0\u00bbpost_content\u00a0\u00bb][et_pb_text admin_label=\u00a0\u00bbRwanda Intro\u00a0\u00bb _builder_version=\u00a0\u00bb4.27.4&Prime; _module_preset=\u00a0\u00bb_initial\u00a0\u00bb text_font=\u00a0\u00bb&#8211;et_global_body_font||||||||\u00a0\u00bb text_text_color=\u00a0\u00bb#2E3856&Prime; header_text_color=\u00a0\u00bb#F47B20&Prime; header_2_font=\u00a0\u00bbABCWhyteInktrap-HEAVY|800|||||||\u00a0\u00bb header_2_text_color=\u00a0\u00bb#F15A29&Prime; header_2_font_size=\u00a0\u00bb60px\u00a0\u00bb transform_scale_tablet=\u00a0\u00bb\u00a0\u00bb transform_scale_phone=\u00a0\u00bb\u00a0\u00bb transform_scale_last_edited=\u00a0\u00bbon|desktop\u00a0\u00bb transform_translate_tablet=\u00a0\u00bb\u00a0\u00bb transform_translate_phone=\u00a0\u00bb\u00a0\u00bb transform_translate_last_edited=\u00a0\u00bbon|desktop\u00a0\u00bb transform_rotate_tablet=\u00a0\u00bb\u00a0\u00bb transform_rotate_phone=\u00a0\u00bb\u00a0\u00bb transform_rotate_last_edited=\u00a0\u00bbon|desktop\u00a0\u00bb transform_skew_tablet=\u00a0\u00bb\u00a0\u00bb transform_skew_phone=\u00a0\u00bb\u00a0\u00bb transform_skew_last_edited=\u00a0\u00bbon|desktop\u00a0\u00bb transform_origin_tablet=\u00a0\u00bb\u00a0\u00bb transform_origin_phone=\u00a0\u00bb\u00a0\u00bb transform_origin_last_edited=\u00a0\u00bbon|desktop\u00a0\u00bb hover_enabled=\u00a0\u00bb0&Prime; header_2_font_size_tablet=\u00a0\u00bb40px\u00a0\u00bb header_2_font_size_phone=\u00a0\u00bb24px\u00a0\u00bb global_colors_info=\u00a0\u00bb{}\u00a0\u00bb theme_builder_area=\u00a0\u00bbpost_content\u00a0\u00bb sticky_enabled=\u00a0\u00bb0&Prime;]<\/p>\n<h3>Grossesses chez les adolescentes<\/h3>\n<p>Selon l&rsquo;enqu\u00eate d\u00e9mographique et sanitaire la plus r\u00e9cente du Rwanda, publi\u00e9e en 2020, le nombre de grossesses de mineures est pass\u00e9 de 17 337 en 2017 \u00e0 19 832 trois ans plus tard.<\/p>\n<p>Le pourcentage de femmes \u00e2g\u00e9es de 15 \u00e0 19 ans qui ont commenc\u00e9 \u00e0 avoir des enfants augmente avec l&rsquo;\u00e2ge, passant de moins de 1 % chez les 15 ans \u00e0 15 % chez les 19 ans.<\/p>\n<p>Par province, le pourcentage d&rsquo;adolescentes ayant commenc\u00e9 \u00e0 avoir des enfants est le plus \u00e9lev\u00e9 dans l&rsquo;Est et le Sud (6% chacun) et le plus faible dans l&rsquo;Ouest et la ville de Kigali (4% chacun).<\/p>\n<h3>Violence fond\u00e9e sur le sexe<\/h3>\n<p>Les femmes mari\u00e9es \u00e0 vie \u00e2g\u00e9es de 15 \u00e0 49 ans qui ont subi des violences physiques depuis l&rsquo;\u00e2ge de 15 ans d\u00e9signent le plus souvent leur mari\/partenaire actuel (60%), leur ancien mari\/partenaire (27%) et leur m\u00e8re\/belle-m\u00e8re (10%) comme auteurs des violences.<\/p>\n<p>Vingt-trois pour cent des femmes et 6 % des hommes \u00e2g\u00e9s de 15 \u00e0 49 ans ont d\u00e9clar\u00e9 avoir d\u00e9j\u00e0 subi des violences sexuelles.<\/p>\n<p>Parmi les femmes \u00e2g\u00e9es de 15 \u00e0 49 ans, 37% ont subi des violences physiques depuis l&rsquo;\u00e2ge de 15 ans et 23% ont d\u00e9j\u00e0 subi des violences sexuelles. Les proportions correspondantes chez les hommes sont de 30 % et 6 %. <\/p>\n<p>[\/et_pb_text][\/et_pb_column][et_pb_column type=\u00a0\u00bb1_2&Prime; _builder_version=\u00a0\u00bb4.27.0&Prime; _module_preset=\u00a0\u00bbdefault\u00a0\u00bb background_enable_image=\u00a0\u00bboff\u00a0\u00bb background_size=\u00a0\u00bbcontain\u00a0\u00bb global_colors_info=\u00a0\u00bb{}\u00a0\u00bb theme_builder_area=\u00a0\u00bbpost_content\u00a0\u00bb][et_pb_text admin_label=\u00a0\u00bbRwanda Map\u00a0\u00bb _builder_version=\u00a0\u00bb4.27.0&Prime; _module_preset=\u00a0\u00bbdefault\u00a0\u00bb global_colors_info=\u00a0\u00bb{}\u00a0\u00bb theme_builder_area=\u00a0\u00bbpost_content\u00a0\u00bb]<\/p>\n<div class=\"map_wrapper\" id=\"map_wrapper_1873\">\n<div class=\"map_box\" style=\"max-width:2000px\">\n<div class=\"map_aspect_ratio\" style=\"padding-top:80%\" data-padding-top=\"80%\" data-padding-top-mobile=\"0%\">\n<div class=\"map_container\">\n<div class=\"map_render map_loading\" id=\"map_1873\"><\/div>\n<\/div>\n<\/div>\n<\/div>\n<\/div>\n<p>[\/et_pb_text][et_pb_text _builder_version=\u00a0\u00bb4.27.4&Prime; _module_preset=\u00a0\u00bbdefault\u00a0\u00bb text_font=\u00a0\u00bb||on||||||\u00a0\u00bb text_font_size=\u00a0\u00bb15px\u00a0\u00bb header_3_font=\u00a0\u00bb|700||on|||||\u00a0\u00bb header_3_text_color=\u00a0\u00bb#2E3856&Prime; header_3_font_size=\u00a0\u00bb18px\u00a0\u00bb text_orientation=\u00a0\u00bbcenter\u00a0\u00bb global_colors_info=\u00a0\u00bb{}\u00a0\u00bb theme_builder_area=\u00a0\u00bbpost_content\u00a0\u00bb]<\/p>\n<h3>Besoins non satisfaits en mati\u00e8re de planification familiale<\/h3>\n<p>Pourcentage de femmes \u00e2g\u00e9es de 15 \u00e0 49 ans dont les besoins en mati\u00e8re de planification familiale ne sont pas satisfaits.<\/p>\n<p>[\/et_pb_text][\/et_pb_column][\/et_pb_row][\/et_pb_section]<\/p>\n","protected":false},"excerpt":{"rendered":"<p>Grossesses chez les adolescentes Selon l&rsquo;enqu\u00eate d\u00e9mographique et sanitaire la plus r\u00e9cente du Rwanda, publi\u00e9e en 2020, le nombre de grossesses de mineures est pass\u00e9 de 17 337 en 2017 \u00e0 19 832 trois ans plus tard. Le pourcentage de femmes \u00e2g\u00e9es de 15 \u00e0 19 ans qui ont commenc\u00e9 \u00e0 avoir des enfants augmente avec l&rsquo;\u00e2ge, passant de moins de 1 % chez les 15 ans \u00e0 15 % chez les 19 ans. Par province, le pourcentage d&rsquo;adolescentes ayant commenc\u00e9 \u00e0 avoir des enfants est le plus \u00e9lev\u00e9 dans l&rsquo;Est et le Sud (6% chacun) et le plus faible dans l&rsquo;Ouest et la ville de Kigali (4% chacun). Violence fond\u00e9e sur le sexe Les femmes mari\u00e9es \u00e0 vie \u00e2g\u00e9es de 15 \u00e0 49 ans qui ont subi des violences physiques depuis l&rsquo;\u00e2ge de 15 ans d\u00e9signent le plus souvent leur mari\/partenaire actuel (60%), leur ancien mari\/partenaire (27%) et leur m\u00e8re\/belle-m\u00e8re (10%) comme auteurs des violences. Vingt-trois pour cent des femmes et 6 % des hommes \u00e2g\u00e9s de 15 \u00e0 49 ans ont d\u00e9clar\u00e9 avoir d\u00e9j\u00e0 subi des violences sexuelles. Parmi les femmes \u00e2g\u00e9es de 15 \u00e0 49 ans, 37% ont subi des violences physiques depuis l&rsquo;\u00e2ge de 15 ans [&hellip;]<\/p>\n","protected":false},"author":2,"featured_media":0,"parent":1911,"menu_order":0,"comment_status":"closed","ping_status":"closed","template":"","meta":{"_et_pb_use_builder":"on","_et_pb_old_content":"","_et_gb_content_width":"","inline_featured_image":false,"footnotes":""},"class_list":["post-2114","page","type-page","status-publish","hentry"],"_links":{"self":[{"href":"https:\/\/africaalliance.ipas.org\/fr\/wp-json\/wp\/v2\/pages\/2114","targetHints":{"allow":["GET"]}}],"collection":[{"href":"https:\/\/africaalliance.ipas.org\/fr\/wp-json\/wp\/v2\/pages"}],"about":[{"href":"https:\/\/africaalliance.ipas.org\/fr\/wp-json\/wp\/v2\/types\/page"}],"author":[{"embeddable":true,"href":"https:\/\/africaalliance.ipas.org\/fr\/wp-json\/wp\/v2\/users\/2"}],"replies":[{"embeddable":true,"href":"https:\/\/africaalliance.ipas.org\/fr\/wp-json\/wp\/v2\/comments?post=2114"}],"version-history":[{"count":0,"href":"https:\/\/africaalliance.ipas.org\/fr\/wp-json\/wp\/v2\/pages\/2114\/revisions"}],"up":[{"embeddable":true,"href":"https:\/\/africaalliance.ipas.org\/fr\/wp-json\/wp\/v2\/pages\/1911"}],"wp:attachment":[{"href":"https:\/\/africaalliance.ipas.org\/fr\/wp-json\/wp\/v2\/media?parent=2114"}],"curies":[{"name":"wp","href":"https:\/\/api.w.org\/{rel}","templated":true}]}}