{"id":2109,"date":"2025-03-11T15:05:54","date_gmt":"2025-03-11T15:05:54","guid":{"rendered":"https:\/\/africaalliance.ipas.org\/ou-nous-travaillons\/kenya\/"},"modified":"2025-03-11T15:06:53","modified_gmt":"2025-03-11T15:06:53","slug":"kenya","status":"publish","type":"page","link":"https:\/\/africaalliance.ipas.org\/fr\/ou-nous-travaillons\/kenya\/","title":{"rendered":"Kenya"},"content":{"rendered":"<p>[et_pb_section fb_built=\u00a0\u00bb1&Prime; admin_label=\u00a0\u00bbKenya Section\u00a0\u00bb module_id=\u00a0\u00bbkenya\u00a0\u00bb _builder_version=\u00a0\u00bb4.27.0&Prime; _module_preset=\u00a0\u00bbdefault\u00a0\u00bb background_color=\u00a0\u00bbrgba(46,56,86,0.2)\u00a0\u00bb background_enable_image=\u00a0\u00bboff\u00a0\u00bb background_size=\u00a0\u00bbinitial\u00a0\u00bb background_repeat=\u00a0\u00bbrepeat\u00a0\u00bb module_alignment=\u00a0\u00bbcenter\u00a0\u00bb custom_margin_tablet=\u00a0\u00bb0px||0px||false|false\u00a0\u00bb custom_margin_phone=\u00a0\u00bb0px||0px||false|false\u00a0\u00bb custom_margin_last_edited=\u00a0\u00bbon|phone\u00a0\u00bb custom_padding=\u00a0\u00bb0px|11px|0px||false|false\u00a0\u00bb global_colors_info=\u00a0\u00bb{}\u00a0\u00bb][et_pb_row column_structure=\u00a0\u00bb1_2,1_2&Prime; make_equal=\u00a0\u00bbon\u00a0\u00bb _builder_version=\u00a0\u00bb4.27.4&Prime; _module_preset=\u00a0\u00bb_initial\u00a0\u00bb max_width=\u00a0\u00bb100%\u00a0\u00bb global_colors_info=\u00a0\u00bb{}\u00a0\u00bb][et_pb_column type=\u00a0\u00bb1_2&Prime; _builder_version=\u00a0\u00bb4.16&Prime; _module_preset=\u00a0\u00bbdefault\u00a0\u00bb global_colors_info=\u00a0\u00bb{}\u00a0\u00bb][et_pb_text admin_label=\u00a0\u00bbKenya\u00a0\u00bb _builder_version=\u00a0\u00bb4.27.4&Prime; _module_preset=\u00a0\u00bb_initial\u00a0\u00bb text_font=\u00a0\u00bb&#8211;et_global_body_font||||||||\u00a0\u00bb text_text_color=\u00a0\u00bb#2E3856&Prime; header_text_color=\u00a0\u00bb#F47B20&Prime; header_2_font=\u00a0\u00bbABCWhyteInktrap-HEAVY|800|||||||\u00a0\u00bb header_2_text_color=\u00a0\u00bb#F15A29&Prime; header_2_font_size=\u00a0\u00bb60px\u00a0\u00bb transform_scale_tablet=\u00a0\u00bb\u00a0\u00bb transform_scale_phone=\u00a0\u00bb\u00a0\u00bb transform_scale_last_edited=\u00a0\u00bbon|desktop\u00a0\u00bb transform_translate_tablet=\u00a0\u00bb\u00a0\u00bb transform_translate_phone=\u00a0\u00bb\u00a0\u00bb transform_translate_last_edited=\u00a0\u00bbon|desktop\u00a0\u00bb transform_rotate_tablet=\u00a0\u00bb\u00a0\u00bb transform_rotate_phone=\u00a0\u00bb\u00a0\u00bb transform_rotate_last_edited=\u00a0\u00bbon|desktop\u00a0\u00bb transform_skew_tablet=\u00a0\u00bb\u00a0\u00bb transform_skew_phone=\u00a0\u00bb\u00a0\u00bb transform_skew_last_edited=\u00a0\u00bbon|desktop\u00a0\u00bb transform_origin_tablet=\u00a0\u00bb\u00a0\u00bb transform_origin_phone=\u00a0\u00bb\u00a0\u00bb transform_origin_last_edited=\u00a0\u00bbon|desktop\u00a0\u00bb transform_styles_last_edited=\u00a0\u00bbon|desktop\u00a0\u00bb text_font_size_phone=\u00a0\u00bb18px\u00a0\u00bb header_2_font_size_tablet=\u00a0\u00bb40px\u00a0\u00bb header_2_font_size_phone=\u00a0\u00bb24px\u00a0\u00bb transform_styles_tablet=\u00a0\u00bb\u00a0\u00bb transform_styles_phone=\u00a0\u00bb\u00a0\u00bb global_colors_info=\u00a0\u00bb{}\u00a0\u00bb]<\/p>\n<p>Au Kenya, 70 % des femmes c\u00e9libataires sexuellement actives utilisent une m\u00e9thode de planification familiale, quelle qu&rsquo;elle soit ; 59 % utilisent une m\u00e9thode moderne. Le type de m\u00e9thode de planification familiale le plus populaire chez les femmes c\u00e9libataires sexuellement actives est le pr\u00e9servatif masculin. L&rsquo;utilisation d&rsquo;implants est plus \u00e9lev\u00e9e dans les zones rurales (16%) que dans les zones urbaines (7%).  <\/p>\n<p>Soixante-trois pour cent des femmes mari\u00e9es \u00e2g\u00e9es de 15 \u00e0 49 ans utilisent une m\u00e9thode de planification familiale, dont 57% une m\u00e9thode moderne et 6% une m\u00e9thode traditionnelle. Les m\u00e9thodes les plus couramment utilis\u00e9es par les femmes mari\u00e9es sont les injectables (20 %), les implants (19 %) et les pilules (8 %). <\/p>\n<p>L&rsquo;utilisation des m\u00e9thodes modernes de planification familiale augmente avec le niveau d&rsquo;\u00e9ducation, passant de 21% chez les femmes mari\u00e9es sans \u00e9ducation \u00e0 60% chez celles ayant une \u00e9ducation primaire et 61% chez celles ayant une \u00e9ducation secondaire, et \u00e0 58% chez les femmes mari\u00e9es ayant une \u00e9ducation sup\u00e9rieure \u00e0 l&rsquo;\u00e9ducation secondaire. L&rsquo;utilisation de m\u00e9thodes modernes de planification familiale par les femmes mari\u00e9es est la plus \u00e9lev\u00e9e dans le comt\u00e9 d&rsquo;Embu (75%), suivi par les comt\u00e9s de Nyeri et de Kirinyaga (71% chacun). Les comt\u00e9s o\u00f9 l&rsquo;utilisation des m\u00e9thodes modernes de planification familiale est la plus faible sont ceux de Mandera (2%), Wajir (3%), Marsabit (6%) et Garissa (11%).  <\/p>\n<p><strong>Source :<\/strong><\/p>\n<p><a href=\"https:\/\/www.knbs.or.ke\/wp-content\/uploads\/2023\/08\/Kenya-Demographic-and-Health-Survey-KDHS-2022-Summary-Report.pdf\">https:\/\/www.knbs.or.ke\/wp-content\/uploads\/2023\/08\/Kenya-Demographic-and-Health-Survey-KDHS-2022-Summary-Report.pdf<\/a><\/p>\n<p>[\/et_pb_text][\/et_pb_column][et_pb_column type=\u00a0\u00bb1_2&Prime; _builder_version=\u00a0\u00bb4.27.0&Prime; _module_preset=\u00a0\u00bbdefault\u00a0\u00bb background_enable_image=\u00a0\u00bboff\u00a0\u00bb background_size=\u00a0\u00bbcontain\u00a0\u00bb global_colors_info=\u00a0\u00bb{}\u00a0\u00bb][et_pb_text admin_label=\u00a0\u00bbKenya Map\u00a0\u00bb _builder_version=\u00a0\u00bb4.27.0&Prime; _module_preset=\u00a0\u00bbdefault\u00a0\u00bb global_colors_info=\u00a0\u00bb{}\u00a0\u00bb]<\/p>\n<div class=\"map_wrapper\" id=\"map_wrapper_424\">\n<div class=\"map_box\" style=\"max-width:2000px\">\n<div class=\"map_aspect_ratio\" style=\"padding-top:80%\" data-padding-top=\"80%\" data-padding-top-mobile=\"0%\">\n<div class=\"map_container\">\n<div class=\"map_render map_loading\" id=\"map_424\"><\/div>\n<\/div>\n<\/div>\n<\/div>\n<\/div>\n<p>[\/et_pb_text][et_pb_toggle title=\u00a0\u00bbGrossesse des adolescentes\u00a0\u00bb open_toggle_text_color=\u00a0\u00bb#2E3856&Prime; open_toggle_background_color=\u00a0\u00bb#FFFFFF\u00a0\u00bb closed_toggle_text_color=\u00a0\u00bb#FFFFFF\u00a0\u00bb closed_toggle_background_color=\u00a0\u00bb#F15A29&Prime; _builder_version=\u00a0\u00bb4.27.4&Prime; _module_preset=\u00a0\u00bbdefault\u00a0\u00bb title_level=\u00a0\u00bbh2&Prime; title_font_size=\u00a0\u00bb21px\u00a0\u00bb body_font=\u00a0\u00bb&#8211;et_global_body_font||||||||\u00a0\u00bb global_colors_info=\u00a0\u00bb{}\u00a0\u00bb]<\/p>\n<p>Au Kenya, 15% des adolescentes \u00e2g\u00e9es de 15 \u00e0 19 ans ont d\u00e9j\u00e0 \u00e9t\u00e9 enceintes : 12 % ont accouch\u00e9, 1 % ont perdu leur grossesse et 3 % sont enceintes de leur premier enfant. Par comt\u00e9, le taux de grossesse chez les adolescentes varie de 50 % \u00e0 Samburu \u00e0 5 % \u00e0 Nyeri et Nyandarua. Au Kenya, les grossesses chez les adolescentes diminuent \u00e0 mesure que le niveau d&rsquo;\u00e9ducation augmente, passant de 38% pour les femmes sans \u00e9ducation \u00e0 5% pour les femmes ayant un niveau d&rsquo;\u00e9ducation sup\u00e9rieur au secondaire. Elle diminue \u00e9galement avec l&rsquo;augmentation de la richesse des m\u00e9nages, passant de 21 % dans le quintile de richesse le plus bas \u00e0 7 % dans le quintile de richesse le plus \u00e9lev\u00e9.   <\/p>\n<p>[\/et_pb_toggle][et_pb_toggle title=\u00a0\u00bbIssues de la grossesse et avortement provoqu\u00e9\u00a0\u00bb open_toggle_text_color=\u00a0\u00bb#2E3856&Prime; open_toggle_background_color=\u00a0\u00bb#FFFFFF\u00a0\u00bb closed_toggle_text_color=\u00a0\u00bb#FFFFFF\u00a0\u00bb closed_toggle_background_color=\u00a0\u00bb#F15A29&Prime; _builder_version=\u00a0\u00bb4.27.2&Prime; _module_preset=\u00a0\u00bbdefault\u00a0\u00bb title_level=\u00a0\u00bbh2&Prime; title_font_size=\u00a0\u00bb21px\u00a0\u00bb body_font=\u00a0\u00bb&#8211;et_global_body_font||||||||\u00a0\u00bb global_colors_info=\u00a0\u00bb{}\u00a0\u00bb]<\/p>\n<p>Sur l&rsquo;ensemble des grossesses des femmes \u00e2g\u00e9es de 15 \u00e0 49 ans qui se sont termin\u00e9es au cours des trois ann\u00e9es pr\u00e9c\u00e9dant l&rsquo;enqu\u00eate, 88 % ont abouti \u00e0 des naissances vivantes, 10 % \u00e0 des fausses couches, 2 % \u00e0 des mort-n\u00e9s et moins de 1 % \u00e0 des avortements provoqu\u00e9s.<\/p>\n<p>[\/et_pb_toggle][\/et_pb_column][\/et_pb_row][\/et_pb_section]<\/p>\n","protected":false},"excerpt":{"rendered":"<p>Au Kenya, 70 % des femmes c\u00e9libataires sexuellement actives utilisent une m\u00e9thode de planification familiale, quelle qu&rsquo;elle soit ; 59 % utilisent une m\u00e9thode moderne. Le type de m\u00e9thode de planification familiale le plus populaire chez les femmes c\u00e9libataires sexuellement actives est le pr\u00e9servatif masculin. L&rsquo;utilisation d&rsquo;implants est plus \u00e9lev\u00e9e dans les zones rurales (16%) que dans les zones urbaines (7%). Soixante-trois pour cent des femmes mari\u00e9es \u00e2g\u00e9es de 15 \u00e0 49 ans utilisent une m\u00e9thode de planification familiale, dont 57% une m\u00e9thode moderne et 6% une m\u00e9thode traditionnelle. Les m\u00e9thodes les plus couramment utilis\u00e9es par les femmes mari\u00e9es sont les injectables (20 %), les implants (19 %) et les pilules (8 %). L&rsquo;utilisation des m\u00e9thodes modernes de planification familiale augmente avec le niveau d&rsquo;\u00e9ducation, passant de 21% chez les femmes mari\u00e9es sans \u00e9ducation \u00e0 60% chez celles ayant une \u00e9ducation primaire et 61% chez celles ayant une \u00e9ducation secondaire, et \u00e0 58% chez les femmes mari\u00e9es ayant une \u00e9ducation sup\u00e9rieure \u00e0 l&rsquo;\u00e9ducation secondaire. L&rsquo;utilisation de m\u00e9thodes modernes de planification familiale par les femmes mari\u00e9es est la plus \u00e9lev\u00e9e dans le comt\u00e9 d&rsquo;Embu (75%), suivi par les comt\u00e9s de Nyeri et de Kirinyaga (71% chacun). Les comt\u00e9s o\u00f9 l&rsquo;utilisation des [&hellip;]<\/p>\n","protected":false},"author":2,"featured_media":0,"parent":1911,"menu_order":0,"comment_status":"closed","ping_status":"closed","template":"","meta":{"_et_pb_use_builder":"on","_et_pb_old_content":"","_et_gb_content_width":"","inline_featured_image":false,"footnotes":""},"class_list":["post-2109","page","type-page","status-publish","hentry"],"_links":{"self":[{"href":"https:\/\/africaalliance.ipas.org\/fr\/wp-json\/wp\/v2\/pages\/2109","targetHints":{"allow":["GET"]}}],"collection":[{"href":"https:\/\/africaalliance.ipas.org\/fr\/wp-json\/wp\/v2\/pages"}],"about":[{"href":"https:\/\/africaalliance.ipas.org\/fr\/wp-json\/wp\/v2\/types\/page"}],"author":[{"embeddable":true,"href":"https:\/\/africaalliance.ipas.org\/fr\/wp-json\/wp\/v2\/users\/2"}],"replies":[{"embeddable":true,"href":"https:\/\/africaalliance.ipas.org\/fr\/wp-json\/wp\/v2\/comments?post=2109"}],"version-history":[{"count":0,"href":"https:\/\/africaalliance.ipas.org\/fr\/wp-json\/wp\/v2\/pages\/2109\/revisions"}],"up":[{"embeddable":true,"href":"https:\/\/africaalliance.ipas.org\/fr\/wp-json\/wp\/v2\/pages\/1911"}],"wp:attachment":[{"href":"https:\/\/africaalliance.ipas.org\/fr\/wp-json\/wp\/v2\/media?parent=2109"}],"curies":[{"name":"wp","href":"https:\/\/api.w.org\/{rel}","templated":true}]}}