{"id":2081,"date":"2025-03-11T14:10:42","date_gmt":"2025-03-11T14:10:42","guid":{"rendered":"https:\/\/africaalliance.ipas.org\/ce-que-nous-faisons\/politique-et-plaidoyer\/"},"modified":"2026-04-27T15:20:36","modified_gmt":"2026-04-27T15:20:36","slug":"politique-et-plaidoyer","status":"publish","type":"page","link":"https:\/\/africaalliance.ipas.org\/fr\/ce-que-nous-faisons\/politique-et-plaidoyer\/","title":{"rendered":"Politique et plaidoyer"},"content":{"rendered":"<p>[et_pb_section fb_built=\u00a0\u00bb1&Prime; _builder_version=\u00a0\u00bb4.27.4&Prime; _module_preset=\u00a0\u00bbc8ce0128-8f16-4b45-906e-dcf2caf448f9&Prime; background_enable_color=\u00a0\u00bboff\u00a0\u00bb background_image=\u00a0\u00bbhttps:\/\/africaalliance.ipas.org\/wp-content\/uploads\/2024\/07\/ESAParc-Committee-scaled.jpg\u00a0\u00bb width=\u00a0\u00bb100%\u00a0\u00bb max_width=\u00a0\u00bb100%\u00a0\u00bb module_alignment=\u00a0\u00bbcenter\u00a0\u00bb min_height=\u00a0\u00bb30vw\u00a0\u00bb custom_margin=\u00a0\u00bb|0px|0vw|0px|false|false\u00a0\u00bb custom_padding=\u00a0\u00bb0px|0px|0vw|0px|false|false\u00a0\u00bb locked=\u00a0\u00bboff\u00a0\u00bb global_colors_info=\u00a0\u00bb{}\u00a0\u00bb theme_builder_area=\u00a0\u00bbpost_content\u00a0\u00bb][et_pb_row _builder_version=\u00a0\u00bb4.27.4&Prime; _module_preset=\u00a0\u00bb8933fe09-e060-40d7-8a99-388c57b68455&Prime; width=\u00a0\u00bb100%\u00a0\u00bb module_alignment=\u00a0\u00bbcenter\u00a0\u00bb custom_margin=\u00a0\u00bb||||false|false\u00a0\u00bb global_colors_info=\u00a0\u00bb{}\u00a0\u00bb theme_builder_area=\u00a0\u00bbpost_content\u00a0\u00bb][et_pb_column type=\u00a0\u00bb4_4&Prime; _builder_version=\u00a0\u00bb4.16&Prime; _module_preset=\u00a0\u00bbdefault\u00a0\u00bb global_colors_info=\u00a0\u00bb{}\u00a0\u00bb theme_builder_area=\u00a0\u00bbpost_content\u00a0\u00bb][\/et_pb_column][\/et_pb_row][\/et_pb_section][et_pb_section fb_built=\u00a0\u00bb1&Prime; module_id=\u00a0\u00bbpolitique\u00a0\u00bb _builder_version=\u00a0\u00bb4.25.1&Prime; _module_preset=\u00a0\u00bbdefault\u00a0\u00bb background_color=\u00a0\u00bbrgba(249,237,125,0.2)\u00a0\u00bb background_enable_image=\u00a0\u00bboff\u00a0\u00bb background_size=\u00a0\u00bbinitial\u00a0\u00bb background_repeat=\u00a0\u00bbrepeat\u00a0\u00bb module_alignment=\u00a0\u00bbcenter\u00a0\u00bb custom_margin_tablet=\u00a0\u00bb0px||0px||false|false\u00a0\u00bb custom_margin_phone=\u00a0\u00bb0px||0px||false|false\u00a0\u00bb custom_margin_last_edited=\u00a0\u00bbon|phone\u00a0\u00bb custom_padding=\u00a0\u00bb0px|11px|0px||false|false\u00a0\u00bb locked=\u00a0\u00bboff\u00a0\u00bb global_colors_info=\u00a0\u00bb{}\u00a0\u00bb theme_builder_area=\u00a0\u00bbpost_content\u00a0\u00bb][et_pb_row column_structure=\u00a0\u00bb1_2,1_2&Prime; use_custom_gutter=\u00a0\u00bbon\u00a0\u00bb gutter_width=\u00a0\u00bb2&Prime; _builder_version=\u00a0\u00bb4.27.4&Prime; _module_preset=\u00a0\u00bb_initial\u00a0\u00bb custom_margin=\u00a0\u00bb0px||||false|false\u00a0\u00bb custom_padding=\u00a0\u00bb2vw||||false|false\u00a0\u00bb global_colors_info=\u00a0\u00bb{}\u00a0\u00bb theme_builder_area=\u00a0\u00bbpost_content\u00a0\u00bb][et_pb_column type=\u00a0\u00bb1_2&Prime; _builder_version=\u00a0\u00bb4.16&Prime; _module_preset=\u00a0\u00bbdefault\u00a0\u00bb global_colors_info=\u00a0\u00bb{}\u00a0\u00bb theme_builder_area=\u00a0\u00bbpost_content\u00a0\u00bb][et_pb_text _builder_version=\u00a0\u00bb4.27.4&Prime; _module_preset=\u00a0\u00bb_initial\u00a0\u00bb text_font=\u00a0\u00bb&#8211;et_global_body_font||||||||\u00a0\u00bb text_text_color=\u00a0\u00bb#2E3856&Prime; text_font_size=\u00a0\u00bb18px\u00a0\u00bb header_text_color=\u00a0\u00bb#F47B20&Prime; header_2_font=\u00a0\u00bbABCWhyteInktrap-HEAVY|800|||||||\u00a0\u00bb header_2_text_color=\u00a0\u00bb#F15A29&Prime; header_2_font_size=\u00a0\u00bb60px\u00a0\u00bb transform_scale_tablet=\u00a0\u00bb\u00a0\u00bb transform_scale_phone=\u00a0\u00bb\u00a0\u00bb transform_scale_last_edited=\u00a0\u00bbon|desktop\u00a0\u00bb transform_translate_tablet=\u00a0\u00bb\u00a0\u00bb transform_translate_phone=\u00a0\u00bb\u00a0\u00bb transform_translate_last_edited=\u00a0\u00bbon|desktop\u00a0\u00bb transform_rotate_tablet=\u00a0\u00bb\u00a0\u00bb transform_rotate_phone=\u00a0\u00bb\u00a0\u00bb transform_rotate_last_edited=\u00a0\u00bbon|desktop\u00a0\u00bb transform_skew_tablet=\u00a0\u00bb\u00a0\u00bb transform_skew_phone=\u00a0\u00bb\u00a0\u00bb transform_skew_last_edited=\u00a0\u00bbon|desktop\u00a0\u00bb transform_origin_tablet=\u00a0\u00bb\u00a0\u00bb transform_origin_phone=\u00a0\u00bb\u00a0\u00bb transform_origin_last_edited=\u00a0\u00bbon|desktop\u00a0\u00bb header_2_font_size_tablet=\u00a0\u00bb40px\u00a0\u00bb header_2_font_size_phone=\u00a0\u00bb24px\u00a0\u00bb global_colors_info=\u00a0\u00bb{}\u00a0\u00bb theme_builder_area=\u00a0\u00bbpost_content\u00a0\u00bb]<\/p>\n<p>L&rsquo;unit\u00e9 de politique et de plaidoyer de l&rsquo;Alliance Ipas Afrique a pour principal objectif d&rsquo;assurer le renforcement des lois et des politiques en faveur de la justice reproductive aux niveaux national et r\u00e9gional. Nous cherchons \u00e0 atteindre cet objectif par la cr\u00e9ation de liens entre les politiques, le plaidoyer et les parcours de soins, afin d&rsquo;\u00e9largir l&rsquo;environnement juridique, politique et strat\u00e9gique favorable \u00e0 la sant\u00e9 sexuelle et reproductive.<\/p>\n<p>En outre, nous engageons et soutenons les m\u00e9canismes r\u00e9gionaux de responsabilisation en mati\u00e8re de droits de l&rsquo;homme afin de garantir qu&rsquo;ils fonctionnent et qu&rsquo;ils sont activement utilis\u00e9s pour promouvoir l&rsquo;acc\u00e8s \u00e0 la sant\u00e9 et aux droits en mati\u00e8re de procr\u00e9ation.<\/p>\n<p>Un discours public positif et une compr\u00e9hension factuelle de la sant\u00e9 g\u00e9n\u00e9sique en tant que question concernant la dignit\u00e9 humaine, l&rsquo;autonomie corporelle et le libre choix constituent un pilier essentiel de la r\u00e9ussite de l&rsquo;objectif principal de l&rsquo;unit\u00e9.  <\/p>\n<p>[\/et_pb_text][\/et_pb_column][et_pb_column type=\u00a0\u00bb1_2&Prime; _builder_version=\u00a0\u00bb4.27.0&Prime; _module_preset=\u00a0\u00bbdefault\u00a0\u00bb background_enable_image=\u00a0\u00bboff\u00a0\u00bb background_size=\u00a0\u00bbcontain\u00a0\u00bb global_colors_info=\u00a0\u00bb{}\u00a0\u00bb theme_builder_area=\u00a0\u00bbpost_content\u00a0\u00bb][et_pb_image src=\u00a0\u00bbhttps:\/\/africaalliance.ipas.org\/wp-content\/uploads\/2024\/07\/ESAParc-Committee-scaled.jpg\u00a0\u00bb alt=\u00a0\u00bbComit\u00e9 ESParc\u00a0\u00bb title_text=\u00a0\u00bbComit\u00e9 ESAParc\u00a0\u00bb _builder_version=\u00a0\u00bb4.27.0&Prime; _module_preset=\u00a0\u00bbdefault\u00a0\u00bb global_colors_info=\u00a0\u00bb{}\u00a0\u00bb theme_builder_area=\u00a0\u00bbpost_content\u00a0\u00bb][\/et_pb_image][\/et_pb_column][\/et_pb_row][et_pb_row _builder_version=\u00a0\u00bb4.27.4&Prime; _module_preset=\u00a0\u00bbdefault\u00a0\u00bb global_colors_info=\u00a0\u00bb{}\u00a0\u00bb theme_builder_area=\u00a0\u00bbpost_content\u00a0\u00bb][et_pb_column type=\u00a0\u00bb4_4&Prime; _builder_version=\u00a0\u00bb4.25.1&Prime; _module_preset=\u00a0\u00bbdefault\u00a0\u00bb global_colors_info=\u00a0\u00bb{}\u00a0\u00bb theme_builder_area=\u00a0\u00bbpost_content\u00a0\u00bb][et_pb_text ol_position=\u00a0\u00bboutside\u00a0\u00bb ol_item_indent=\u00a0\u00bb40px\u00a0\u00bb _builder_version=\u00a0\u00bb4.27.2&Prime; _module_preset=\u00a0\u00bbdefault\u00a0\u00bb text_font=\u00a0\u00bb&#8211;et_global_body_font||||||||\u00a0\u00bb text_text_color=\u00a0\u00bb#2E3856&Prime; text_font_size=\u00a0\u00bb18px\u00a0\u00bb ol_text_align=\u00a0\u00bbleft\u00a0\u00bb header_text_color=\u00a0\u00bb#F47B20&Prime; header_2_font=\u00a0\u00bbABCWhyteInktrap-HEAVY|800|||||||\u00a0\u00bb header_2_text_color=\u00a0\u00bb#F15A29&Prime; header_2_font_size=\u00a0\u00bb60px\u00a0\u00bb header_2_font_size_tablet=\u00a0\u00bb40px\u00a0\u00bb header_2_font_size_phone=\u00a0\u00bb24px\u00a0\u00bb global_colors_info=\u00a0\u00bb{}\u00a0\u00bb theme_builder_area=\u00a0\u00bbpost_content\u00a0\u00bb]Face \u00e0 l&rsquo;influence croissante des groupes anti-droits dans la r\u00e9gion, nous avons int\u00e9gr\u00e9 la surveillance de l&rsquo;opposition et l&rsquo;\u00e9laboration de strat\u00e9gies dans notre programmation afin d&rsquo;att\u00e9nuer efficacement les efforts d\u00e9ploy\u00e9s contre les droits de l&rsquo;homme et la sant\u00e9 g\u00e9n\u00e9sique. Nous nous appuyons fortement sur le partage de donn\u00e9es et d&rsquo;autres \u00e9l\u00e9ments probants pour \u00e9laborer des solutions innovantes qui font progresser la sant\u00e9 et les droits g\u00e9n\u00e9siques. <\/p>\n<p>Nous mettons en \u0153uvre les interventions strat\u00e9giques susmentionn\u00e9es en<\/p>\n<ol style=\"margin-top:20px;\">\n<li>Suivre, soutenir et d\u00e9fendre l&rsquo;am\u00e9lioration progressive des cadres juridiques et politiques en Afrique afin de d\u00e9p\u00e9naliser la sant\u00e9 et les droits sexuels et g\u00e9n\u00e9siques et de s&rsquo;aligner sur les normes des droits de l&rsquo;homme,<\/li>\n<li>Plaider aupr\u00e8s des d\u00e9cideurs politiques et des autres parties prenantes pour garantir une allocation budg\u00e9taire, un financement et des engagements de financement ad\u00e9quats afin de r\u00e9pondre aux besoins en mati\u00e8re de sant\u00e9 sexuelle et reproductive et d&rsquo;assurer un acc\u00e8s durable aux soins,<\/li>\n<li>Participer aux m\u00e9canismes d&rsquo;\u00e9tablissement de rapports et de d\u00e9fense des droits de l&rsquo;homme (travaux des Nations unies, organes de surveillance des trait\u00e9s, organes r\u00e9gionaux, etc.) par le biais de lettres virtuelles, de s\u00e9ances d&rsquo;information des Nations unies, de la participation \u00e0 des coalitions et r\u00e9seaux de d\u00e9fense, de r\u00e9unions mondiales, de t\u00e9moignages d&rsquo;experts, de la participation \u00e0 des d\u00e9l\u00e9gations nationales, etc. afin de veiller \u00e0 ce que les droits des femmes et des filles en mati\u00e8re de sant\u00e9 sexuelle et g\u00e9n\u00e9sique soient pris en compte,<\/li>\n<li>Suivre, soutenir, engager et institutionnaliser les relations avec les m\u00e9canismes, institutions et r\u00e9seaux nationaux et r\u00e9gionaux de responsabilisation en mati\u00e8re de droits de l&rsquo;homme afin de garantir un engagement et un contr\u00f4le solides de la part des principales parties prenantes (y compris le contr\u00f4le et le suivi de l&rsquo;acc\u00e8s par le gouvernement, la participation sociale, le contr\u00f4le et la conception des droits de l&rsquo;homme) pour rendre compte des violations des droits de l&rsquo;homme et des lacunes dans les politiques et les lois concernant l&rsquo;acc\u00e8s aux droits sexuels et g\u00e9n\u00e9siques,<\/li>\n<li>Amplifier la voix des femmes et des filles afin de promouvoir une meilleure compr\u00e9hension de leurs besoins et de leurs droits en mati\u00e8re de SDSR, ainsi que de leurs points de vue sur les obstacles \u00e0 l&rsquo;acc\u00e8s,<\/li>\n<li>Mobilisation des ressources et soutien \u00e0 la surveillance de l&rsquo;opposition et \u00e0 l&rsquo;att\u00e9nuation des principaux efforts anti-choix, ainsi qu&rsquo;\u00e0 l&rsquo;\u00e9laboration d&rsquo;une strat\u00e9gie dans tous les domaines de programmation,<\/li>\n<li>D\u00e9velopper et diffuser des informations et des outils, y compris des strat\u00e9gies de r\u00e9ponse, afin d&rsquo;att\u00e9nuer l&rsquo;impact des acteurs qui luttent contre les droits de l&rsquo;homme et les droits sociaux fondamentaux, et<\/li>\n<li>Collecter, analyser et partager des donn\u00e9es fiables et d&rsquo;autres \u00e9l\u00e9ments avec les d\u00e9cideurs politiques et les principales parties prenantes afin d&rsquo;informer et de soutenir leur capacit\u00e9 \u00e0 identifier des solutions qui am\u00e9liorent l&rsquo;acc\u00e8s aux SDSR.<\/li>\n<\/ol>\n<p>[\/et_pb_text][\/et_pb_column][\/et_pb_row][\/et_pb_section][et_pb_section fb_built=\u00a0\u00bb1&Prime; theme_builder_area=\u00a0\u00bbpost_content\u00a0\u00bb _builder_version=\u00a0\u00bb4.27.4&Prime; _module_preset=\u00a0\u00bbdefault\u00a0\u00bb locked=\u00a0\u00bboff\u00a0\u00bb][et_pb_row _builder_version=\u00a0\u00bb4.27.4&Prime; custom_margin=\u00a0\u00bb0px||0px||false|false\u00a0\u00bb custom_padding=\u00a0\u00bb0px||0px||false|false\u00a0\u00bb global_colors_info=\u00a0\u00bb{}\u00a0\u00bb theme_builder_area=\u00a0\u00bbpost_content\u00a0\u00bb][et_pb_column type=\u00a0\u00bb4_4&Prime; _builder_version=\u00a0\u00bb4.16&Prime; global_colors_info=\u00a0\u00bb{}\u00a0\u00bb theme_builder_area=\u00a0\u00bbpost_content\u00a0\u00bb][et_pb_text _builder_version=\u00a0\u00bb4.27.4&Prime; header_text_color=\u00a0\u00bb#F47B20&Prime; header_2_font=\u00a0\u00bb&#8211;et_global_heading_font|800|||||||\u00a0\u00bb header_2_text_color=\u00a0\u00bb#2E3856&Prime; header_2_font_size=\u00a0\u00bb32px\u00a0\u00bb global_colors_info=\u00a0\u00bb{}\u00a0\u00bb theme_builder_area=\u00a0\u00bbpost_content\u00a0\u00bb]<\/p>\n<h2><b>Ressources<\/b><b><\/b><\/h2>\n<p>[\/et_pb_text][\/et_pb_column][\/et_pb_row][et_pb_row _builder_version=\u00a0\u00bb4.27.4&Prime; _module_preset=\u00a0\u00bbdefault\u00a0\u00bb theme_builder_area=\u00a0\u00bbpost_content\u00a0\u00bb custom_margin=\u00a0\u00bb0px||0px||false|false\u00a0\u00bb custom_padding=\u00a0\u00bb0px||0px||false|false\u00a0\u00bb hover_enabled=\u00a0\u00bb0&Prime; sticky_enabled=\u00a0\u00bb0&Prime;][et_pb_column _builder_version=\u00a0\u00bb4.27.4&Prime; _module_preset=\u00a0\u00bbdefault\u00a0\u00bb type=\u00a0\u00bb4_4&Prime; theme_builder_area=\u00a0\u00bbpost_content\u00a0\u00bb][toolset_divi_view _builder_version=\u00a0\u00bb4.27.4&Prime; _module_preset=\u00a0\u00bbdefault\u00a0\u00bb theme_builder_area=\u00a0\u00bbpost_content\u00a0\u00bb toolset_view=\u00a0\u00bbresources-policy\u00a0\u00bb hover_enabled=\u00a0\u00bb0&Prime; sticky_enabled=\u00a0\u00bb0&Prime;][\/toolset_divi_view][\/et_pb_column][\/et_pb_row][\/et_pb_section][et_pb_section fb_built=\u00a0\u00bb1&Prime; _builder_version=\u00a0\u00bb4.27.4&Prime; _module_preset=\u00a0\u00bbdefault\u00a0\u00bb locked=\u00a0\u00bboff\u00a0\u00bb global_colors_info=\u00a0\u00bb{}\u00a0\u00bb theme_builder_area=\u00a0\u00bbpost_content\u00a0\u00bb][et_pb_row _builder_version=\u00a0\u00bb4.27.4&Prime; custom_margin=\u00a0\u00bb0px||0px||false|false\u00a0\u00bb custom_padding=\u00a0\u00bb0px||0px||false|false\u00a0\u00bb global_colors_info=\u00a0\u00bb{}\u00a0\u00bb theme_builder_area=\u00a0\u00bbpost_content\u00a0\u00bb][et_pb_column type=\u00a0\u00bb4_4&Prime; _builder_version=\u00a0\u00bb4.16&Prime; global_colors_info=\u00a0\u00bb{}\u00a0\u00bb theme_builder_area=\u00a0\u00bbpost_content\u00a0\u00bb][et_pb_text _builder_version=\u00a0\u00bb4.27.4&Prime; header_text_color=\u00a0\u00bb#F47B20&Prime; header_2_font=\u00a0\u00bb&#8211;et_global_heading_font|800|||||||\u00a0\u00bb header_2_text_color=\u00a0\u00bb#2E3856&Prime; header_2_font_size=\u00a0\u00bb32px\u00a0\u00bb global_colors_info=\u00a0\u00bb{}\u00a0\u00bb theme_builder_area=\u00a0\u00bbpost_content\u00a0\u00bb]<\/p>\n<h2><b>Actualit\u00e9s<\/b><b><\/b><\/h2>\n<p>[\/et_pb_text][\/et_pb_column][\/et_pb_row][et_pb_row _builder_version=\u00a0\u00bb4.27.4&Prime; _module_preset=\u00a0\u00bbdefault\u00a0\u00bb custom_margin=\u00a0\u00bb0px||||false|false\u00a0\u00bb custom_padding=\u00a0\u00bb0px||||false|false\u00a0\u00bb global_colors_info=\u00a0\u00bb{}\u00a0\u00bb theme_builder_area=\u00a0\u00bbpost_content\u00a0\u00bb][et_pb_column type=\u00a0\u00bb4_4&Prime; _builder_version=\u00a0\u00bb4.27.4&Prime; _module_preset=\u00a0\u00bbdefault\u00a0\u00bb global_colors_info=\u00a0\u00bb{}\u00a0\u00bb theme_builder_area=\u00a0\u00bbpost_content\u00a0\u00bb][toolset_divi_view toolset_view=\u00a0\u00bbnews-policy\u00a0\u00bb _builder_version=\u00a0\u00bb4.27.4&Prime; _module_preset=\u00a0\u00bbdefault\u00a0\u00bb global_colors_info=\u00a0\u00bb{}\u00a0\u00bb theme_builder_area=\u00a0\u00bbpost_content\u00a0\u00bb][\/toolset_divi_view][\/et_pb_column][\/et_pb_row][\/et_pb_section]<\/p>\n","protected":false},"excerpt":{"rendered":"<p>L&rsquo;unit\u00e9 de politique et de plaidoyer de l&rsquo;Alliance Ipas Afrique a pour principal objectif d&rsquo;assurer le renforcement des lois et des politiques en faveur de la justice reproductive aux niveaux national et r\u00e9gional. Nous cherchons \u00e0 atteindre cet objectif par la cr\u00e9ation de liens entre les politiques, le plaidoyer et les parcours de soins, afin d&rsquo;\u00e9largir l&rsquo;environnement juridique, politique et strat\u00e9gique favorable \u00e0 la sant\u00e9 sexuelle et reproductive. En outre, nous engageons et soutenons les m\u00e9canismes r\u00e9gionaux de responsabilisation en mati\u00e8re de droits de l&rsquo;homme afin de garantir qu&rsquo;ils fonctionnent et qu&rsquo;ils sont activement utilis\u00e9s pour promouvoir l&rsquo;acc\u00e8s \u00e0 la sant\u00e9 et aux droits en mati\u00e8re de procr\u00e9ation. Un discours public positif et une compr\u00e9hension factuelle de la sant\u00e9 g\u00e9n\u00e9sique en tant que question concernant la dignit\u00e9 humaine, l&rsquo;autonomie corporelle et le libre choix constituent un pilier essentiel de la r\u00e9ussite de l&rsquo;objectif principal de l&rsquo;unit\u00e9. Face \u00e0 l&rsquo;influence croissante des groupes anti-droits dans la r\u00e9gion, nous avons int\u00e9gr\u00e9 la surveillance de l&rsquo;opposition et l&rsquo;\u00e9laboration de strat\u00e9gies dans notre programmation afin d&rsquo;att\u00e9nuer efficacement les efforts d\u00e9ploy\u00e9s contre les droits de l&rsquo;homme et la sant\u00e9 g\u00e9n\u00e9sique. Nous nous appuyons fortement sur le partage de donn\u00e9es et d&rsquo;autres \u00e9l\u00e9ments probants pour \u00e9laborer [&hellip;]<\/p>\n","protected":false},"author":2,"featured_media":0,"parent":1926,"menu_order":0,"comment_status":"closed","ping_status":"closed","template":"","meta":{"_et_pb_use_builder":"on","_et_pb_old_content":"","_et_gb_content_width":"","inline_featured_image":false,"footnotes":""},"class_list":["post-2081","page","type-page","status-publish","hentry"],"_links":{"self":[{"href":"https:\/\/africaalliance.ipas.org\/fr\/wp-json\/wp\/v2\/pages\/2081","targetHints":{"allow":["GET"]}}],"collection":[{"href":"https:\/\/africaalliance.ipas.org\/fr\/wp-json\/wp\/v2\/pages"}],"about":[{"href":"https:\/\/africaalliance.ipas.org\/fr\/wp-json\/wp\/v2\/types\/page"}],"author":[{"embeddable":true,"href":"https:\/\/africaalliance.ipas.org\/fr\/wp-json\/wp\/v2\/users\/2"}],"replies":[{"embeddable":true,"href":"https:\/\/africaalliance.ipas.org\/fr\/wp-json\/wp\/v2\/comments?post=2081"}],"version-history":[{"count":0,"href":"https:\/\/africaalliance.ipas.org\/fr\/wp-json\/wp\/v2\/pages\/2081\/revisions"}],"up":[{"embeddable":true,"href":"https:\/\/africaalliance.ipas.org\/fr\/wp-json\/wp\/v2\/pages\/1926"}],"wp:attachment":[{"href":"https:\/\/africaalliance.ipas.org\/fr\/wp-json\/wp\/v2\/media?parent=2081"}],"curies":[{"name":"wp","href":"https:\/\/api.w.org\/{rel}","templated":true}]}}