{"id":2079,"date":"2025-03-11T14:16:28","date_gmt":"2025-03-11T14:16:28","guid":{"rendered":"https:\/\/africaalliance.ipas.org\/ce-que-nous-faisons\/recherche-et-production-de-preuves\/"},"modified":"2025-03-11T14:17:03","modified_gmt":"2025-03-11T14:17:03","slug":"recherche-et-production-de-preuves","status":"publish","type":"page","link":"https:\/\/africaalliance.ipas.org\/fr\/ce-que-nous-faisons\/recherche-et-production-de-preuves\/","title":{"rendered":"Recherche et production de preuves"},"content":{"rendered":"<p>[et_pb_section fb_built=\u00a0\u00bb1&Prime; _builder_version=\u00a0\u00bb4.27.4&Prime; _module_preset=\u00a0\u00bbc8ce0128-8f16-4b45-906e-dcf2caf448f9&Prime; background_enable_color=\u00a0\u00bboff\u00a0\u00bb background_image=\u00a0\u00bbhttps:\/\/africaalliance.ipas.org\/wp-content\/uploads\/2024\/07\/Research-and-Evidence-Image@0.5x-scaled.jpg\u00a0\u00bb width=\u00a0\u00bb100%\u00a0\u00bb max_width=\u00a0\u00bb100%\u00a0\u00bb module_alignment=\u00a0\u00bbcenter\u00a0\u00bb min_height=\u00a0\u00bb30vw\u00a0\u00bb custom_margin=\u00a0\u00bb|0px|0vw|0px|false|false\u00a0\u00bb custom_padding=\u00a0\u00bb0px|0px|0vw|0px|false|false\u00a0\u00bb hover_enabled=\u00a0\u00bb0&Prime; locked=\u00a0\u00bboff\u00a0\u00bb global_colors_info=\u00a0\u00bb{}\u00a0\u00bb theme_builder_area=\u00a0\u00bbpost_content\u00a0\u00bb alt=\u00a0\u00bbWomen sitting in the grass with researcher\u00a0\u00bb title_text=\u00a0\u00bbResearch and Evidence Image@0.5x\u00a0\u00bb sticky_enabled=\u00a0\u00bb0&Prime;][et_pb_row _builder_version=\u00a0\u00bb4.27.4&Prime; _module_preset=\u00a0\u00bb8933fe09-e060-40d7-8a99-388c57b68455&Prime; width=\u00a0\u00bb100%\u00a0\u00bb module_alignment=\u00a0\u00bbcenter\u00a0\u00bb custom_margin=\u00a0\u00bb||||false|false\u00a0\u00bb global_colors_info=\u00a0\u00bb{}\u00a0\u00bb theme_builder_area=\u00a0\u00bbpost_content\u00a0\u00bb][et_pb_column type=\u00a0\u00bb4_4&Prime; _builder_version=\u00a0\u00bb4.16&Prime; _module_preset=\u00a0\u00bbdefault\u00a0\u00bb global_colors_info=\u00a0\u00bb{}\u00a0\u00bb theme_builder_area=\u00a0\u00bbpost_content\u00a0\u00bb][\/et_pb_column][\/et_pb_row][\/et_pb_section][et_pb_section fb_built=\u00a0\u00bb1&Prime; module_id=\u00a0\u00bbrecherche\u00a0\u00bb _builder_version=\u00a0\u00bb4.25.1&Prime; _module_preset=\u00a0\u00bbdefault\u00a0\u00bb background_enable_color=\u00a0\u00bboff\u00a0\u00bb background_enable_image=\u00a0\u00bboff\u00a0\u00bb background_size=\u00a0\u00bbinitial\u00a0\u00bb background_repeat=\u00a0\u00bbrepeat\u00a0\u00bb module_alignment=\u00a0\u00bbcenter\u00a0\u00bb custom_margin_tablet=\u00a0\u00bb0px||0px||false|false\u00a0\u00bb custom_margin_phone=\u00a0\u00bb0px||0px||false|false\u00a0\u00bb custom_margin_last_edited=\u00a0\u00bbon|phone\u00a0\u00bb custom_padding=\u00a0\u00bb0px|11px|0px||false|false\u00a0\u00bb global_colors_info=\u00a0\u00bb{}\u00a0\u00bb theme_builder_area=\u00a0\u00bbpost_content\u00a0\u00bb locked=\u00a0\u00bboff\u00a0\u00bb][et_pb_row column_structure=\u00a0\u00bb1_2,1_2&Prime; use_custom_gutter=\u00a0\u00bbon\u00a0\u00bb gutter_width=\u00a0\u00bb2&Prime; _builder_version=\u00a0\u00bb4.27.4&Prime; _module_preset=\u00a0\u00bb_initial\u00a0\u00bb background_enable_image=\u00a0\u00bboff\u00a0\u00bb max_width=\u00a0\u00bb100%\u00a0\u00bb hover_enabled=\u00a0\u00bb0&Prime; global_colors_info=\u00a0\u00bb{}\u00a0\u00bb theme_builder_area=\u00a0\u00bbpost_content\u00a0\u00bb custom_margin=\u00a0\u00bb2vw||||false|false\u00a0\u00bb sticky_enabled=\u00a0\u00bb0&Prime;][et_pb_column type=\u00a0\u00bb1_2&Prime; _builder_version=\u00a0\u00bb4.16&Prime; _module_preset=\u00a0\u00bbdefault\u00a0\u00bb global_colors_info=\u00a0\u00bb{}\u00a0\u00bb theme_builder_area=\u00a0\u00bbpost_content\u00a0\u00bb][et_pb_text _builder_version=\u00a0\u00bb4.27.2&Prime; _module_preset=\u00a0\u00bb_initial\u00a0\u00bb text_font=\u00a0\u00bb&#8211;et_global_body_font||||||||\u00a0\u00bb text_text_color=\u00a0\u00bb#2E3856&Prime; text_font_size=\u00a0\u00bb18px\u00a0\u00bb header_text_color=\u00a0\u00bb#F47B20&Prime; header_2_font=\u00a0\u00bbABCWhyteInktrap-HEAVY|800|||||||\u00a0\u00bb header_2_text_color=\u00a0\u00bb#F15A29&Prime; header_2_font_size=\u00a0\u00bb60px\u00a0\u00bb transform_scale_tablet=\u00a0\u00bb\u00a0\u00bb transform_scale_phone=\u00a0\u00bb\u00a0\u00bb transform_scale_last_edited=\u00a0\u00bbon|desktop\u00a0\u00bb transform_translate_tablet=\u00a0\u00bb\u00a0\u00bb transform_translate_phone=\u00a0\u00bb\u00a0\u00bb transform_translate_last_edited=\u00a0\u00bbon|desktop\u00a0\u00bb transform_rotate_tablet=\u00a0\u00bb\u00a0\u00bb transform_rotate_phone=\u00a0\u00bb\u00a0\u00bb transform_rotate_last_edited=\u00a0\u00bbon|desktop\u00a0\u00bb transform_skew_tablet=\u00a0\u00bb\u00a0\u00bb transform_skew_phone=\u00a0\u00bb\u00a0\u00bb transform_skew_last_edited=\u00a0\u00bbon|desktop\u00a0\u00bb transform_origin_tablet=\u00a0\u00bb\u00a0\u00bb transform_origin_phone=\u00a0\u00bb\u00a0\u00bb transform_origin_last_edited=\u00a0\u00bbon|desktop\u00a0\u00bb header_2_font_size_tablet=\u00a0\u00bb40px\u00a0\u00bb header_2_font_size_phone=\u00a0\u00bb24px\u00a0\u00bb global_colors_info=\u00a0\u00bb{}\u00a0\u00bb theme_builder_area=\u00a0\u00bbpost_content\u00a0\u00bb]<\/p>\n<p>Ipas Africa Alliance (AA) appr\u00e9cie les contributions de la recherche \u00e0 la recherche de solutions aux probl\u00e8mes de sant\u00e9 sexuelle et reproductive (SRHR) qui affectent les femmes et les filles. En 2023, AA a men\u00e9 une initiative de recherche sur la mani\u00e8re dont le changement climatique contribue \u00e0 limiter l&rsquo;acc\u00e8s aux services essentiels de sant\u00e9 sexuelle et reproductive parmi la population vivant dans les zones arides et semi-arides (ASAL).<\/p>\n<p>La recherche comble une lacune concernant l&rsquo;impact du changement climatique sur la sant\u00e9 et les droits sexuels et reproductifs dans les communaut\u00e9s ASAL. Les r\u00e9sultats de l&rsquo;\u00e9tude mettent en \u00e9vidence les rigueurs impos\u00e9es aux moyens de subsistance traditionnels des pasteurs par la d\u00e9gradation de l&rsquo;environnement, ce qui entra\u00eene des conflits avec les groupes ethniques voisins pour des p\u00e2turages limit\u00e9s et un b\u00e9tail en diminution. <\/p>\n<p>Les migrations qui en r\u00e9sultent augmentent les distances par rapport aux centres de sant\u00e9, interrompant l&rsquo;utilisation des contraceptifs, augmentant l&rsquo;incidence des grossesses non planifi\u00e9es et des avortements \u00e0 risque.<\/p>\n<p>[\/et_pb_text][\/et_pb_column][et_pb_column type=\u00a0\u00bb1_2&Prime; _builder_version=\u00a0\u00bb4.27.0&Prime; _module_preset=\u00a0\u00bbdefault\u00a0\u00bb background_enable_image=\u00a0\u00bboff\u00a0\u00bb background_size=\u00a0\u00bbcontain\u00a0\u00bb global_colors_info=\u00a0\u00bb{}\u00a0\u00bb theme_builder_area=\u00a0\u00bbpost_content\u00a0\u00bb][et_pb_image src=\u00a0\u00bbhttps:\/\/africaalliance.ipas.org\/wp-content\/uploads\/2024\/07\/Research-and-Evidence-Image@0.5x-scaled.jpg\u00a0\u00bb alt=\u00a0\u00bbFemmes assises dans l&#039;herbe avec un chercheur\u00a0\u00bb title_text=\u00a0\u00bbRecherche et donn\u00e9es probantes Image@0.5x\u00a0\u00bb _builder_version=\u00a0\u00bb4.27.0&Prime; _module_preset=\u00a0\u00bbdefault\u00a0\u00bb global_colors_info=\u00a0\u00bb{}\u00a0\u00bb theme_builder_area=\u00a0\u00bbpost_content\u00a0\u00bb][\/et_pb_image][\/et_pb_column][\/et_pb_row][et_pb_row make_equal=\u00a0\u00bbon\u00a0\u00bb _builder_version=\u00a0\u00bb4.27.2&Prime; _module_preset=\u00a0\u00bb_initial\u00a0\u00bb background_enable_image=\u00a0\u00bboff\u00a0\u00bb max_width=\u00a0\u00bb100%\u00a0\u00bb custom_margin=\u00a0\u00bb0px||||false|false\u00a0\u00bb custom_padding=\u00a0\u00bb0px||||false|false\u00a0\u00bb global_colors_info=\u00a0\u00bb{}\u00a0\u00bb theme_builder_area=\u00a0\u00bbpost_content\u00a0\u00bb][et_pb_column type=\u00a0\u00bb4_4&Prime; _builder_version=\u00a0\u00bb4.16&Prime; _module_preset=\u00a0\u00bbdefault\u00a0\u00bb global_colors_info=\u00a0\u00bb{}\u00a0\u00bb theme_builder_area=\u00a0\u00bbpost_content\u00a0\u00bb][et_pb_text _builder_version=\u00a0\u00bb4.27.2&Prime; _module_preset=\u00a0\u00bb_initial\u00a0\u00bb text_font=\u00a0\u00bb&#8211;et_global_body_font||||||||\u00a0\u00bb text_text_color=\u00a0\u00bb#2E3856&Prime; text_font_size=\u00a0\u00bb18px\u00a0\u00bb header_text_color=\u00a0\u00bb#F47B20&Prime; header_2_font=\u00a0\u00bbABCWhyteInktrap-HEAVY|800|||||||\u00a0\u00bb header_2_text_color=\u00a0\u00bb#F15A29&Prime; header_2_font_size=\u00a0\u00bb60px\u00a0\u00bb transform_scale_tablet=\u00a0\u00bb\u00a0\u00bb transform_scale_phone=\u00a0\u00bb\u00a0\u00bb transform_scale_last_edited=\u00a0\u00bbon|desktop\u00a0\u00bb transform_translate_tablet=\u00a0\u00bb\u00a0\u00bb transform_translate_phone=\u00a0\u00bb\u00a0\u00bb transform_translate_last_edited=\u00a0\u00bbon|desktop\u00a0\u00bb transform_rotate_tablet=\u00a0\u00bb\u00a0\u00bb transform_rotate_phone=\u00a0\u00bb\u00a0\u00bb transform_rotate_last_edited=\u00a0\u00bbon|desktop\u00a0\u00bb transform_skew_tablet=\u00a0\u00bb\u00a0\u00bb transform_skew_phone=\u00a0\u00bb\u00a0\u00bb transform_skew_last_edited=\u00a0\u00bbon|desktop\u00a0\u00bb transform_origin_tablet=\u00a0\u00bb\u00a0\u00bb transform_origin_phone=\u00a0\u00bb\u00a0\u00bb transform_origin_last_edited=\u00a0\u00bbon|desktop\u00a0\u00bb header_2_font_size_tablet=\u00a0\u00bb40px\u00a0\u00bb header_2_font_size_phone=\u00a0\u00bb24px\u00a0\u00bb global_colors_info=\u00a0\u00bb{}\u00a0\u00bb theme_builder_area=\u00a0\u00bbpost_content\u00a0\u00bb]<\/p>\n<p>Les femmes enceintes et les femmes en post-partum sont vuln\u00e9rables aux fausses couches, aux accouchements non qualifi\u00e9s et \u00e0 la difficult\u00e9 de produire du lait maternel pendant la s\u00e9cheresse. Les r\u00e9sultats de l&rsquo;\u00e9tude concernant les strat\u00e9gies d&rsquo;adaptation locales aux changements climatiques et aux risques li\u00e9s aux syst\u00e8mes de sant\u00e9 permettront d&rsquo;informer les actions climatiques int\u00e9gr\u00e9es dans les droits de l&rsquo;homme et les droits sexuels et reproductifs afin de renforcer la r\u00e9silience des communaut\u00e9s ASAL et des syst\u00e8mes de sant\u00e9. <\/p>\n<p>La m\u00eame ann\u00e9e, Ipas Africa Alliance a publi\u00e9 un article dans BMC Women&rsquo;s Health, intitul\u00e9 \u00ab\u00a0Pathways to medical abortion self-use (MASU) : results from a cross-sectional survey of women&rsquo;s experiences in Kenya and Uganda\u00a0\u00bb (Voies vers l&rsquo;auto-utilisation de l&rsquo;avortement m\u00e9dical (MASU) : r\u00e9sultats d&rsquo;une enqu\u00eate transversale sur les exp\u00e9riences des femmes au Kenya et en Ouganda). Cette \u00e9tude a permis d&rsquo;enrichir l&rsquo;ensemble des connaissances sur les exp\u00e9riences des femmes en mati\u00e8re d&rsquo;avortement m\u00e9dical (AM). Elle a mis en \u00e9vidence le r\u00f4le essentiel jou\u00e9 par les membres de la communaut\u00e9 en tant que source d&rsquo;information pr\u00e9cieuse sur l&rsquo;AM.  <\/p>\n<p>[\/et_pb_text][\/et_pb_column][\/et_pb_row][\/et_pb_section]<\/p>\n","protected":false},"excerpt":{"rendered":"<p>Ipas Africa Alliance (AA) appr\u00e9cie les contributions de la recherche \u00e0 la recherche de solutions aux probl\u00e8mes de sant\u00e9 sexuelle et reproductive (SRHR) qui affectent les femmes et les filles. En 2023, AA a men\u00e9 une initiative de recherche sur la mani\u00e8re dont le changement climatique contribue \u00e0 limiter l&rsquo;acc\u00e8s aux services essentiels de sant\u00e9 sexuelle et reproductive parmi la population vivant dans les zones arides et semi-arides (ASAL). La recherche comble une lacune concernant l&rsquo;impact du changement climatique sur la sant\u00e9 et les droits sexuels et reproductifs dans les communaut\u00e9s ASAL. Les r\u00e9sultats de l&rsquo;\u00e9tude mettent en \u00e9vidence les rigueurs impos\u00e9es aux moyens de subsistance traditionnels des pasteurs par la d\u00e9gradation de l&rsquo;environnement, ce qui entra\u00eene des conflits avec les groupes ethniques voisins pour des p\u00e2turages limit\u00e9s et un b\u00e9tail en diminution. Les migrations qui en r\u00e9sultent augmentent les distances par rapport aux centres de sant\u00e9, interrompant l&rsquo;utilisation des contraceptifs, augmentant l&rsquo;incidence des grossesses non planifi\u00e9es et des avortements \u00e0 risque.Les femmes enceintes et les femmes en post-partum sont vuln\u00e9rables aux fausses couches, aux accouchements non qualifi\u00e9s et \u00e0 la difficult\u00e9 de produire du lait maternel pendant la s\u00e9cheresse. Les r\u00e9sultats de l&rsquo;\u00e9tude concernant les strat\u00e9gies d&rsquo;adaptation locales aux [&hellip;]<\/p>\n","protected":false},"author":2,"featured_media":0,"parent":1926,"menu_order":0,"comment_status":"closed","ping_status":"closed","template":"","meta":{"_et_pb_use_builder":"on","_et_pb_old_content":"","_et_gb_content_width":"","inline_featured_image":false,"footnotes":""},"class_list":["post-2079","page","type-page","status-publish","hentry"],"_links":{"self":[{"href":"https:\/\/africaalliance.ipas.org\/fr\/wp-json\/wp\/v2\/pages\/2079","targetHints":{"allow":["GET"]}}],"collection":[{"href":"https:\/\/africaalliance.ipas.org\/fr\/wp-json\/wp\/v2\/pages"}],"about":[{"href":"https:\/\/africaalliance.ipas.org\/fr\/wp-json\/wp\/v2\/types\/page"}],"author":[{"embeddable":true,"href":"https:\/\/africaalliance.ipas.org\/fr\/wp-json\/wp\/v2\/users\/2"}],"replies":[{"embeddable":true,"href":"https:\/\/africaalliance.ipas.org\/fr\/wp-json\/wp\/v2\/comments?post=2079"}],"version-history":[{"count":0,"href":"https:\/\/africaalliance.ipas.org\/fr\/wp-json\/wp\/v2\/pages\/2079\/revisions"}],"up":[{"embeddable":true,"href":"https:\/\/africaalliance.ipas.org\/fr\/wp-json\/wp\/v2\/pages\/1926"}],"wp:attachment":[{"href":"https:\/\/africaalliance.ipas.org\/fr\/wp-json\/wp\/v2\/media?parent=2079"}],"curies":[{"name":"wp","href":"https:\/\/api.w.org\/{rel}","templated":true}]}}