{"id":2071,"date":"2025-03-11T14:07:54","date_gmt":"2025-03-11T14:07:54","guid":{"rendered":"https:\/\/africaalliance.ipas.org\/ce-que-nous-faisons\/renforcement-des-systemes-de-sante\/"},"modified":"2025-03-11T14:09:59","modified_gmt":"2025-03-11T14:09:59","slug":"renforcement-des-systemes-de-sante","status":"publish","type":"page","link":"https:\/\/africaalliance.ipas.org\/fr\/ce-que-nous-faisons\/renforcement-des-systemes-de-sante\/","title":{"rendered":"Renforcement des syst\u00e8mes de sant\u00e9"},"content":{"rendered":"<p>[et_pb_section fb_built=\u00a0\u00bb1&Prime; _builder_version=\u00a0\u00bb4.27.4&Prime; _module_preset=\u00a0\u00bbc8ce0128-8f16-4b45-906e-dcf2caf448f9&Prime; background_enable_color=\u00a0\u00bboff\u00a0\u00bb background_image=\u00a0\u00bbhttps:\/\/africaalliance.ipas.org\/wp-content\/uploads\/2024\/07\/health-systems-scaled.jpg\u00a0\u00bb width=\u00a0\u00bb100%\u00a0\u00bb max_width=\u00a0\u00bb100%\u00a0\u00bb module_alignment=\u00a0\u00bbcenter\u00a0\u00bb min_height=\u00a0\u00bb30vw\u00a0\u00bb custom_margin=\u00a0\u00bb|0px|0vw|0px|false|false\u00a0\u00bb custom_padding=\u00a0\u00bb0px|0px|0vw|0px|false|false\u00a0\u00bb locked=\u00a0\u00bboff\u00a0\u00bb global_colors_info=\u00a0\u00bb{}\u00a0\u00bb theme_builder_area=\u00a0\u00bbpost_content\u00a0\u00bb][et_pb_row _builder_version=\u00a0\u00bb4.27.4&Prime; _module_preset=\u00a0\u00bb8933fe09-e060-40d7-8a99-388c57b68455&Prime; width=\u00a0\u00bb100%\u00a0\u00bb module_alignment=\u00a0\u00bbcenter\u00a0\u00bb custom_margin=\u00a0\u00bb||||false|false\u00a0\u00bb global_colors_info=\u00a0\u00bb{}\u00a0\u00bb theme_builder_area=\u00a0\u00bbpost_content\u00a0\u00bb][et_pb_column type=\u00a0\u00bb4_4&Prime; _builder_version=\u00a0\u00bb4.16&Prime; _module_preset=\u00a0\u00bbdefault\u00a0\u00bb global_colors_info=\u00a0\u00bb{}\u00a0\u00bb theme_builder_area=\u00a0\u00bbpost_content\u00a0\u00bb][\/et_pb_column][\/et_pb_row][\/et_pb_section][et_pb_section fb_built=\u00a0\u00bb1&Prime; module_id=\u00a0\u00bbsyst\u00e8me de sant\u00e9\u00a0\u00bb _builder_version=\u00a0\u00bb4.26.1&Prime; _module_preset=\u00a0\u00bbdefault\u00a0\u00bb background_color=\u00a0\u00bb#FFFFFF\u00a0\u00bb background_enable_image=\u00a0\u00bboff\u00a0\u00bb background_size=\u00a0\u00bbinitial\u00a0\u00bb background_repeat=\u00a0\u00bbrepeat\u00a0\u00bb module_alignment=\u00a0\u00bbcenter\u00a0\u00bb custom_margin_tablet=\u00a0\u00bb0px||0px||false|false\u00a0\u00bb custom_margin_phone=\u00a0\u00bb0px||0px||false|false\u00a0\u00bb custom_margin_last_edited=\u00a0\u00bbon|phone\u00a0\u00bb custom_padding=\u00a0\u00bb0px|11px|0px||false|false\u00a0\u00bb locked=\u00a0\u00bboff\u00a0\u00bb global_colors_info=\u00a0\u00bb{}\u00a0\u00bb theme_builder_area=\u00a0\u00bbpost_content\u00a0\u00bb][et_pb_row make_equal=\u00a0\u00bbon\u00a0\u00bb _builder_version=\u00a0\u00bb4.27.4&Prime; _module_preset=\u00a0\u00bb_initial\u00a0\u00bb max_width=\u00a0\u00bb100%\u00a0\u00bb hover_enabled=\u00a0\u00bb0&Prime; global_colors_info=\u00a0\u00bb{}\u00a0\u00bb theme_builder_area=\u00a0\u00bbpost_content\u00a0\u00bb custom_margin=\u00a0\u00bb2vw||||false|false\u00a0\u00bb sticky_enabled=\u00a0\u00bb0&Prime;][et_pb_column type=\u00a0\u00bb4_4&Prime; _builder_version=\u00a0\u00bb4.16&Prime; _module_preset=\u00a0\u00bbdefault\u00a0\u00bb global_colors_info=\u00a0\u00bb{}\u00a0\u00bb theme_builder_area=\u00a0\u00bbpost_content\u00a0\u00bb][et_pb_text _builder_version=\u00a0\u00bb4.27.4&Prime; _module_preset=\u00a0\u00bb_initial\u00a0\u00bb text_font=\u00a0\u00bb&#8211;et_global_body_font||||||||\u00a0\u00bb text_text_color=\u00a0\u00bb#2E3856&Prime; text_font_size=\u00a0\u00bb18px\u00a0\u00bb header_text_color=\u00a0\u00bb#F47B20&Prime; header_2_font=\u00a0\u00bbABCWhyteInktrap-HEAVY|800|||||||\u00a0\u00bb header_2_text_color=\u00a0\u00bb#F15A29&Prime; header_2_font_size=\u00a0\u00bb60px\u00a0\u00bb transform_scale_tablet=\u00a0\u00bb\u00a0\u00bb transform_scale_phone=\u00a0\u00bb\u00a0\u00bb transform_scale_last_edited=\u00a0\u00bbon|desktop\u00a0\u00bb transform_translate_tablet=\u00a0\u00bb\u00a0\u00bb transform_translate_phone=\u00a0\u00bb\u00a0\u00bb transform_translate_last_edited=\u00a0\u00bbon|desktop\u00a0\u00bb transform_rotate_tablet=\u00a0\u00bb\u00a0\u00bb transform_rotate_phone=\u00a0\u00bb\u00a0\u00bb transform_rotate_last_edited=\u00a0\u00bbon|desktop\u00a0\u00bb transform_skew_tablet=\u00a0\u00bb\u00a0\u00bb transform_skew_phone=\u00a0\u00bb\u00a0\u00bb transform_skew_last_edited=\u00a0\u00bbon|desktop\u00a0\u00bb transform_origin_tablet=\u00a0\u00bb\u00a0\u00bb transform_origin_phone=\u00a0\u00bb\u00a0\u00bb transform_origin_last_edited=\u00a0\u00bbon|desktop\u00a0\u00bb header_2_font_size_tablet=\u00a0\u00bb40px\u00a0\u00bb header_2_font_size_phone=\u00a0\u00bb24px\u00a0\u00bb global_colors_info=\u00a0\u00bb{}\u00a0\u00bb theme_builder_area=\u00a0\u00bbpost_content\u00a0\u00bb]L&rsquo;Alliance Ipas Afrique envisage des syst\u00e8mes de sant\u00e9 solides, inclusifs et r\u00e9silients qui garantissent et int\u00e8grent la couverture, l&rsquo;acc\u00e8s et l&rsquo;utilisation de services de sant\u00e9 et de droits sexuels et reproductifs (SRHR) de qualit\u00e9 et centr\u00e9s sur la personne dans le cadre de la couverture sanitaire universelle.[\/et_pb_text][et_pb_tabs active_tab_background_color=\u00a0\u00bb#F9ED7D\u00a0\u00bb inactive_tab_background_color=\u00a0\u00bb#F15A29&Prime; active_tab_text_color=\u00a0\u00bb#2E3856&Prime; _builder_version=\u00a0\u00bb4.27.2&Prime; _module_preset=\u00a0\u00bbdefault\u00a0\u00bb tab_text_color=\u00a0\u00bb#FFFFFF\u00a0\u00bb body_font=\u00a0\u00bb&#8211;et_global_body_font||||||||\u00a0\u00bb tab_font_size=\u00a0\u00bb14px\u00a0\u00bb global_colors_info=\u00a0\u00bb{}\u00a0\u00bb theme_builder_area=\u00a0\u00bbpost_content\u00a0\u00bb][et_pb_tab title=\u00a0\u00bbLeadership et gouvernance\u00a0\u00bb _builder_version=\u00a0\u00bb4.27.0&Prime; _module_preset=\u00a0\u00bbdefault\u00a0\u00bb global_colors_info=\u00a0\u00bb{}\u00a0\u00bb theme_builder_area=\u00a0\u00bbpost_content\u00a0\u00bb]<\/p>\n<p>Au niveau des d\u00e9partements de sant\u00e9 nationaux et des comt\u00e9s\/districts, nous nous concentrons sur la conduite de dialogues sur l&rsquo;\u00e9cosyst\u00e8me de l&rsquo;avortement durable aux niveaux national et r\u00e9gional. Nous jouons un r\u00f4le cl\u00e9 dans l&rsquo;\u00e9laboration, l&rsquo;examen et la diffusion de politiques et de lignes directrices cruciales, telles que les normes et lignes directrices nationales kenyanes en mati\u00e8re de soins post-avortement (SAA) et leur plan de mise en \u0153uvre chiffr\u00e9. Nos efforts comprennent l&rsquo;examen des politiques nationales du Kenya en mati\u00e8re de sant\u00e9 sexuelle et reproductive des adolescents (SSRA) et de sant\u00e9 reproductive (SR), ainsi que les normes et lignes directrices nationales sur les soins apr\u00e8s avortement au Kenya et en Ouganda (maintenant retir\u00e9es). En outre, nous diffusons la politique, les normes et les lignes directrices de la Tanzanie en mati\u00e8re de SAA dans deux r\u00e9gions et \u00e0 Zanzibar. Pour garantir l&rsquo;appropriation par le gouvernement, nous assurons une supervision r\u00e9guli\u00e8re des services de soins complets en mati\u00e8re d&rsquo;avortement.    <\/p>\n<p>[\/et_pb_tab][et_pb_tab title=\u00a0\u00bbPrestation de services  \u00a0\u00bb _builder_version=\u00a0\u00bb4.26.0&Prime; _module_preset=\u00a0\u00bbdefault\u00a0\u00bb global_colors_info=\u00a0\u00bb{}\u00a0\u00bb theme_builder_area=\u00a0\u00bbpost_content\u00a0\u00bb]Les \u00e9valuations de base des installations nous aident \u00e0 identifier les besoins d&rsquo;assistance technique en mati\u00e8re de s\u00e9curit\u00e9, de confidentialit\u00e9 et de choix. Nous nous effor\u00e7ons notamment de moderniser et de r\u00e9nover les \u00e9tablissements de sant\u00e9 afin de garantir l&rsquo;intimit\u00e9 et le confort des clients, tout en soutenant les pratiques de pr\u00e9vention des infections. Nous assurons une supervision et un soutien sur place, en \u00e9quipant les \u00e9tablissements des fournitures et du mat\u00e9riel n\u00e9cessaires. En int\u00e9grant les services, nous visons \u00e0 atteindre un public plus large, en particulier les adolescents. Nous mettons en place et renfor\u00e7ons les \u00e9quipes d&rsquo;am\u00e9lioration de la qualit\u00e9 afin de soutenir les soins complets en mati\u00e8re d&rsquo;avortement dans les \u00e9tablissements de sant\u00e9. En outre, nous menons r\u00e9guli\u00e8rement des entretiens avec les clientes afin d&rsquo;\u00e9valuer les exp\u00e9riences en mati\u00e8re de prestation de services et d&rsquo;identifier les domaines \u00e0 am\u00e9liorer. [\/et_pb_tab][et_pb_tab title=\u00a0\u00bbFinancement\u00a0\u00bb _builder_version=\u00a0\u00bb4.26.0&Prime; _module_preset=\u00a0\u00bbdefault\u00a0\u00bb global_colors_info=\u00a0\u00bb{}\u00a0\u00bb theme_builder_area=\u00a0\u00bbpost_content\u00a0\u00bb]Nous collaborons \u00e9troitement avec les \u00e9quipes de gestion sanitaire des comt\u00e9s (CHMT) et les districts afin de budg\u00e9tiser et d&rsquo;allouer des ressources pour des soins complets en mati\u00e8re d&rsquo;avortement. Cela comprend une planification financi\u00e8re d\u00e9taill\u00e9e et l&rsquo;allocation de ressources pour garantir que les services d&rsquo;avortement sont financ\u00e9s de mani\u00e8re ad\u00e9quate et durable. Nous nous engageons \u00e9galement aupr\u00e8s des assembl\u00e9es de comt\u00e9 et d&rsquo;autres organes l\u00e9gislatifs pour plaider en faveur d&rsquo;une augmentation des ressources allou\u00e9es aux d\u00e9partements de la sant\u00e9. En soulignant l&rsquo;importance des soins complets en mati\u00e8re d&rsquo;avortement et leur impact sur la sant\u00e9 publique, nous visons \u00e0 obtenir le soutien et le financement n\u00e9cessaires. En outre, nous proposons des initiatives de formation et de renforcement des capacit\u00e9s aux CHMT afin qu&rsquo;ils puissent g\u00e9rer et utiliser efficacement les ressources allou\u00e9es. Notre travail garantit que les services de sant\u00e9 sont bien \u00e9quip\u00e9s pour offrir des services d&rsquo;avortement s\u00fbrs, confidentiels et accessibles, am\u00e9liorant ainsi la sant\u00e9 et le bien-\u00eatre des communaut\u00e9s qu&rsquo;ils desservent. [\/et_pb_tab][et_pb_tab title=\u00a0\u00bbPersonnel de sant\u00e9\u00a0\u00bb _builder_version=\u00a0\u00bb4.26.0&Prime; _module_preset=\u00a0\u00bbdefault\u00a0\u00bb global_colors_info=\u00a0\u00bb{}\u00a0\u00bb theme_builder_area=\u00a0\u00bbpost_content\u00a0\u00bb]En tant qu&rsquo;organisation, nous nous consacrons \u00e0 l&rsquo;am\u00e9lioration de la qualit\u00e9 des soins li\u00e9s \u00e0 l&rsquo;avortement en menant des exercices complets de clarification des valeurs et de transformation des attitudes (VCAT) pour l&rsquo;ensemble des sites, des prestataires et des parties prenantes. Ces exercices visent \u00e0 aborder et \u00e0 modifier les attitudes et les croyances concernant les soins li\u00e9s \u00e0 l&rsquo;avortement, en favorisant un environnement plus favorable et plus compr\u00e9hensif. Pour renforcer les capacit\u00e9s des prestataires de services, nous proposons des programmes de formation complets, un mentorat clinique et un accompagnement. Ces initiatives permettent aux prestataires d&rsquo;acqu\u00e9rir les comp\u00e9tences et les connaissances n\u00e9cessaires pour fournir des soins de haute qualit\u00e9. Une supervision r\u00e9guli\u00e8re permet de s&rsquo;assurer que les prestataires re\u00e7oivent des conseils et un soutien continus, ce qui les aide \u00e0 maintenir les meilleures pratiques et \u00e0 am\u00e9liorer la prestation de services. En outre, nous facilitons les \u00e9changes p\u00e9riodiques de partage d&rsquo;exp\u00e9rience entre les prestataires, cr\u00e9ant ainsi des opportunit\u00e9s d&rsquo;apprentissage et de collaboration. Ces \u00e9changes contribuent \u00e0 att\u00e9nuer l&rsquo;\u00e9puisement professionnel en permettant aux prestataires de partager les d\u00e9fis, les r\u00e9ussites et les strat\u00e9gies, ce qui am\u00e9liore en fin de compte la qualit\u00e9 globale des soins. [\/et_pb_tab][et_pb_tab title=\u00a0\u00bbProduits de base\u00a0\u00bb _builder_version=\u00a0\u00bb4.26.0&Prime; _module_preset=\u00a0\u00bbdefault\u00a0\u00bb global_colors_info=\u00a0\u00bb{}\u00a0\u00bb theme_builder_area=\u00a0\u00bbpost_content\u00a0\u00bb]Ipas Africa Alliance s&rsquo;engage \u00e0 veiller \u00e0 ce que les centres de sant\u00e9 soient bien \u00e9quip\u00e9s pour fournir des soins complets en mati\u00e8re d&rsquo;avortement en leur fournissant des m\u00e9dicaments pour l&rsquo;avortement m\u00e9dical (MA) et des kits d&rsquo;aspiration manuelle (MVA). Le renforcement de la cha\u00eene d&rsquo;approvisionnement en produits de sant\u00e9 reproductive et en contraceptifs est un \u00e9l\u00e9ment essentiel de nos efforts. Au Kenya, nous collaborons avec divers partenaires au niveau national pour veiller \u00e0 ce que les produits essentiels, tels que les kits d&rsquo;AMIU et le misoprostol, soient facilement disponibles \u00e0 la Kenya Medical Supplies Agency (KEMSA). En travaillant en \u00e9troite collaboration avec la KEMSA et d&rsquo;autres parties prenantes, nous visons \u00e0 maintenir un approvisionnement coh\u00e9rent et fiable de ces ressources essentielles. Cette collaboration garantit que les centres de sant\u00e9 disposent des outils n\u00e9cessaires pour offrir des services d&rsquo;avortement s\u00fbrs et efficaces, am\u00e9liorant ainsi l&rsquo;accessibilit\u00e9 et la qualit\u00e9 des soins de sant\u00e9 reproductive dans tout le pays. [\/et_pb_tab][et_pb_tab title=\u00a0\u00bbSyst\u00e8mes d&#039;information sur la sant\u00e9\u00a0\u00bb _builder_version=\u00a0\u00bb4.26.0&Prime; _module_preset=\u00a0\u00bbdefault\u00a0\u00bb global_colors_info=\u00a0\u00bb{}\u00a0\u00bb theme_builder_area=\u00a0\u00bbpost_content\u00a0\u00bb]L&rsquo;Alliance se consacre \u00e0 l&rsquo;am\u00e9lioration de l&rsquo;efficacit\u00e9 des \u00e9tablissements de sant\u00e9 par l&rsquo;impression et la distribution de registres essentiels. Ces registres sont essentiels \u00e0 la tenue de dossiers pr\u00e9cis et \u00e0 la gestion des informations relatives aux patients. Pour soutenir davantage cet effort, nous nous concentrons sur le renforcement de la communication des donn\u00e9es dans les syst\u00e8mes nationaux d&rsquo;information sur la gestion de la sant\u00e9 (HMIS). En am\u00e9liorant la qualit\u00e9 et la coh\u00e9rence de la communication des donn\u00e9es, nous nous assurons que des informations pr\u00e9cises et opportunes sont disponibles pour la prise de d\u00e9cision et la formulation des politiques.     <\/p>\n<p>En outre, nous soutenons des r\u00e9unions r\u00e9guli\u00e8res de contr\u00f4le et d&rsquo;examen des donn\u00e9es au niveau des \u00e9tablissements et des comt\u00e9s. Ces r\u00e9unions permettent aux prestataires de soins de sant\u00e9 et aux administrateurs d&rsquo;analyser les donn\u00e9es, d&rsquo;identifier les tendances et d&rsquo;aborder tous les probl\u00e8mes li\u00e9s \u00e0 la prestation de services. En encourageant une culture de l&rsquo;utilisation des donn\u00e9es, nous donnons aux \u00e9tablissements de sant\u00e9 les moyens de prendre des d\u00e9cisions \u00e9clair\u00e9es qui am\u00e9liorent la qualit\u00e9 des soins prodigu\u00e9s aux patients. Notre approche globale garantit que les \u00e9tablissements de sant\u00e9 sont bien \u00e9quip\u00e9s pour g\u00e9rer efficacement les donn\u00e9es, contribuant ainsi \u00e0 am\u00e9liorer les r\u00e9sultats en mati\u00e8re de sant\u00e9 au niveau communautaire et national. [\/et_pb_tab][\/et_pb_tabs][\/et_pb_column][\/et_pb_row][\/et_pb_section]<\/p>\n","protected":false},"excerpt":{"rendered":"<p>L&rsquo;Alliance Ipas Afrique envisage des syst\u00e8mes de sant\u00e9 solides, inclusifs et r\u00e9silients qui garantissent et int\u00e8grent la couverture, l&rsquo;acc\u00e8s et l&rsquo;utilisation de services de sant\u00e9 et de droits sexuels et reproductifs (SRHR) de qualit\u00e9 et centr\u00e9s sur la personne dans le cadre de la couverture sanitaire universelle.Au niveau des d\u00e9partements de sant\u00e9 nationaux et des comt\u00e9s\/districts, nous nous concentrons sur la conduite de dialogues sur l&rsquo;\u00e9cosyst\u00e8me de l&rsquo;avortement durable aux niveaux national et r\u00e9gional. Nous jouons un r\u00f4le cl\u00e9 dans l&rsquo;\u00e9laboration, l&rsquo;examen et la diffusion de politiques et de lignes directrices cruciales, telles que les normes et lignes directrices nationales kenyanes en mati\u00e8re de soins post-avortement (SAA) et leur plan de mise en \u0153uvre chiffr\u00e9. Nos efforts comprennent l&rsquo;examen des politiques nationales du Kenya en mati\u00e8re de sant\u00e9 sexuelle et reproductive des adolescents (SSRA) et de sant\u00e9 reproductive (SR), ainsi que les normes et lignes directrices nationales sur les soins apr\u00e8s avortement au Kenya et en Ouganda (maintenant retir\u00e9es). En outre, nous diffusons la politique, les normes et les lignes directrices de la Tanzanie en mati\u00e8re de SAA dans deux r\u00e9gions et \u00e0 Zanzibar. Pour garantir l&rsquo;appropriation par le gouvernement, nous assurons une supervision r\u00e9guli\u00e8re des services de soins complets [&hellip;]<\/p>\n","protected":false},"author":2,"featured_media":0,"parent":1926,"menu_order":0,"comment_status":"closed","ping_status":"closed","template":"","meta":{"_et_pb_use_builder":"on","_et_pb_old_content":"","_et_gb_content_width":"","inline_featured_image":false,"footnotes":""},"class_list":["post-2071","page","type-page","status-publish","hentry"],"_links":{"self":[{"href":"https:\/\/africaalliance.ipas.org\/fr\/wp-json\/wp\/v2\/pages\/2071","targetHints":{"allow":["GET"]}}],"collection":[{"href":"https:\/\/africaalliance.ipas.org\/fr\/wp-json\/wp\/v2\/pages"}],"about":[{"href":"https:\/\/africaalliance.ipas.org\/fr\/wp-json\/wp\/v2\/types\/page"}],"author":[{"embeddable":true,"href":"https:\/\/africaalliance.ipas.org\/fr\/wp-json\/wp\/v2\/users\/2"}],"replies":[{"embeddable":true,"href":"https:\/\/africaalliance.ipas.org\/fr\/wp-json\/wp\/v2\/comments?post=2071"}],"version-history":[{"count":0,"href":"https:\/\/africaalliance.ipas.org\/fr\/wp-json\/wp\/v2\/pages\/2071\/revisions"}],"up":[{"embeddable":true,"href":"https:\/\/africaalliance.ipas.org\/fr\/wp-json\/wp\/v2\/pages\/1926"}],"wp:attachment":[{"href":"https:\/\/africaalliance.ipas.org\/fr\/wp-json\/wp\/v2\/media?parent=2071"}],"curies":[{"name":"wp","href":"https:\/\/api.w.org\/{rel}","templated":true}]}}