{"id":2067,"date":"2025-03-11T14:04:20","date_gmt":"2025-03-11T14:04:20","guid":{"rendered":"https:\/\/africaalliance.ipas.org\/ce-que-nous-faisons\/engagement-communautaire\/"},"modified":"2025-03-11T14:06:06","modified_gmt":"2025-03-11T14:06:06","slug":"engagement-communautaire","status":"publish","type":"page","link":"https:\/\/africaalliance.ipas.org\/fr\/ce-que-nous-faisons\/engagement-communautaire\/","title":{"rendered":"Engagement communautaire"},"content":{"rendered":"<p>[et_pb_section fb_built=\u00a0\u00bb1&Prime; _builder_version=\u00a0\u00bb4.27.4&Prime; _module_preset=\u00a0\u00bbc8ce0128-8f16-4b45-906e-dcf2caf448f9&Prime; background_enable_color=\u00a0\u00bboff\u00a0\u00bb background_image=\u00a0\u00bbhttps:\/\/africaalliance.ipas.org\/wp-content\/uploads\/2024\/07\/community-awareness.jpg\u00a0\u00bb background_position=\u00a0\u00bbtop_center\u00a0\u00bb width=\u00a0\u00bb100%\u00a0\u00bb max_width=\u00a0\u00bb100%\u00a0\u00bb module_alignment=\u00a0\u00bbcenter\u00a0\u00bb min_height=\u00a0\u00bb30vw\u00a0\u00bb custom_margin=\u00a0\u00bb|0px|0vw|0px|false|false\u00a0\u00bb custom_padding=\u00a0\u00bb0px|0px|0vw|0px|false|false\u00a0\u00bb locked=\u00a0\u00bboff\u00a0\u00bb global_colors_info=\u00a0\u00bb{}\u00a0\u00bb][et_pb_row _builder_version=\u00a0\u00bb4.27.4&Prime; _module_preset=\u00a0\u00bb8933fe09-e060-40d7-8a99-388c57b68455&Prime; width=\u00a0\u00bb100%\u00a0\u00bb module_alignment=\u00a0\u00bbcenter\u00a0\u00bb custom_margin=\u00a0\u00bb||||false|false\u00a0\u00bb global_colors_info=\u00a0\u00bb{}\u00a0\u00bb][et_pb_column type=\u00a0\u00bb4_4&Prime; _builder_version=\u00a0\u00bb4.16&Prime; _module_preset=\u00a0\u00bbdefault\u00a0\u00bb global_colors_info=\u00a0\u00bb{}\u00a0\u00bb][\/et_pb_column][\/et_pb_row][\/et_pb_section][et_pb_section fb_built=\u00a0\u00bb1&Prime; module_id=\u00a0\u00bbcommunaut\u00e9\u00a0\u00bb _builder_version=\u00a0\u00bb4.27.0&Prime; _module_preset=\u00a0\u00bbdefault\u00a0\u00bb background_color=\u00a0\u00bbrgba(249,237,125,0.2)\u00a0\u00bb background_enable_image=\u00a0\u00bboff\u00a0\u00bb background_size=\u00a0\u00bbinitial\u00a0\u00bb background_repeat=\u00a0\u00bbrepeat\u00a0\u00bb module_alignment=\u00a0\u00bbcenter\u00a0\u00bb custom_margin_tablet=\u00a0\u00bb0px||0px||false|false\u00a0\u00bb custom_margin_phone=\u00a0\u00bb0px||0px||false|false\u00a0\u00bb custom_margin_last_edited=\u00a0\u00bbon|phone\u00a0\u00bb custom_padding=\u00a0\u00bb0px|11px|0px||false|false\u00a0\u00bb global_colors_info=\u00a0\u00bb{}\u00a0\u00bb][et_pb_row column_structure=\u00a0\u00bb1_2,1_2&Prime; use_custom_gutter=\u00a0\u00bbon\u00a0\u00bb gutter_width=\u00a0\u00bb2&Prime; _builder_version=\u00a0\u00bb4.27.4&Prime; _module_preset=\u00a0\u00bb_initial\u00a0\u00bb max_width=\u00a0\u00bb100%\u00a0\u00bb custom_padding=\u00a0\u00bb4vw||||false|false\u00a0\u00bb global_colors_info=\u00a0\u00bb{}\u00a0\u00bb][et_pb_column type=\u00a0\u00bb1_2&Prime; _builder_version=\u00a0\u00bb4.16&Prime; _module_preset=\u00a0\u00bbdefault\u00a0\u00bb global_colors_info=\u00a0\u00bb{}\u00a0\u00bb][et_pb_text _builder_version=\u00a0\u00bb4.27.2&Prime; _module_preset=\u00a0\u00bb_initial\u00a0\u00bb text_font=\u00a0\u00bb&#8211;et_global_body_font||||||||\u00a0\u00bb text_text_color=\u00a0\u00bb#2E3856&Prime; text_font_size=\u00a0\u00bb18px\u00a0\u00bb header_text_color=\u00a0\u00bb#F47B20&Prime; header_2_font=\u00a0\u00bbABCWhyteInktrap-HEAVY|800|||||||\u00a0\u00bb header_2_text_color=\u00a0\u00bb#F15A29&Prime; header_2_font_size=\u00a0\u00bb60px\u00a0\u00bb transform_scale_tablet=\u00a0\u00bb\u00a0\u00bb transform_scale_phone=\u00a0\u00bb\u00a0\u00bb transform_scale_last_edited=\u00a0\u00bbon|desktop\u00a0\u00bb transform_translate_tablet=\u00a0\u00bb\u00a0\u00bb transform_translate_phone=\u00a0\u00bb\u00a0\u00bb transform_translate_last_edited=\u00a0\u00bbon|desktop\u00a0\u00bb transform_rotate_tablet=\u00a0\u00bb\u00a0\u00bb transform_rotate_phone=\u00a0\u00bb\u00a0\u00bb transform_rotate_last_edited=\u00a0\u00bbon|desktop\u00a0\u00bb transform_skew_tablet=\u00a0\u00bb\u00a0\u00bb transform_skew_phone=\u00a0\u00bb\u00a0\u00bb transform_skew_last_edited=\u00a0\u00bbon|desktop\u00a0\u00bb transform_origin_tablet=\u00a0\u00bb\u00a0\u00bb transform_origin_phone=\u00a0\u00bb\u00a0\u00bb transform_origin_last_edited=\u00a0\u00bbon|desktop\u00a0\u00bb transform_styles_last_edited=\u00a0\u00bbon|desktop\u00a0\u00bb text_font_size_phone=\u00a0\u00bb18px\u00a0\u00bb header_2_font_size_tablet=\u00a0\u00bb40px\u00a0\u00bb header_2_font_size_phone=\u00a0\u00bb24px\u00a0\u00bb transform_styles_tablet=\u00a0\u00bb\u00a0\u00bb transform_styles_phone=\u00a0\u00bb\u00a0\u00bb global_colors_info=\u00a0\u00bb{}\u00a0\u00bb]<\/p>\n<p>Nous visons \u00e0 renforcer les liens entre l&rsquo;engagement communautaire et le plaidoyer politique, en encourageant un soutien solide \u00e0 une vari\u00e9t\u00e9 de mouvements qui sont non seulement inform\u00e9s mais aussi mobilis\u00e9s pour l&rsquo;avancement de l&rsquo;acc\u00e8s et des droits en mati\u00e8re de sant\u00e9 sexuelle et reproductive (SSR). Cela implique de doter les acteurs communautaires des outils et des connaissances n\u00e9cessaires pour diffuser efficacement les informations et les ressources sp\u00e9cifiques \u00e0 la sant\u00e9 sexuelle et reproductive. Ce faisant, nous facilitons les processus qui garantissent la pr\u00e9sence durable des connaissances en mati\u00e8re de sant\u00e9 sexuelle et reproductive au sein des communaut\u00e9s, y compris des informations vitales sur les soins auto-administr\u00e9s en cas d&rsquo;avortement.  <\/p>\n<p>En outre, nous donnons la priorit\u00e9 au renforcement de la capacit\u00e9 des acteurs communautaires \u00e0 int\u00e9grer des strat\u00e9gies durables, centr\u00e9es sur l&rsquo;utilisateur, sensibles au genre et fond\u00e9es sur les droits dans leurs efforts visant \u00e0 renforcer le soutien social en faveur de la sant\u00e9 sexuelle et reproductive. Gr\u00e2ce \u00e0 cette approche, nous nous effor\u00e7ons de cr\u00e9er un environnement favorable qui respecte et d\u00e9fend les droits des individus en mati\u00e8re de sant\u00e9 sexuelle et g\u00e9n\u00e9sique. <\/p>\n<p>[\/et_pb_text][\/et_pb_column][et_pb_column type=\u00a0\u00bb1_2&Prime; _builder_version=\u00a0\u00bb4.27.0&Prime; _module_preset=\u00a0\u00bbdefault\u00a0\u00bb background_enable_image=\u00a0\u00bboff\u00a0\u00bb background_size=\u00a0\u00bbcontain\u00a0\u00bb global_colors_info=\u00a0\u00bb{}\u00a0\u00bb][et_pb_image src=\u00a0\u00bbhttps:\/\/africaalliance.ipas.org\/wp-content\/uploads\/2024\/07\/community2-scaled.jpg\u00a0\u00bb alt=\u00a0\u00bbUn groupe de membres de la communaut\u00e9\u00a0\u00bb title_text=\u00a0\u00bbcommunaut\u00e92&Prime; _builder_version=\u00a0\u00bb4.27.0&Prime; _module_preset=\u00a0\u00bbdefault\u00a0\u00bb global_colors_info=\u00a0\u00bb{}\u00a0\u00bb][\/et_pb_image][\/et_pb_column][\/et_pb_row][et_pb_row make_equal=\u00a0\u00bbon\u00a0\u00bb _builder_version=\u00a0\u00bb4.27.0&Prime; _module_preset=\u00a0\u00bb_initial\u00a0\u00bb max_width=\u00a0\u00bb100%\u00a0\u00bb custom_margin=\u00a0\u00bb0px||||false|false\u00a0\u00bb custom_padding=\u00a0\u00bb0px||||false|false\u00a0\u00bb global_colors_info=\u00a0\u00bb{}\u00a0\u00bb][et_pb_column type=\u00a0\u00bb4_4&Prime; _builder_version=\u00a0\u00bb4.16&Prime; _module_preset=\u00a0\u00bbdefault\u00a0\u00bb global_colors_info=\u00a0\u00bb{}\u00a0\u00bb][et_pb_text _builder_version=\u00a0\u00bb4.27.2&Prime; _module_preset=\u00a0\u00bbdefault\u00a0\u00bb text_font=\u00a0\u00bb&#8211;et_global_body_font||||||||\u00a0\u00bb text_text_color=\u00a0\u00bb#2E3856&Prime; text_font_size=\u00a0\u00bb18px\u00a0\u00bb header_text_color=\u00a0\u00bb#F47B20&Prime; header_2_font=\u00a0\u00bbABCWhyteInktrap Heavy|800|||||||\u00a0\u00bb header_2_text_color=\u00a0\u00bb#F15A29&Prime; header_2_font_size=\u00a0\u00bb40px\u00a0\u00bb text_font_size_phone=\u00a0\u00bb18px\u00a0\u00bb header_2_font_size_tablet=\u00a0\u00bb40px\u00a0\u00bb header_2_font_size_phone=\u00a0\u00bb2rem\u00a0\u00bb global_colors_info=\u00a0\u00bb{}\u00a0\u00bb]<\/p>\n<p>  En outre, nous collaborons \u00e9troitement avec un large \u00e9ventail de parties prenantes de la communaut\u00e9, en leur apportant le soutien n\u00e9cessaire pour int\u00e9grer des strat\u00e9gies de changement des normes sociales en mati\u00e8re de sant\u00e9 sexuelle et reproductive. En nous attaquant aux normes et aux perceptions soci\u00e9tales enracin\u00e9es, nous visons \u00e0 cr\u00e9er un environnement plus inclusif et plus favorable o\u00f9 les individus peuvent acc\u00e9der aux services et aux droits en mati\u00e8re de sant\u00e9 sexuelle et reproductive dont ils ont besoin sans \u00eatre confront\u00e9s \u00e0 la stigmatisation ou \u00e0 la discrimination. <\/p>\n<p>[\/et_pb_text][\/et_pb_column][\/et_pb_row][\/et_pb_section]<\/p>\n","protected":false},"excerpt":{"rendered":"<p>Nous visons \u00e0 renforcer les liens entre l&rsquo;engagement communautaire et le plaidoyer politique, en encourageant un soutien solide \u00e0 une vari\u00e9t\u00e9 de mouvements qui sont non seulement inform\u00e9s mais aussi mobilis\u00e9s pour l&rsquo;avancement de l&rsquo;acc\u00e8s et des droits en mati\u00e8re de sant\u00e9 sexuelle et reproductive (SSR). Cela implique de doter les acteurs communautaires des outils et des connaissances n\u00e9cessaires pour diffuser efficacement les informations et les ressources sp\u00e9cifiques \u00e0 la sant\u00e9 sexuelle et reproductive. Ce faisant, nous facilitons les processus qui garantissent la pr\u00e9sence durable des connaissances en mati\u00e8re de sant\u00e9 sexuelle et reproductive au sein des communaut\u00e9s, y compris des informations vitales sur les soins auto-administr\u00e9s en cas d&rsquo;avortement. En outre, nous donnons la priorit\u00e9 au renforcement de la capacit\u00e9 des acteurs communautaires \u00e0 int\u00e9grer des strat\u00e9gies durables, centr\u00e9es sur l&rsquo;utilisateur, sensibles au genre et fond\u00e9es sur les droits dans leurs efforts visant \u00e0 renforcer le soutien social en faveur de la sant\u00e9 sexuelle et reproductive. Gr\u00e2ce \u00e0 cette approche, nous nous effor\u00e7ons de cr\u00e9er un environnement favorable qui respecte et d\u00e9fend les droits des individus en mati\u00e8re de sant\u00e9 sexuelle et g\u00e9n\u00e9sique. En outre, nous collaborons \u00e9troitement avec un large \u00e9ventail de parties prenantes de la communaut\u00e9, en [&hellip;]<\/p>\n","protected":false},"author":2,"featured_media":0,"parent":1926,"menu_order":0,"comment_status":"closed","ping_status":"closed","template":"","meta":{"_et_pb_use_builder":"on","_et_pb_old_content":"","_et_gb_content_width":"","inline_featured_image":false,"footnotes":""},"class_list":["post-2067","page","type-page","status-publish","hentry"],"_links":{"self":[{"href":"https:\/\/africaalliance.ipas.org\/fr\/wp-json\/wp\/v2\/pages\/2067","targetHints":{"allow":["GET"]}}],"collection":[{"href":"https:\/\/africaalliance.ipas.org\/fr\/wp-json\/wp\/v2\/pages"}],"about":[{"href":"https:\/\/africaalliance.ipas.org\/fr\/wp-json\/wp\/v2\/types\/page"}],"author":[{"embeddable":true,"href":"https:\/\/africaalliance.ipas.org\/fr\/wp-json\/wp\/v2\/users\/2"}],"replies":[{"embeddable":true,"href":"https:\/\/africaalliance.ipas.org\/fr\/wp-json\/wp\/v2\/comments?post=2067"}],"version-history":[{"count":0,"href":"https:\/\/africaalliance.ipas.org\/fr\/wp-json\/wp\/v2\/pages\/2067\/revisions"}],"up":[{"embeddable":true,"href":"https:\/\/africaalliance.ipas.org\/fr\/wp-json\/wp\/v2\/pages\/1926"}],"wp:attachment":[{"href":"https:\/\/africaalliance.ipas.org\/fr\/wp-json\/wp\/v2\/media?parent=2067"}],"curies":[{"name":"wp","href":"https:\/\/api.w.org\/{rel}","templated":true}]}}