{"id":1919,"date":"2020-10-14T17:21:29","date_gmt":"2020-10-14T17:21:29","guid":{"rendered":"https:\/\/africaalliance.ipas.org\/actualites\/"},"modified":"2025-03-11T12:57:38","modified_gmt":"2025-03-11T12:57:38","slug":"actualites","status":"publish","type":"page","link":"https:\/\/africaalliance.ipas.org\/fr\/actualites\/","title":{"rendered":"Actualit\u00e9s"},"content":{"rendered":"<p>[et_pb_section fb_built=\u00a0\u00bb1&Prime; module_id=\u00a0\u00bbsyst\u00e8me de sant\u00e9\u00a0\u00bb _builder_version=\u00a0\u00bb4.21.0&Prime; background_enable_image=\u00a0\u00bboff\u00a0\u00bb global_colors_info=\u00a0\u00bb{}\u00a0\u00bb theme_builder_area=\u00a0\u00bbpost_content\u00a0\u00bb][et_pb_row _builder_version=\u00a0\u00bb4.16&Prime; global_colors_info=\u00a0\u00bb{}\u00a0\u00bb theme_builder_area=\u00a0\u00bbpost_content\u00a0\u00bb][et_pb_column type=\u00a0\u00bb4_4&Prime; _builder_version=\u00a0\u00bb4.16&Prime; global_colors_info=\u00a0\u00bb{}\u00a0\u00bb theme_builder_area=\u00a0\u00bbpost_content\u00a0\u00bb][et_pb_text _builder_version=\u00a0\u00bb4.21.0&Prime; header_text_color=\u00a0\u00bb#F47B20&Prime; header_2_text_color=\u00a0\u00bb#F15A29&Prime; header_2_font_size=\u00a0\u00bb24px\u00a0\u00bb global_colors_info=\u00a0\u00bb{}\u00a0\u00bb theme_builder_area=\u00a0\u00bbpost_content\u00a0\u00bb]<\/p>\n<h2><b>Bulletins d&rsquo;information<\/b><\/h2>\n<p>[\/et_pb_text][\/et_pb_column][\/et_pb_row][et_pb_row column_structure=\u00a0\u00bb1_3,1_3,1_3&Prime; _builder_version=\u00a0\u00bb4.21.0&Prime; _module_preset=\u00a0\u00bbdefault\u00a0\u00bb global_colors_info=\u00a0\u00bb{}\u00a0\u00bb theme_builder_area=\u00a0\u00bbpost_content\u00a0\u00bb][et_pb_column type=\u00a0\u00bb1_3&Prime; _builder_version=\u00a0\u00bb4.21.0&Prime; _module_preset=\u00a0\u00bbdefault\u00a0\u00bb global_colors_info=\u00a0\u00bb{}\u00a0\u00bb theme_builder_area=\u00a0\u00bbpost_content\u00a0\u00bb][et_pb_blurb title=\u00a0\u00bbBulletin d&#039;information trimestriel : Q1 2024&Prime; url=\u00a0\u00bbhttps:\/\/africaalliance.ipas.org\/wp-content\/uploads\/2024\/08\/Ipas-newsletterAA.pdf\u00a0\u00bb url_new_window=\u00a0\u00bbon\u00a0\u00bb image=\u00a0\u00bbhttps:\/\/africaalliance.ipas.org\/wp-content\/uploads\/2024\/08\/Ipas-newsletterAA-pdf.jpg\u00a0\u00bb alt=\u00a0\u00bbCouverture du bulletin d&#039;information<br \/>\n\u00a0\u00bb _builder_version=\u00a0\u00bb4.27.0&Prime; _module_preset=\u00a0\u00bbdefault\u00a0\u00bb link_option_url=\u00a0\u00bbhttps:\/\/africaalliance.ipas.org\/wp-content\/uploads\/2024\/08\/Ipas-newsletterAA.pdf\u00a0\u00bb link_option_url_new_window=\u00a0\u00bbon\u00a0\u00bb global_colors_info=\u00a0\u00bb{}\u00a0\u00bb theme_builder_area=\u00a0\u00bbpost_content\u00a0\u00bb][\/et_pb_blurb][\/et_pb_column][et_pb_column type=\u00a0\u00bb1_3&Prime; _builder_version=\u00a0\u00bb4.21.0&Prime; _module_preset=\u00a0\u00bbdefault\u00a0\u00bb global_colors_info=\u00a0\u00bb{}\u00a0\u00bb theme_builder_area=\u00a0\u00bbpost_content\u00a0\u00bb][\/et_pb_column][et_pb_column type=\u00a0\u00bb1_3&Prime; _builder_version=\u00a0\u00bb4.21.0&Prime; _module_preset=\u00a0\u00bbdefault\u00a0\u00bb global_colors_info=\u00a0\u00bb{}\u00a0\u00bb theme_builder_area=\u00a0\u00bbpost_content\u00a0\u00bb][\/et_pb_column][\/et_pb_row][\/et_pb_section][et_pb_section fb_built=\u00a0\u00bb1&Prime; module_id=\u00a0\u00bbdroits reproductifs\u00a0\u00bb _builder_version=\u00a0\u00bb4.21.0&Prime; background_enable_image=\u00a0\u00bboff\u00a0\u00bb global_colors_info=\u00a0\u00bb{}\u00a0\u00bb theme_builder_area=\u00a0\u00bbpost_content\u00a0\u00bb][et_pb_row _builder_version=\u00a0\u00bb4.16&Prime; global_colors_info=\u00a0\u00bb{}\u00a0\u00bb theme_builder_area=\u00a0\u00bbpost_content\u00a0\u00bb][et_pb_column type=\u00a0\u00bb4_4&Prime; _builder_version=\u00a0\u00bb4.16&Prime; global_colors_info=\u00a0\u00bb{}\u00a0\u00bb theme_builder_area=\u00a0\u00bbpost_content\u00a0\u00bb][et_pb_text _builder_version=\u00a0\u00bb4.26.1&Prime; header_text_color=\u00a0\u00bb#F47B20&Prime; header_2_text_color=\u00a0\u00bb#F15A29&Prime; header_2_font_size=\u00a0\u00bb24px\u00a0\u00bb global_colors_info=\u00a0\u00bb{}\u00a0\u00bb theme_builder_area=\u00a0\u00bbpost_content\u00a0\u00bb]<\/p>\n<h2><b>Actualit\u00e9s<\/b><b><\/b><\/h2>\n<p>[\/et_pb_text][\/et_pb_column][\/et_pb_row][et_pb_row column_structure=\u00a0\u00bb1_3,1_3,1_3&Prime; _builder_version=\u00a0\u00bb4.21.0&Prime; _module_preset=\u00a0\u00bbdefault\u00a0\u00bb global_colors_info=\u00a0\u00bb{}\u00a0\u00bb theme_builder_area=\u00a0\u00bbpost_content\u00a0\u00bb][et_pb_column type=\u00a0\u00bb1_3&Prime; _builder_version=\u00a0\u00bb4.21.0&Prime; _module_preset=\u00a0\u00bbdefault\u00a0\u00bb global_colors_info=\u00a0\u00bb{}\u00a0\u00bb theme_builder_area=\u00a0\u00bbpost_content\u00a0\u00bb][et_pb_blurb title=\u00a0\u00bbUne initiative kenyane qui transforme la prestation des services d&#039;avortement m\u00e9dicalis\u00e9\u00a0\u00bb _builder_version=\u00a0\u00bb4.27.3&Prime; _module_preset=\u00a0\u00bbdefault\u00a0\u00bb header_level=\u00a0\u00bbh2&Prime; header_font_size=\u00a0\u00bb20px\u00a0\u00bb hover_enabled=\u00a0\u00bb0&Prime; global_colors_info=\u00a0\u00bb{}\u00a0\u00bb theme_builder_area=\u00a0\u00bbpost_content\u00a0\u00bb sticky_enabled=\u00a0\u00bb0&Prime;]<\/p>\n<p>Au c\u0153ur du Kenya, du centre urbain anim\u00e9 de Kiambu aux paysages ruraux de Kakamega, une r\u00e9volution tranquille dans la fourniture de services d&rsquo;avortement m\u00e9dicalis\u00e9 (\u00e9galement connu sous le nom d&rsquo;avortement par pilules) est en train de se produire gr\u00e2ce au projet MASU (Medical Abortion Self Use &#8211; Auto-utilisation de l&rsquo;avortement m\u00e9dicalis\u00e9).<\/p>\n<p>[\/et_pb_blurb][et_pb_button button_url=\u00a0\u00bbhttps:\/\/www.ipas.org\/news\/medical-abortion-services-kenya\/\u00a0\u00bb url_new_window=\u00a0\u00bbon\u00a0\u00bb button_text=\u00a0\u00bbLire l&#039;histoire sur Ipas.org\u00a0\u00bb _builder_version=\u00a0\u00bb4.27.3&Prime; _module_preset=\u00a0\u00bb4c44732a-4e5e-4833-b685-8a0f162a1e3d\u00a0\u00bb hover_enabled=\u00a0\u00bb0&Prime; global_colors_info=\u00a0\u00bb{}\u00a0\u00bb theme_builder_area=\u00a0\u00bbpost_content\u00a0\u00bb sticky_enabled=\u00a0\u00bb0&Prime;][\/et_pb_button][\/et_pb_column][et_pb_column type=\u00a0\u00bb1_3&Prime; _builder_version=\u00a0\u00bb4.21.0&Prime; _module_preset=\u00a0\u00bbdefault\u00a0\u00bb global_colors_info=\u00a0\u00bb{}\u00a0\u00bb theme_builder_area=\u00a0\u00bbpost_content\u00a0\u00bb][et_pb_blurb title=\u00a0\u00bbRompre le cycle : Comment le planning familial peut r\u00e9duire les grossesses chez les adolescentes en Ouganda\u00a0\u00bb _builder_version=\u00a0\u00bb4.27.2&Prime; _module_preset=\u00a0\u00bbdefault\u00a0\u00bb header_level=\u00a0\u00bbh2&Prime; header_font_size=\u00a0\u00bb20px\u00a0\u00bb global_colors_info=\u00a0\u00bb{}\u00a0\u00bb theme_builder_area=\u00a0\u00bbpost_content\u00a0\u00bb]<\/p>\n<p>En Ouganda, comme dans de nombreux pays en d\u00e9veloppement d&rsquo;Afrique, la faible utilisation des contraceptifs modernes chez les jeunes a \u00e9t\u00e9 attribu\u00e9e \u00e0 divers facteurs.<\/p>\n<p>Il s&rsquo;agit notamment de l&rsquo;acc\u00e8s limit\u00e9 aux services de contraception, des perceptions n\u00e9gatives et des pr\u00e9occupations concernant les effets secondaires.<\/p>\n<p>[\/et_pb_blurb][et_pb_button button_url=\u00a0\u00bbhttps:\/\/nilepost.co.ug\/opinions\/219801\/breaking-the-cycle-how-family-planning-can-reduce-teenage-pregnancies-in-uganda\u00a0\u00bb url_new_window=\u00a0\u00bbon\u00a0\u00bb button_text=\u00a0\u00bbLire l&#039;article de Nile Post (en anglais)\u00a0\u00bb _builder_version=\u00a0\u00bb4.27.2&Prime; _module_preset=\u00a0\u00bb4c44732a-4e5e-4833-b685-8a0f162a1e3d\u00a0\u00bb global_colors_info=\u00a0\u00bb{}\u00a0\u00bb theme_builder_area=\u00a0\u00bbpost_content\u00a0\u00bb][\/et_pb_button][\/et_pb_column][et_pb_column type=\u00a0\u00bb1_3&Prime; _builder_version=\u00a0\u00bb4.21.0&Prime; _module_preset=\u00a0\u00bbdefault\u00a0\u00bb global_colors_info=\u00a0\u00bb{}\u00a0\u00bb theme_builder_area=\u00a0\u00bbpost_content\u00a0\u00bb][et_pb_blurb title=\u00a0\u00bbLa triple menace : les adolescentes de Homa Bay se battent pour leur avenir\u00a0\u00bb _builder_version=\u00a0\u00bb4.27.2&Prime; _module_preset=\u00a0\u00bbdefault\u00a0\u00bb header_level=\u00a0\u00bbh2&Prime; header_font_size=\u00a0\u00bb20px\u00a0\u00bb global_colors_info=\u00a0\u00bb{}\u00a0\u00bb theme_builder_area=\u00a0\u00bbpost_content\u00a0\u00bb]<\/p>\n<p>D\u00e9couvrez les taux alarmants de grossesses chez les adolescentes et de c\u00e9sariennes, ainsi que les infections par le VIH et la violence sexiste dans le comt\u00e9 de Homa Bay.<\/p>\n<p>[\/et_pb_blurb][et_pb_button button_url=\u00a0\u00bbhttps:\/\/nation.africa\/kenya\/news\/gender\/the-triple-threat-homa-bay-s-teenage-girls-fight-for-their-future-4694664&Prime; url_new_window=\u00a0\u00bbon\u00a0\u00bb button_text=\u00a0\u00bbLire l&#039;article de NATION\u00a0\u00bb _builder_version=\u00a0\u00bb4.27.2&Prime; _module_preset=\u00a0\u00bb4c44732a-4e5e-4833-b685-8a0f162a1e3d\u00a0\u00bb global_colors_info=\u00a0\u00bb{}\u00a0\u00bb theme_builder_area=\u00a0\u00bbpost_content\u00a0\u00bb][\/et_pb_button][\/et_pb_column][\/et_pb_row][et_pb_row column_structure=\u00a0\u00bb1_3,1_3,1_3&Prime; _builder_version=\u00a0\u00bb4.21.0&Prime; _module_preset=\u00a0\u00bbdefault\u00a0\u00bb global_colors_info=\u00a0\u00bb{}\u00a0\u00bb theme_builder_area=\u00a0\u00bbpost_content\u00a0\u00bb][et_pb_column type=\u00a0\u00bb1_3&Prime; _builder_version=\u00a0\u00bb4.21.0&Prime; _module_preset=\u00a0\u00bbdefault\u00a0\u00bb global_colors_info=\u00a0\u00bb{}\u00a0\u00bb theme_builder_area=\u00a0\u00bbpost_content\u00a0\u00bb][et_pb_blurb title=\u00a0\u00bbLa p\u00e9nurie de pr\u00e9servatifs frappe le comt\u00e9 de Homa Bay et menace la propagation du VIH\u00a0\u00bb _builder_version=\u00a0\u00bb4.27.2&Prime; _module_preset=\u00a0\u00bbdefault\u00a0\u00bb header_level=\u00a0\u00bbh2&Prime; header_font_size=\u00a0\u00bb20px\u00a0\u00bb global_colors_info=\u00a0\u00bb{}\u00a0\u00bb theme_builder_area=\u00a0\u00bbpost_content\u00a0\u00bb]<\/p>\n<p><span>Le comt\u00e9 de Homa Bay conna\u00eet une p\u00e9nurie de pr\u00e9servatifs alors que les organisations qui d\u00e9fendent les droits en mati\u00e8re de sant\u00e9 sexuelle et g\u00e9n\u00e9sique demandent instamment que des mesures soient prises rapidement pour enrayer la propagation des infections par le VIH.<\/span><\/p>\n<p>[\/et_pb_blurb][et_pb_button button_url=\u00a0\u00bbhttps:\/\/www.the-star.co.ke\/counties\/nyanza\/2024-08-12-condom-shortage-hits-homa-bay-county-threatens-hiv-spread\u00a0\u00bb url_new_window=\u00a0\u00bbon\u00a0\u00bb button_text=\u00a0\u00bbLisez l&#039;article du STAR\u00a0\u00bb _builder_version=\u00a0\u00bb4.27.2&Prime; _module_preset=\u00a0\u00bb4c44732a-4e5e-4833-b685-8a0f162a1e3d\u00a0\u00bb global_colors_info=\u00a0\u00bb{}\u00a0\u00bb theme_builder_area=\u00a0\u00bbpost_content\u00a0\u00bb][\/et_pb_button][\/et_pb_column][et_pb_column type=\u00a0\u00bb1_3&Prime; _builder_version=\u00a0\u00bb4.21.0&Prime; _module_preset=\u00a0\u00bbdefault\u00a0\u00bb global_colors_info=\u00a0\u00bb{}\u00a0\u00bb theme_builder_area=\u00a0\u00bbpost_content\u00a0\u00bb][et_pb_blurb title=\u00a0\u00bbEn premi\u00e8re ligne dans la lutte pour les droits des jeunes en mati\u00e8re de sant\u00e9 sexuelle et reproductive\u00a0\u00bb _builder_version=\u00a0\u00bb4.27.2&Prime; _module_preset=\u00a0\u00bbdefault\u00a0\u00bb header_level=\u00a0\u00bbh2&Prime; header_font_size=\u00a0\u00bb20px\u00a0\u00bb global_colors_info=\u00a0\u00bb{}\u00a0\u00bb theme_builder_area=\u00a0\u00bbpost_content\u00a0\u00bb]<\/p>\n<p>Alors que la g\u00e9n\u00e9ration Z se mobilise sur les m\u00e9dias sociaux pour r\u00e9clamer des r\u00e9formes au sein du gouvernement, un autre groupe de jeunes de Homa Bay utilise la m\u00eame plateforme pour d\u00e9fendre ses droits sexuels et reproductifs (DSSR).<\/p>\n<p>[\/et_pb_blurb][et_pb_button button_url=\u00a0\u00bbhttps:\/\/nation.africa\/kenya\/life-and-style\/mynetwork\/on-the-frontlines-of-the-fight-for-sexual-reproductive-health-rights-among-young-people&#8211;4725298&Prime; url_new_window=\u00a0\u00bbon\u00a0\u00bb button_text=\u00a0\u00bbLire l&#039;article de NATION\u00a0\u00bb _builder_version=\u00a0\u00bb4.27.2&Prime; _module_preset=\u00a0\u00bb4c44732a-4e5e-4833-b685-8a0f162a1e3d\u00a0\u00bb global_colors_info=\u00a0\u00bb{}\u00a0\u00bb theme_builder_area=\u00a0\u00bbpost_content\u00a0\u00bb][\/et_pb_button][\/et_pb_column][et_pb_column type=\u00a0\u00bb1_3&Prime; _builder_version=\u00a0\u00bb4.21.0&Prime; _module_preset=\u00a0\u00bbdefault\u00a0\u00bb global_colors_info=\u00a0\u00bb{}\u00a0\u00bb theme_builder_area=\u00a0\u00bbpost_content\u00a0\u00bb][et_pb_blurb title=\u00a0\u00bbLes croyances culturelles de longue date emp\u00eachent les femmes de Meru d&#039;acc\u00e9der aux postes de direction &#8211; rapport\u00a0\u00bb _builder_version=\u00a0\u00bb4.26.1&Prime; _module_preset=\u00a0\u00bbdefault\u00a0\u00bb header_level=\u00a0\u00bbh2&Prime; header_font_size=\u00a0\u00bb20px\u00a0\u00bb global_colors_info=\u00a0\u00bb{}\u00a0\u00bb theme_builder_area=\u00a0\u00bbpost_content\u00a0\u00bb]Selon le rapport, les femmes ont peu de connaissances et de moyens d&rsquo;action en ce qui concerne les possibilit\u00e9s qui leur sont offertes. Cela jette un doute sur la qualit\u00e9 et l&rsquo;efficacit\u00e9 de l&rsquo;\u00e9ducation des \u00e9lecteurs men\u00e9e dans le comt\u00e9.[\/et_pb_blurb][et_pb_button button_url=\u00a0\u00bbhttps:\/\/www.the-star.co.ke\/news\/realtime\/2024-05-09-long-held-cultural-beliefs-locking-meru-women-out-of-leadership-report\/\u00a0\u00bb url_new_window=\u00a0\u00bbon\u00a0\u00bb button_text=\u00a0\u00bbLire l&#039;article de THE STAR\u00a0\u00bb _builder_version=\u00a0\u00bb4.26.1&Prime; _module_preset=\u00a0\u00bb4c44732a-4e5e-4833-b685-8a0f162a1e3d\u00a0\u00bb global_colors_info=\u00a0\u00bb{}\u00a0\u00bb theme_builder_area=\u00a0\u00bbpost_content\u00a0\u00bb][\/et_pb_button][\/et_pb_column][\/et_pb_row][et_pb_row column_structure=\u00a0\u00bb1_3,1_3,1_3&Prime; _builder_version=\u00a0\u00bb4.21.0&Prime; _module_preset=\u00a0\u00bbdefault\u00a0\u00bb global_colors_info=\u00a0\u00bb{}\u00a0\u00bb theme_builder_area=\u00a0\u00bbpost_content\u00a0\u00bb][et_pb_column type=\u00a0\u00bb1_3&Prime; _builder_version=\u00a0\u00bb4.21.0&Prime; _module_preset=\u00a0\u00bbdefault\u00a0\u00bb global_colors_info=\u00a0\u00bb{}\u00a0\u00bb theme_builder_area=\u00a0\u00bbpost_content\u00a0\u00bb][et_pb_blurb title=\u00a0\u00bbLe gouvernement va appliquer l&#039;interdiction des accoucheuses traditionnelles\u00a0\u00bb _builder_version=\u00a0\u00bb4.26.1&Prime; _module_preset=\u00a0\u00bbdefault\u00a0\u00bb header_level=\u00a0\u00bbh2&Prime; header_font_size=\u00a0\u00bb20px\u00a0\u00bb global_colors_info=\u00a0\u00bb{}\u00a0\u00bb theme_builder_area=\u00a0\u00bbpost_content\u00a0\u00bb]<\/p>\n<p>Le gouvernement a pris des mesures pour faire respecter l&rsquo;interdiction des services offerts par les accoucheuses traditionnelles dans tout le pays,<\/p>\n<p>[\/et_pb_blurb][et_pb_button button_url=\u00a0\u00bbhttps:\/\/www.monitor.co.ug\/uganda\/news\/national\/govt-to-enforce-ban-on-traditional-birth-attendants-4640808#\u00a0\u00bb url_new_window=\u00a0\u00bbon\u00a0\u00bb button_text=\u00a0\u00bbLire l&#039;article du MONITEUR\u00a0\u00bb _builder_version=\u00a0\u00bb4.26.1&Prime; _module_preset=\u00a0\u00bb4c44732a-4e5e-4833-b685-8a0f162a1e3d\u00a0\u00bb global_colors_info=\u00a0\u00bb{}\u00a0\u00bb theme_builder_area=\u00a0\u00bbpost_content\u00a0\u00bb][\/et_pb_button][\/et_pb_column][et_pb_column type=\u00a0\u00bb1_3&Prime; _builder_version=\u00a0\u00bb4.21.0&Prime; _module_preset=\u00a0\u00bbdefault\u00a0\u00bb global_colors_info=\u00a0\u00bb{}\u00a0\u00bb theme_builder_area=\u00a0\u00bbpost_content\u00a0\u00bb][et_pb_blurb title=\u00a0\u00bbL&#039;Ipas redouble d&#039;efforts pour lutter contre la triple menace dans le comt\u00e9 de Bungoma\u00a0\u00bb _builder_version=\u00a0\u00bb4.26.1&Prime; _module_preset=\u00a0\u00bbdefault\u00a0\u00bb header_level=\u00a0\u00bbh2&Prime; header_font_size=\u00a0\u00bb20px\u00a0\u00bb global_colors_info=\u00a0\u00bb{}\u00a0\u00bb theme_builder_area=\u00a0\u00bbpost_content\u00a0\u00bb]Apr\u00e8s avoir \u00e9t\u00e9 class\u00e9 parmi les comt\u00e9s les plus menac\u00e9s par la triple menace d&rsquo;une recrudescence de la violence sexiste, des grossesses chez les adolescentes et de l&rsquo;augmentation des cas d&rsquo;infection par le VIH, la lutte contre cette menace a re\u00e7u un coup de pouce gr\u00e2ce \u00e0 l&rsquo;intervention d&rsquo;Ipas, qui a fourni des fonds pour aider \u00e0 enrayer la situation.[\/et_pb_blurb][et_pb_button button_url=\u00a0\u00bbhttps:\/\/westfm.co.ke\/ipas-boosts-efforts-to-curb-triple-threat-in-bungoma-county\/\u00a0\u00bb url_new_window=\u00a0\u00bbon\u00a0\u00bb button_text=\u00a0\u00bbLire l&#039;histoire sur WestFM\u00a0\u00bb _builder_version=\u00a0\u00bb4.26.1&Prime; _module_preset=\u00a0\u00bb4c44732a-4e5e-4833-b685-8a0f162a1e3d\u00a0\u00bb global_colors_info=\u00a0\u00bb{}\u00a0\u00bb theme_builder_area=\u00a0\u00bbpost_content\u00a0\u00bb][\/et_pb_button][\/et_pb_column][et_pb_column type=\u00a0\u00bb1_3&Prime; _builder_version=\u00a0\u00bb4.21.0&Prime; _module_preset=\u00a0\u00bbdefault\u00a0\u00bb global_colors_info=\u00a0\u00bb{}\u00a0\u00bb theme_builder_area=\u00a0\u00bbpost_content\u00a0\u00bb][\/et_pb_column][\/et_pb_row][\/et_pb_section]<\/p>\n","protected":false},"excerpt":{"rendered":"<p>Bulletins d&rsquo;informationActualit\u00e9sAu c\u0153ur du Kenya, du centre urbain anim\u00e9 de Kiambu aux paysages ruraux de Kakamega, une r\u00e9volution tranquille dans la fourniture de services d&rsquo;avortement m\u00e9dicalis\u00e9 (\u00e9galement connu sous le nom d&rsquo;avortement par pilules) est en train de se produire gr\u00e2ce au projet MASU (Medical Abortion Self Use &#8211; Auto-utilisation de l&rsquo;avortement m\u00e9dicalis\u00e9).En Ouganda, comme dans de nombreux pays en d\u00e9veloppement d&rsquo;Afrique, la faible utilisation des contraceptifs modernes chez les jeunes a \u00e9t\u00e9 attribu\u00e9e \u00e0 divers facteurs. Il s&rsquo;agit notamment de l&rsquo;acc\u00e8s limit\u00e9 aux services de contraception, des perceptions n\u00e9gatives et des pr\u00e9occupations concernant les effets secondaires.D\u00e9couvrez les taux alarmants de grossesses chez les adolescentes et de c\u00e9sariennes, ainsi que les infections par le VIH et la violence sexiste dans le comt\u00e9 de Homa Bay.Le comt\u00e9 de Homa Bay conna\u00eet une p\u00e9nurie de pr\u00e9servatifs alors que les organisations qui d\u00e9fendent les droits en mati\u00e8re de sant\u00e9 sexuelle et g\u00e9n\u00e9sique demandent instamment que des mesures soient prises rapidement pour enrayer la propagation des infections par le VIH.Alors que la g\u00e9n\u00e9ration Z se mobilise sur les m\u00e9dias sociaux pour r\u00e9clamer des r\u00e9formes au sein du gouvernement, un autre groupe de jeunes de Homa Bay utilise la m\u00eame plateforme pour d\u00e9fendre ses droits [&hellip;]<\/p>\n","protected":false},"author":2,"featured_media":0,"parent":0,"menu_order":0,"comment_status":"closed","ping_status":"closed","template":"","meta":{"_et_pb_use_builder":"on","_et_pb_old_content":"","_et_gb_content_width":"","inline_featured_image":false,"footnotes":""},"class_list":["post-1919","page","type-page","status-publish","hentry"],"_links":{"self":[{"href":"https:\/\/africaalliance.ipas.org\/fr\/wp-json\/wp\/v2\/pages\/1919","targetHints":{"allow":["GET"]}}],"collection":[{"href":"https:\/\/africaalliance.ipas.org\/fr\/wp-json\/wp\/v2\/pages"}],"about":[{"href":"https:\/\/africaalliance.ipas.org\/fr\/wp-json\/wp\/v2\/types\/page"}],"author":[{"embeddable":true,"href":"https:\/\/africaalliance.ipas.org\/fr\/wp-json\/wp\/v2\/users\/2"}],"replies":[{"embeddable":true,"href":"https:\/\/africaalliance.ipas.org\/fr\/wp-json\/wp\/v2\/comments?post=1919"}],"version-history":[{"count":0,"href":"https:\/\/africaalliance.ipas.org\/fr\/wp-json\/wp\/v2\/pages\/1919\/revisions"}],"wp:attachment":[{"href":"https:\/\/africaalliance.ipas.org\/fr\/wp-json\/wp\/v2\/media?parent=1919"}],"curies":[{"name":"wp","href":"https:\/\/api.w.org\/{rel}","templated":true}]}}