{"id":1865,"date":"2022-04-09T20:59:08","date_gmt":"2022-04-09T20:59:08","guid":{"rendered":"https:\/\/africaalliance.ipas.org\/a-propos-de-nous\/"},"modified":"2025-03-11T20:37:27","modified_gmt":"2025-03-11T20:37:27","slug":"a-propos-de-nous","status":"publish","type":"page","link":"https:\/\/africaalliance.ipas.org\/fr\/a-propos-de-nous\/","title":{"rendered":"A propos de nous"},"content":{"rendered":"<p>[et_pb_section fb_built=\u00a0\u00bb1&Prime; _builder_version=\u00a0\u00bb4.21.0&Prime; background_enable_image=\u00a0\u00bboff\u00a0\u00bb custom_margin=\u00a0\u00bb0px||||false|false\u00a0\u00bb custom_padding=\u00a0\u00bb0px||0px||false|false\u00a0\u00bb global_colors_info=\u00a0\u00bb{}\u00a0\u00bb theme_builder_area=\u00a0\u00bbpost_content\u00a0\u00bb][et_pb_row _builder_version=\u00a0\u00bb4.16&Prime; global_colors_info=\u00a0\u00bb{}\u00a0\u00bb theme_builder_area=\u00a0\u00bbpost_content\u00a0\u00bb][et_pb_column type=\u00a0\u00bb4_4&Prime; _builder_version=\u00a0\u00bb4.16&Prime; global_colors_info=\u00a0\u00bb{}\u00a0\u00bb theme_builder_area=\u00a0\u00bbpost_content\u00a0\u00bb][et_pb_text _builder_version=\u00a0\u00bb4.27.4&Prime; header_text_color=\u00a0\u00bb#F47B20&Prime; header_2_text_color=\u00a0\u00bb#F15A29&Prime; header_2_font_size=\u00a0\u00bb30px\u00a0\u00bb hover_enabled=\u00a0\u00bb0&Prime; global_colors_info=\u00a0\u00bb{}\u00a0\u00bb theme_builder_area=\u00a0\u00bbpost_content\u00a0\u00bb header_2_font_size_tablet=\u00a0\u00bb24px\u00a0\u00bb sticky_enabled=\u00a0\u00bb0&Prime; header_2_font_size_last_edited=\u00a0\u00bbon|desktop\u00a0\u00bb header_2_font_size_phone=\u00a0\u00bb20px\u00a0\u00bb]<\/p>\n<h2>Ipas a \u00e9t\u00e9 fond\u00e9 en 1973 en Caroline du Nord, aux \u00c9tats-Unis, sous le nom d&rsquo;International Pregnancy Advisory Services (services consultatifs internationaux en mati\u00e8re de grossesse). Plus tard, cet acronyme a \u00e9t\u00e9 remplac\u00e9 par celui d&rsquo;Ipas, qui \u0153uvre \u00e0 l&rsquo;\u00e9chelle mondiale pour faire progresser la justice en mati\u00e8re de procr\u00e9ation en \u00e9largissant l&rsquo;acc\u00e8s \u00e0 l&rsquo;avortement et \u00e0 la contraception.<\/h2>\n<p>[\/et_pb_text][\/et_pb_column][\/et_pb_row][\/et_pb_section][et_pb_section fb_built=\u00a0\u00bb1&Prime; _builder_version=\u00a0\u00bb4.26.1&Prime; _module_preset=\u00a0\u00bbdefault\u00a0\u00bb custom_margin=\u00a0\u00bb0px||0px||false|false\u00a0\u00bb custom_padding=\u00a0\u00bb0px||0px||false|false\u00a0\u00bb global_colors_info=\u00a0\u00bb{}\u00a0\u00bb theme_builder_area=\u00a0\u00bbpost_content\u00a0\u00bb][et_pb_row _builder_version=\u00a0\u00bb4.26.1&Prime; _module_preset=\u00a0\u00bbdefault\u00a0\u00bb width=\u00a0\u00bb100%\u00a0\u00bb max_width=\u00a0\u00bb100%\u00a0\u00bb module_alignment=\u00a0\u00bbcenter\u00a0\u00bb global_colors_info=\u00a0\u00bb{}\u00a0\u00bb theme_builder_area=\u00a0\u00bbpost_content\u00a0\u00bb][et_pb_column type=\u00a0\u00bb4_4&Prime; _builder_version=\u00a0\u00bb4.26.1&Prime; _module_preset=\u00a0\u00bbdefault\u00a0\u00bb global_colors_info=\u00a0\u00bb{}\u00a0\u00bb theme_builder_area=\u00a0\u00bbpost_content\u00a0\u00bb][et_pb_image src=\u00a0\u00bbhttps:\/\/africaalliance.ipas.org\/wp-content\/uploads\/2024\/07\/About-Us-Image-1.jpg\u00a0\u00bb title_text=\u00a0\u00bb\u00c0 propos de nous Image 1&Prime; show_bottom_space=\u00a0\u00bboff\u00a0\u00bb _builder_version=\u00a0\u00bb4.26.1&Prime; _module_preset=\u00a0\u00bbdefault\u00a0\u00bb custom_margin=\u00a0\u00bb||0px||false|false\u00a0\u00bb custom_padding=\u00a0\u00bb||0px||false|false\u00a0\u00bb global_colors_info=\u00a0\u00bb{}\u00a0\u00bb theme_builder_area=\u00a0\u00bbpost_content\u00a0\u00bb][\/et_pb_image][\/et_pb_column][\/et_pb_row][\/et_pb_section][et_pb_section fb_built=\u00a0\u00bb1&Prime; _builder_version=\u00a0\u00bb4.27.0&Prime; background_color=\u00a0\u00bbrgba(46,56,86,0.2)\u00a0\u00bb global_colors_info=\u00a0\u00bb{}\u00a0\u00bb theme_builder_area=\u00a0\u00bbpost_content\u00a0\u00bb][et_pb_row column_structure=\u00a0\u00bb3_5,2_5&Prime; _builder_version=\u00a0\u00bb4.27.0&Prime; _module_preset=\u00a0\u00bbdefault\u00a0\u00bb custom_margin=\u00a0\u00bb0px||||false|false\u00a0\u00bb custom_padding=\u00a0\u00bb0px||||false|false\u00a0\u00bb global_colors_info=\u00a0\u00bb{}\u00a0\u00bb theme_builder_area=\u00a0\u00bbpost_content\u00a0\u00bb][et_pb_column type=\u00a0\u00bb3_5&Prime; _builder_version=\u00a0\u00bb4.21.0&Prime; _module_preset=\u00a0\u00bbdefault\u00a0\u00bb global_colors_info=\u00a0\u00bb{}\u00a0\u00bb theme_builder_area=\u00a0\u00bbpost_content\u00a0\u00bb][et_pb_text _builder_version=\u00a0\u00bb4.27.2&Prime; _module_preset=\u00a0\u00bbdefault\u00a0\u00bb header_2_font=\u00a0\u00bb&#8211;et_global_heading_font|800|||||||\u00a0\u00bb header_2_text_color=\u00a0\u00bb#2E3856&Prime; header_2_font_size=\u00a0\u00bb60px\u00a0\u00bb header_2_font_size_tablet=\u00a0\u00bb40px\u00a0\u00bb header_2_font_size_phone=\u00a0\u00bb24px\u00a0\u00bb global_colors_info=\u00a0\u00bb{}\u00a0\u00bb theme_builder_area=\u00a0\u00bbpost_content\u00a0\u00bb]<\/p>\n<h2>Notre approche<\/h2>\n<p>[\/et_pb_text][et_pb_text _builder_version=\u00a0\u00bb4.27.2&Prime; _module_preset=\u00a0\u00bbdefault\u00a0\u00bb text_font=\u00a0\u00bbABCWhyte-BOOK||||||||\u00a0\u00bb text_font_size=\u00a0\u00bb18px\u00a0\u00bb global_colors_info=\u00a0\u00bb{}\u00a0\u00bb theme_builder_area=\u00a0\u00bbpost_content\u00a0\u00bb]<\/p>\n<p>Lorsque ce travail a commenc\u00e9 au d\u00e9but de l&rsquo;ann\u00e9e 2000, peu d&rsquo;institutions et d&rsquo;acteurs r\u00e9gionaux accordaient une attention suffisante \u00e0 cette crise urgente de sant\u00e9 publique. Le changement progressif des politiques aux niveaux r\u00e9gional et national est le r\u00e9sultat de diverses strat\u00e9gies qui comprennent la documentation continue de l&rsquo;ampleur des avortements \u00e0 risque, l&rsquo;identification et le renforcement des capacit\u00e9s des d\u00e9fenseurs pour qu&rsquo;ils s&rsquo;expriment publiquement, et l&rsquo;engagement constant avec ces champions pour sensibiliser les d\u00e9cideurs politiques aux avortements \u00e0 risque. En outre, la cl\u00e9 du succ\u00e8s de notre travail politique r\u00e9gional a \u00e9t\u00e9 la participation \u00e0 des espaces d&rsquo;influence au sein de l&rsquo;Union africaine et \u00e0 travers les blocs \u00e9conomiques r\u00e9gionaux (CER) et l&rsquo;impact sur les n\u00e9gociations qui m\u00e8nent \u00e0 la prise de d\u00e9cision sur les droits des femmes et la sant\u00e9 publique.  <\/p>\n<p>[\/et_pb_text][\/et_pb_column][et_pb_column type=\u00a0\u00bb2_5&Prime; _builder_version=\u00a0\u00bb4.21.0&Prime; _module_preset=\u00a0\u00bbdefault\u00a0\u00bb global_colors_info=\u00a0\u00bb{}\u00a0\u00bb theme_builder_area=\u00a0\u00bbpost_content\u00a0\u00bb][et_pb_image src=\u00a0\u00bbhttps:\/\/africaalliance.ipas.org\/wp-content\/uploads\/2024\/09\/Ipas-sustainable-abortion-care-web.webp\u00a0\u00bb alt=\u00a0\u00bbJeune femme tenant une banni\u00e8re\u00a0\u00bb title_text=\u00a0\u00bbIpas-sustainable-abortion-care-web\u00a0\u00bb show_bottom_space=\u00a0\u00bboff\u00a0\u00bb _builder_version=\u00a0\u00bb4.27.0&Prime; _module_preset=\u00a0\u00bbdefault\u00a0\u00bb global_colors_info=\u00a0\u00bb{}\u00a0\u00bb theme_builder_area=\u00a0\u00bbpost_content\u00a0\u00bb][\/et_pb_image][\/et_pb_column][\/et_pb_row][et_pb_row _builder_version=\u00a0\u00bb4.27.0&Prime; _module_preset=\u00a0\u00bbdefault\u00a0\u00bb custom_margin=\u00a0\u00bb0px||||false|false\u00a0\u00bb custom_padding=\u00a0\u00bb0px||||false|false\u00a0\u00bb global_colors_info=\u00a0\u00bb{}\u00a0\u00bb theme_builder_area=\u00a0\u00bbpost_content\u00a0\u00bb][et_pb_column type=\u00a0\u00bb4_4&Prime; _builder_version=\u00a0\u00bb4.27.0&Prime; _module_preset=\u00a0\u00bbdefault\u00a0\u00bb global_colors_info=\u00a0\u00bb{}\u00a0\u00bb theme_builder_area=\u00a0\u00bbpost_content\u00a0\u00bb][et_pb_text _builder_version=\u00a0\u00bb4.27.0&Prime; _module_preset=\u00a0\u00bbdefault\u00a0\u00bb text_font=\u00a0\u00bbABCWhyte-BOOK||||||||\u00a0\u00bb text_font_size=\u00a0\u00bb18px\u00a0\u00bb global_colors_info=\u00a0\u00bb{}\u00a0\u00bb theme_builder_area=\u00a0\u00bbpost_content\u00a0\u00bb]<\/p>\n<p>Reconnaissant l&rsquo;intersectionnalit\u00e9 des droits sexuels et reproductifs, l&rsquo;Alliance pour l&rsquo;Afrique d&rsquo;Ipas en 2022 a \u00e9largi le virage de l&rsquo;organisation vers la justice reproductive. Cette mise \u00e0 jour refl\u00e8te les efforts continus d&rsquo;Ipas pour mettre le pouvoir entre les mains des personnes les plus proches de son travail : les femmes et les jeunes filles. Ipas reconna\u00eet qu&rsquo;il ne suffit pas d&rsquo;avoir droit \u00e0 des services de sant\u00e9 sexuelle et reproductive, y compris des contraceptifs et des avortements s\u00fbrs. En Afrique et dans le monde entier, des personnes sont confront\u00e9es \u00e0 des obstacles \u00e9conomiques, culturels, religieux et syst\u00e9miques qui les emp\u00eachent d&rsquo;exercer leurs droits. La justice reproductive est le droit humain \u00e0 l&rsquo;autonomie corporelle &#8211; le droit de contr\u00f4ler sa propre sexualit\u00e9, son propre genre, sa propre sant\u00e9 et sa propre reproduction, et de le faire en toute s\u00e9curit\u00e9 et avec dignit\u00e9. L&rsquo;\u00e9largissement \u00e0 la justice reproductive permet \u00e0 Ipas de travailler sur des questions de sant\u00e9 reproductive susceptibles d&rsquo;am\u00e9liorer l&rsquo;\u00e9cosyst\u00e8me de l&rsquo;acc\u00e8s aux contraceptifs et \u00e0 l&rsquo;avortement sans risque. Ces questions intersectorielles comprennent la justice en mati\u00e8re de genre, l&rsquo;\u00e9ducation sexuelle compl\u00e8te (CSE), la violence fond\u00e9e sur le genre (GBV) et des domaines \u00e9mergents tels que le changement climatique qui ont une incidence sur la sant\u00e9 sexuelle et reproductive.      <\/p>\n<p>[\/et_pb_text][\/et_pb_column][\/et_pb_row][\/et_pb_section][et_pb_section fb_built=\u00a0\u00bb1&Prime; _builder_version=\u00a0\u00bb4.27.0&Prime; _module_preset=\u00a0\u00bbdefault\u00a0\u00bb background_enable_color=\u00a0\u00bboff\u00a0\u00bb custom_padding=\u00a0\u00bb0px||0px||false|false\u00a0\u00bb global_colors_info=\u00a0\u00bb{}\u00a0\u00bb theme_builder_area=\u00a0\u00bbpost_content\u00a0\u00bb][et_pb_row _builder_version=\u00a0\u00bb4.24.3&Prime; _module_preset=\u00a0\u00bbdefault\u00a0\u00bb global_colors_info=\u00a0\u00bb{}\u00a0\u00bb theme_builder_area=\u00a0\u00bbpost_content\u00a0\u00bb][et_pb_column type=\u00a0\u00bb4_4&Prime; _builder_version=\u00a0\u00bb4.24.3&Prime; _module_preset=\u00a0\u00bbdefault\u00a0\u00bb global_colors_info=\u00a0\u00bb{}\u00a0\u00bb theme_builder_area=\u00a0\u00bbpost_content\u00a0\u00bb][et_pb_text _builder_version=\u00a0\u00bb4.27.4&Prime; _module_preset=\u00a0\u00bbdefault\u00a0\u00bb text_font=\u00a0\u00bb&#8211;et_global_body_font||||||||\u00a0\u00bb text_text_color=\u00a0\u00bb#000000&Prime; text_font_size=\u00a0\u00bb23px\u00a0\u00bb header_2_text_color=\u00a0\u00bb#F15A29&Prime; global_colors_info=\u00a0\u00bb{}\u00a0\u00bb theme_builder_area=\u00a0\u00bbpost_content\u00a0\u00bb]<\/p>\n<p>Au cours de la p\u00e9riode 2023 &#8211; 2028, Ipas Africa Alliance s&rsquo;efforcera de r\u00e9aliser sa strat\u00e9gie en faveur d&rsquo;un m\u00e9canisme durable de justice reproductive en Afrique en mettant en \u0153uvre trois r\u00e9sultats interm\u00e9diaires principaux :<\/p>\n<p>[\/et_pb_text][\/et_pb_column][\/et_pb_row][et_pb_row column_structure=\u00a0\u00bb1_3,1_3,1_3&Prime; make_equal=\u00a0\u00bbon\u00a0\u00bb _builder_version=\u00a0\u00bb4.27.4&Prime; _module_preset=\u00a0\u00bbdefault\u00a0\u00bb global_colors_info=\u00a0\u00bb{}\u00a0\u00bb theme_builder_area=\u00a0\u00bbpost_content\u00a0\u00bb][et_pb_column type=\u00a0\u00bb1_3&Prime; _builder_version=\u00a0\u00bb4.27.4&Prime; _dynamic_attributes=\u00a0\u00bblink_option_url\u00a0\u00bb _module_preset=\u00a0\u00bbdefault\u00a0\u00bb background_color=\u00a0\u00bb#F9ED7D\u00a0\u00bb link_option_url=\u00a0\u00bb@ET-DC@eyJkeW5hbWljIjp0cnVlLCJjb250ZW50IjoicG9zdF9saW5rX3VybF9wYWdlIiwic2V0dGluZ3MiOnsicG9zdF9pZCI6IjIwNzIifX0=@\u00a0\u00bb global_colors_info=\u00a0\u00bb{}\u00a0\u00bb transform_styles__hover_enabled=\u00a0\u00bbon|hover\u00a0\u00bb transform_scale__hover_enabled=\u00a0\u00bbon|hover\u00a0\u00bb transform_translate__hover_enabled=\u00a0\u00bbon|desktop\u00a0\u00bb transform_rotate__hover_enabled=\u00a0\u00bbon|desktop\u00a0\u00bb transform_skew__hover_enabled=\u00a0\u00bbon|desktop\u00a0\u00bb transform_origin__hover_enabled=\u00a0\u00bbon|desktop\u00a0\u00bb transform_translate__hover=\u00a0\u00bb5px|5px\u00a0\u00bb theme_builder_area=\u00a0\u00bbpost_content\u00a0\u00bb][et_pb_blurb title=\u00a0\u00bbAm\u00e9lioration du cadre juridique et du financement de la justice reproductive en Afrique\u00a0\u00bb image=\u00a0\u00bbhttps:\/\/africaalliance.ipas.org\/wp-content\/uploads\/2024\/07\/Strategy-Section-Improved-Legal-Framework.jpg\u00a0\u00bb alt=\u00a0\u00bbGroupe de personnes lors d&#039;une c\u00e9r\u00e9monie d&#039;inauguration.\u00a0\u00bb _builder_version=\u00a0\u00bb4.27.4&Prime; _module_preset=\u00a0\u00bb655602bf-0b89-4c05-b9a2-825b44f53f5d\u00a0\u00bb global_colors_info=\u00a0\u00bb{}\u00a0\u00bb theme_builder_area=\u00a0\u00bbpost_content\u00a0\u00bb][\/et_pb_blurb][\/et_pb_column][et_pb_column type=\u00a0\u00bb1_3&Prime; _builder_version=\u00a0\u00bb4.27.4&Prime; _dynamic_attributes=\u00a0\u00bblink_option_url\u00a0\u00bb _module_preset=\u00a0\u00bbdefault\u00a0\u00bb background_color=\u00a0\u00bb#F9ED7D\u00a0\u00bb link_option_url=\u00a0\u00bb@ET-DC@eyJkeW5hbWljIjp0cnVlLCJjb250ZW50IjoicG9zdF9saW5rX3VybF9wYWdlIiwic2V0dGluZ3MiOnsicG9zdF9pZCI6IjIwNjQifX0=@\u00a0\u00bb global_colors_info=\u00a0\u00bb{}\u00a0\u00bb transform_styles__hover_enabled=\u00a0\u00bbon|hover\u00a0\u00bb transform_scale__hover_enabled=\u00a0\u00bbon|desktop\u00a0\u00bb transform_translate__hover_enabled=\u00a0\u00bbon|hover\u00a0\u00bb transform_rotate__hover_enabled=\u00a0\u00bbon|desktop\u00a0\u00bb transform_skew__hover_enabled=\u00a0\u00bbon|desktop\u00a0\u00bb transform_origin__hover_enabled=\u00a0\u00bbon|desktop\u00a0\u00bb transform_translate__hover=\u00a0\u00bb5px|5px\u00a0\u00bb theme_builder_area=\u00a0\u00bbpost_content\u00a0\u00bb][et_pb_blurb title=\u00a0\u00bbRenforcement de l&#039;action et des normes sociales en faveur de la justice en mati\u00e8re de procr\u00e9ation en Afrique  \u00a0\u00bb image=\u00a0\u00bbhttps:\/\/africaalliance.ipas.org\/wp-content\/uploads\/2024\/07\/Strategy-Section-Enhanced-Agency-Social-Norms-scaled.jpg\u00a0\u00bb alt=\u00a0\u00bbFille \u00e9crivant sur du papier.\u00a0\u00bb _builder_version=\u00a0\u00bb4.27.2&Prime; _module_preset=\u00a0\u00bb655602bf-0b89-4c05-b9a2-825b44f53f5d\u00a0\u00bb global_colors_info=\u00a0\u00bb{}\u00a0\u00bb theme_builder_area=\u00a0\u00bbpost_content\u00a0\u00bb][\/et_pb_blurb][\/et_pb_column][et_pb_column type=\u00a0\u00bb1_3&Prime; _builder_version=\u00a0\u00bb4.27.4&Prime; _dynamic_attributes=\u00a0\u00bblink_option_url\u00a0\u00bb _module_preset=\u00a0\u00bbdefault\u00a0\u00bb background_color=\u00a0\u00bb#F9ED7D\u00a0\u00bb link_option_url=\u00a0\u00bb@ET-DC@eyJkeW5hbWljIjp0cnVlLCJjb250ZW50IjoicG9zdF9saW5rX3VybF9wYWdlIiwic2V0dGluZ3MiOnsicG9zdF9pZCI6IjIwNjgifX0=@\u00a0\u00bb global_colors_info=\u00a0\u00bb{}\u00a0\u00bb transform_styles__hover_enabled=\u00a0\u00bbon|hover\u00a0\u00bb transform_scale__hover_enabled=\u00a0\u00bbon|desktop\u00a0\u00bb transform_translate__hover_enabled=\u00a0\u00bbon|hover\u00a0\u00bb transform_rotate__hover_enabled=\u00a0\u00bbon|desktop\u00a0\u00bb transform_skew__hover_enabled=\u00a0\u00bbon|desktop\u00a0\u00bb transform_origin__hover_enabled=\u00a0\u00bbon|desktop\u00a0\u00bb transform_translate__hover=\u00a0\u00bb5px|5px\u00a0\u00bb theme_builder_area=\u00a0\u00bbpost_content\u00a0\u00bb][et_pb_blurb title=\u00a0\u00bbAm\u00e9lioration de l&#039;acc\u00e8s, de la disponibilit\u00e9, de la qualit\u00e9 et de l&#039;acceptabilit\u00e9 des SRHR en Afrique\u00a0\u00bb image=\u00a0\u00bbhttps:\/\/africaalliance.ipas.org\/wp-content\/uploads\/2024\/07\/Strategic-Section-Improved-AccessAvailability-and-Acceptability.jpg\u00a0\u00bb alt=\u00a0\u00bbDeux personnes discutent dans une clinique.\u00a0\u00bb _builder_version=\u00a0\u00bb4.27.2&Prime; _module_preset=\u00a0\u00bb655602bf-0b89-4c05-b9a2-825b44f53f5d\u00a0\u00bb global_colors_info=\u00a0\u00bb{}\u00a0\u00bb theme_builder_area=\u00a0\u00bbpost_content\u00a0\u00bb][\/et_pb_blurb][\/et_pb_column][\/et_pb_row][\/et_pb_section]<\/p>\n","protected":false},"excerpt":{"rendered":"<p>Ipas a \u00e9t\u00e9 fond\u00e9 en 1973 en Caroline du Nord, aux \u00c9tats-Unis, sous le nom d&rsquo;International Pregnancy Advisory Services (services consultatifs internationaux en mati\u00e8re de grossesse). Plus tard, cet acronyme a \u00e9t\u00e9 remplac\u00e9 par celui d&rsquo;Ipas, qui \u0153uvre \u00e0 l&rsquo;\u00e9chelle mondiale pour faire progresser la justice en mati\u00e8re de procr\u00e9ation en \u00e9largissant l&rsquo;acc\u00e8s \u00e0 l&rsquo;avortement et \u00e0 la contraception.Notre approcheLorsque ce travail a commenc\u00e9 au d\u00e9but de l&rsquo;ann\u00e9e 2000, peu d&rsquo;institutions et d&rsquo;acteurs r\u00e9gionaux accordaient une attention suffisante \u00e0 cette crise urgente de sant\u00e9 publique. Le changement progressif des politiques aux niveaux r\u00e9gional et national est le r\u00e9sultat de diverses strat\u00e9gies qui comprennent la documentation continue de l&rsquo;ampleur des avortements \u00e0 risque, l&rsquo;identification et le renforcement des capacit\u00e9s des d\u00e9fenseurs pour qu&rsquo;ils s&rsquo;expriment publiquement, et l&rsquo;engagement constant avec ces champions pour sensibiliser les d\u00e9cideurs politiques aux avortements \u00e0 risque. En outre, la cl\u00e9 du succ\u00e8s de notre travail politique r\u00e9gional a \u00e9t\u00e9 la participation \u00e0 des espaces d&rsquo;influence au sein de l&rsquo;Union africaine et \u00e0 travers les blocs \u00e9conomiques r\u00e9gionaux (CER) et l&rsquo;impact sur les n\u00e9gociations qui m\u00e8nent \u00e0 la prise de d\u00e9cision sur les droits des femmes et la sant\u00e9 publique. Reconnaissant l&rsquo;intersectionnalit\u00e9 des droits sexuels et reproductifs, l&rsquo;Alliance [&hellip;]<\/p>\n","protected":false},"author":2,"featured_media":0,"parent":0,"menu_order":0,"comment_status":"closed","ping_status":"closed","template":"","meta":{"_et_pb_use_builder":"on","_et_pb_old_content":"","_et_gb_content_width":"","inline_featured_image":false,"footnotes":""},"class_list":["post-1865","page","type-page","status-publish","hentry"],"_links":{"self":[{"href":"https:\/\/africaalliance.ipas.org\/fr\/wp-json\/wp\/v2\/pages\/1865","targetHints":{"allow":["GET"]}}],"collection":[{"href":"https:\/\/africaalliance.ipas.org\/fr\/wp-json\/wp\/v2\/pages"}],"about":[{"href":"https:\/\/africaalliance.ipas.org\/fr\/wp-json\/wp\/v2\/types\/page"}],"author":[{"embeddable":true,"href":"https:\/\/africaalliance.ipas.org\/fr\/wp-json\/wp\/v2\/users\/2"}],"replies":[{"embeddable":true,"href":"https:\/\/africaalliance.ipas.org\/fr\/wp-json\/wp\/v2\/comments?post=1865"}],"version-history":[{"count":0,"href":"https:\/\/africaalliance.ipas.org\/fr\/wp-json\/wp\/v2\/pages\/1865\/revisions"}],"wp:attachment":[{"href":"https:\/\/africaalliance.ipas.org\/fr\/wp-json\/wp\/v2\/media?parent=1865"}],"curies":[{"name":"wp","href":"https:\/\/api.w.org\/{rel}","templated":true}]}}